{"id":5307,"date":"2020-10-22T11:45:14","date_gmt":"2020-10-22T09:45:14","guid":{"rendered":"https:\/\/gedenkstaette-vaihingen.de\/block-test\/"},"modified":"2026-04-03T18:39:38","modified_gmt":"2026-04-03T16:39:38","slug":"block-test","status":"publish","type":"page","link":"https:\/\/gedenkstaette-vaihingen.de\/pl\/","title":{"rendered":"KZ-Gedenkst\u00e4tte Vaihingen\/Enz"},"content":{"rendered":"\n<div class=\"wp-block-group is-content-justification-right is-nowrap is-layout-flex wp-container-core-group-is-layout-17124a9a wp-block-group-is-layout-flex\">\n<figure class=\"wp-block-image size-full is-resized\"><img loading=\"lazy\" decoding=\"async\" width=\"652\" height=\"586\" src=\"https:\/\/gedenkstaette-vaihingen.de\/wp-content\/uploads\/2024\/05\/Logo_KZ_Gedenkstaette.png\" alt=\"\" class=\"wp-image-6605\" style=\"width:auto;height:125px\" srcset=\"https:\/\/gedenkstaette-vaihingen.de\/wp-content\/uploads\/2024\/05\/Logo_KZ_Gedenkstaette.png 652w, https:\/\/gedenkstaette-vaihingen.de\/wp-content\/uploads\/2024\/05\/Logo_KZ_Gedenkstaette-480x431.png 480w\" sizes=\"auto, (max-width: 652px) 100vw, 652px\" \/><\/figure>\n\n\n\n<figure class=\"wp-block-image alignright size-full is-resized\"><img loading=\"lazy\" decoding=\"async\" width=\"129\" height=\"117\" src=\"https:\/\/gedenkstaette-vaihingen.de\/wp-content\/uploads\/2022\/05\/cropped-logo.jpg\" alt=\"\" class=\"wp-image-2643\" style=\"width:138px;height:125px\"\/><\/figure>\n<\/div>\n\n<h2 class=\"wp-block-heading\">Herzlich willkommen auf der Website der KZ-Gedenkst\u00e4tte Vaihingen\/Enz!<br\/><br\/><\/h2>\n\n<h3 class=\"wp-block-heading\">Einladung zur Gedenkfeier am Sonntag, den 12. April 2026<\/h3>\n\n<p><strong>um 15 Uhr auf dem KZ-Ehrenfriedhof<\/strong><\/p>\n\n<div class=\"wp-block-columns is-layout-flex wp-container-core-columns-is-layout-28f84493 wp-block-columns-is-layout-flex\">\n<div class=\"wp-block-column is-layout-flow wp-block-column-is-layout-flow\" style=\"flex-basis:33.33%\">\n<figure class=\"wp-block-image size-full\"><img loading=\"lazy\" decoding=\"async\" width=\"640\" height=\"634\" src=\"https:\/\/gedenkstaette-vaihingen.de\/wp-content\/uploads\/2026\/04\/T4A5271.jpg\" alt=\"\" class=\"wp-image-8412\" srcset=\"https:\/\/gedenkstaette-vaihingen.de\/wp-content\/uploads\/2026\/04\/T4A5271.jpg 640w, https:\/\/gedenkstaette-vaihingen.de\/wp-content\/uploads\/2026\/04\/T4A5271-480x476.jpg 480w, https:\/\/gedenkstaette-vaihingen.de\/wp-content\/uploads\/2026\/04\/T4A5271-150x150.jpg 150w\" sizes=\"auto, (max-width: 640px) 100vw, 640px\" \/><\/figure>\n<\/div>\n\n\n\n<div class=\"wp-block-column is-layout-flow wp-block-column-is-layout-flow\" style=\"flex-basis:66.66%\">\n<p>Die KZ-Gedenkst\u00e4tte Vaihingen\/Enz e.V. l\u00e4dt die interessierte Bev\u00f6lkerung zur diesj\u00e4hrigen Gedenkfeier auf den KZ-Ehrenfriedhof <strong>am Sonntag, den 12. April 2026 um 15 Uhr ein<\/strong>. Thematischer Schwerpunkt ist die Befreiung des Lagers vor 81 Jahren. Dar\u00fcber hei\u00dft es: <br\/><br\/>&#8222;Am 2. April 1945 wurde das Lager Hals \u00fcber Kopf evakuiert. Zur\u00fcck blieben nur Kranke, die nicht gehf\u00e4hig waren. F\u00fcnf Tage sp\u00e4ter, am 7. April 1945, fiel einem vorausger\u00fcckten franz\u00f6sischen Minenr\u00e4umtrupp in der N\u00e4he von Kleinglattbach ein bestialischer Gestank auf. Kurz danach standen die Soldaten vor dem unbewachten KZ. Ihre Ankunft l\u00f6ste Freude aus: Aber sie selbst wie auch die Soldaten des am n\u00e4chsten Tag eintreffenden Bataillons waren \u00fcber die Zust\u00e4nde im KZ tief ersch\u00fcttert.&#8221;<br\/><br\/>Der Bl\u00e4serkreis umrahmt die Veranstaltung musikalisch. Wir freuen uns auf eine rege Teilnahme!<\/p>\n<\/div>\n<\/div>\n\n<p>zuletzt aktualisiert <strong>am 03.04.2026<\/strong> <\/p>\n\n<div class=\"wp-block-group alignwide is-layout-flow wp-block-group-is-layout-flow\">\n<h3 class=\"wp-block-heading\">Aktuelles<\/h3>\n<\/div>\n\n<div class=\"wp-block-query alignwide is-layout-flow wp-block-query-is-layout-flow\">\n\n<div class=\"wp-block-query-no-results\">\n\n<p><\/p>\n\n<\/div><\/div>\n\n<div class=\"wp-block-buttons alignwide is-layout-flex wp-block-buttons-is-layout-flex\">\n<div class=\"wp-block-button\"><a class=\"wp-block-button__link wp-element-button\" href=\"https:\/\/gedenkstaette-vaihingen.de\/aktuelles\/\">Alle Beitr\u00e4ge<\/a><\/div>\n<\/div>\n\n<div class=\"wp-block-cover alignfull\" style=\"min-height:575px;aspect-ratio:unset;\"><img loading=\"lazy\" decoding=\"async\" width=\"1160\" height=\"420\" class=\"wp-block-cover__image-background wp-image-2802\" alt=\"\" src=\"https:\/\/gedenkstaette-vaihingen.de\/wp-content\/uploads\/2022\/05\/1.jpg\" data-object-fit=\"cover\" srcset=\"https:\/\/gedenkstaette-vaihingen.de\/wp-content\/uploads\/2022\/05\/1.jpg 1160w, https:\/\/gedenkstaette-vaihingen.de\/wp-content\/uploads\/2022\/05\/1-480x174.jpg 480w, https:\/\/gedenkstaette-vaihingen.de\/wp-content\/uploads\/2022\/05\/1-768x278.jpg 768w\" sizes=\"auto, (max-width: 1160px) 100vw, 1160px\" \/><span aria-hidden=\"true\" class=\"wp-block-cover__background has-black-background-color has-background-dim-20 has-background-dim\"><\/span><div class=\"wp-block-cover__inner-container is-layout-flow wp-block-cover-is-layout-flow\">\n<p class=\"has-text-align-center has-white-color has-text-color has-large-font-size\"><mark style=\"background-color:rgba(0, 0, 0, 0)\" class=\"has-inline-color has-white-color\">Bei Fragen k\u00f6nnen Sie<br\/>sich bei uns melden<\/mark><\/p>\n\n\n\n<div class=\"wp-block-buttons is-horizontal is-content-justification-center is-layout-flex wp-container-core-buttons-is-layout-03627597 wp-block-buttons-is-layout-flex\">\n<div class=\"wp-block-button is-style-fill\"><a class=\"wp-block-button__link wp-element-button\" href=\"https:\/\/gedenkstaette-vaihingen.de\/kontakt\/\">Fragen?<\/a><\/div>\n<\/div>\n<\/div><\/div>\n\n<div class=\"wp-block-media-text alignwide has-media-on-the-right is-stacked-on-mobile is-image-fill-element\"><div class=\"wp-block-media-text__content\">\n<h3 class=\"wp-block-heading\">Die <strong>KZ-Gedenkst\u00e4tte Vaihingen\/Enz e.V.<\/strong><\/h3>\n\n\n\n<p class=\"has-large-font-size\">hat es sich zur Aufgabe gemacht, die Opfer zu ehren, gegen Vorurteile, Ignoranz, Radikalismus und Fanatismus zu arbeiten und die Kontakte zu \u00dcberlebenden und ihren Nachkommen aufrecht zu erhalten.<\/p>\n\n\n\n<p class=\"has-large-font-size\">In Gedenkfeiern und durch weitere Aktivit\u00e4ten versucht sie, die Ereignisse im Glattbachtal im Bewusstsein der \u00d6ffentlichkeit zu halten. Mit dieser Internetpr\u00e4senz informiert sie \u00fcber die Geschehnisse und leistet somit einen wichtigen Beitrag zur Aufarbeitung der Regionalgeschichte im Landkreis Ludwigsburg.<\/p>\n<\/div><figure class=\"wp-block-media-text__media\"><img loading=\"lazy\" decoding=\"async\" width=\"600\" height=\"400\" src=\"https:\/\/gedenkstaette-vaihingen.de\/wp-content\/uploads\/2022\/08\/Angebote2_Medieninstallation_LKZ_27.01.05-2.jpg\" alt=\"\" class=\"wp-image-4193 size-full\" style=\"object-position:50% 50%\" srcset=\"https:\/\/gedenkstaette-vaihingen.de\/wp-content\/uploads\/2022\/08\/Angebote2_Medieninstallation_LKZ_27.01.05-2.jpg 600w, https:\/\/gedenkstaette-vaihingen.de\/wp-content\/uploads\/2022\/08\/Angebote2_Medieninstallation_LKZ_27.01.05-2-480x320.jpg 480w\" sizes=\"auto, (max-width: 600px) 100vw, 600px\" \/><\/figure><\/div>\n\n<div class=\"wp-block-media-text alignwide is-stacked-on-mobile is-image-fill-element\"><figure class=\"wp-block-media-text__media\"><img loading=\"lazy\" decoding=\"async\" width=\"1200\" height=\"864\" src=\"https:\/\/gedenkstaette-vaihingen.de\/wp-content\/uploads\/2022\/05\/77-1200x864.jpg\" alt=\"\" class=\"wp-image-2878 size-full\" style=\"object-position:50% 50%\" srcset=\"https:\/\/gedenkstaette-vaihingen.de\/wp-content\/uploads\/2022\/05\/77-1200x864.jpg 1200w, https:\/\/gedenkstaette-vaihingen.de\/wp-content\/uploads\/2022\/05\/77-480x346.jpg 480w, https:\/\/gedenkstaette-vaihingen.de\/wp-content\/uploads\/2022\/05\/77-768x553.jpg 768w, https:\/\/gedenkstaette-vaihingen.de\/wp-content\/uploads\/2022\/05\/77-1536x1106.jpg 1536w, https:\/\/gedenkstaette-vaihingen.de\/wp-content\/uploads\/2022\/05\/77-2048x1475.jpg 2048w, https:\/\/gedenkstaette-vaihingen.de\/wp-content\/uploads\/2022\/05\/77-1777x1280.jpg 1777w\" sizes=\"auto, (max-width: 1200px) 100vw, 1200px\" \/><\/figure><div class=\"wp-block-media-text__content\">\n<h3 class=\"wp-block-heading\">Im <strong>Konzentrationslager Vaihingen\/Enz<\/strong><\/h3>\n\n\n\n<p class=\"has-large-font-size\">wurden zwischen August 1944 und April 1945 etwa 1700 Menschen durch unmenschliche, erniedrigende und schreckliche Arbeits- und Lebensbedingungen Opfer des nationalsozialistischen Terrorregimes.<\/p>\n\n\n\n<p class=\"has-large-font-size\">Zun\u00e4chst als Arbeits-, dann als Krankenlager organisatorisch dem Konzentrationslagers Natzweiler im Elsass unterstellt wurden dort etwa 5000 H\u00e4ftlinge aus \u00fcber 20 Nationen ganz Europas inhaftiert und der \u201eVernichtung durch Arbeit\u201c ausgesetzt bzw. ihren schwersten Krankheiten und der mangelhaften Hygiene und v\u00f6llig unzureichenden Versorgung \u00fcberlassen.<\/p>\n<\/div><\/div>\n","protected":false},"excerpt":{"rendered":"<p>Herzlich willkommen auf der Website der KZ-Gedenkst\u00e4tte Vaihingen\/Enz! Einladung zur Gedenkfeier am Sonntag, den 12. April 2026 um 15 Uhr auf dem KZ-Ehrenfriedhof Die KZ-Gedenkst\u00e4tte Vaihingen\/Enz e.V. l\u00e4dt die interessierte Bev\u00f6lkerung zur diesj\u00e4hrigen Gedenkfeier auf&hellip;<\/p>\n","protected":false},"author":1,"featured_media":3422,"parent":0,"menu_order":0,"comment_status":"closed","ping_status":"closed","template":"template-hero.php","meta":{"_acf_changed":false,"footnotes":""},"class_list":["post-5307","page","type-page","status-publish","has-post-thumbnail","hentry"],"acf":[],"_links":{"self":[{"href":"https:\/\/gedenkstaette-vaihingen.de\/pl\/wp-json\/wp\/v2\/pages\/5307","targetHints":{"allow":["GET"]}}],"collection":[{"href":"https:\/\/gedenkstaette-vaihingen.de\/pl\/wp-json\/wp\/v2\/pages"}],"about":[{"href":"https:\/\/gedenkstaette-vaihingen.de\/pl\/wp-json\/wp\/v2\/types\/page"}],"author":[{"embeddable":true,"href":"https:\/\/gedenkstaette-vaihingen.de\/pl\/wp-json\/wp\/v2\/users\/1"}],"replies":[{"embeddable":true,"href":"https:\/\/gedenkstaette-vaihingen.de\/pl\/wp-json\/wp\/v2\/comments?post=5307"}],"version-history":[{"count":395,"href":"https:\/\/gedenkstaette-vaihingen.de\/pl\/wp-json\/wp\/v2\/pages\/5307\/revisions"}],"predecessor-version":[{"id":8428,"href":"https:\/\/gedenkstaette-vaihingen.de\/pl\/wp-json\/wp\/v2\/pages\/5307\/revisions\/8428"}],"wp:featuredmedia":[{"embeddable":true,"href":"https:\/\/gedenkstaette-vaihingen.de\/pl\/wp-json\/wp\/v2\/media\/3422"}],"wp:attachment":[{"href":"https:\/\/gedenkstaette-vaihingen.de\/pl\/wp-json\/wp\/v2\/media?parent=5307"}],"curies":[{"name":"wp","href":"https:\/\/api.w.org\/{rel}","templated":true}]}}