{"id":5153,"date":"2022-05-09T15:42:13","date_gmt":"2022-05-09T13:42:13","guid":{"rendered":"https:\/\/gedenkstaette-vaihingen.de\/geschichte-des-lagers\/"},"modified":"2023-03-30T14:45:45","modified_gmt":"2023-03-30T12:45:45","slug":"geschichte-des-lagers","status":"publish","type":"page","link":"https:\/\/gedenkstaette-vaihingen.de\/pl\/geschichte-des-lagers\/","title":{"rendered":"Historia obozu"},"content":{"rendered":"\n<div class=\"wp-block-cover alignfull\" style=\"min-height:545px;aspect-ratio:unset;\"><span aria-hidden=\"true\" class=\"wp-block-cover__background has-background-dim-30 has-background-dim\"><\/span><img loading=\"lazy\" decoding=\"async\" width=\"2560\" height=\"567\" class=\"wp-block-cover__image-background wp-image-2874\" alt=\"\" src=\"https:\/\/gedenkstaette-vaihingen.de\/wp-content\/uploads\/2022\/05\/73-scaled.jpg\" style=\"object-position:32% 52%\" data-object-fit=\"cover\" data-object-position=\"32% 52%\" srcset=\"https:\/\/gedenkstaette-vaihingen.de\/wp-content\/uploads\/2022\/05\/73-scaled.jpg 2560w, https:\/\/gedenkstaette-vaihingen.de\/wp-content\/uploads\/2022\/05\/73-480x106.jpg 480w, https:\/\/gedenkstaette-vaihingen.de\/wp-content\/uploads\/2022\/05\/73-1200x266.jpg 1200w, https:\/\/gedenkstaette-vaihingen.de\/wp-content\/uploads\/2022\/05\/73-768x170.jpg 768w, https:\/\/gedenkstaette-vaihingen.de\/wp-content\/uploads\/2022\/05\/73-1536x340.jpg 1536w, https:\/\/gedenkstaette-vaihingen.de\/wp-content\/uploads\/2022\/05\/73-2048x454.jpg 2048w, https:\/\/gedenkstaette-vaihingen.de\/wp-content\/uploads\/2022\/05\/73-1920x426.jpg 1920w\" sizes=\"auto, (max-width: 2560px) 100vw, 2560px\" \/><div class=\"wp-block-cover__inner-container is-layout-flow wp-block-cover-is-layout-flow\">\n<p class=\"has-text-align-center\"><\/p>\n\n\n\n<h3 class=\"has-text-align-left has-huge-font-size wp-block-heading\">Historia obozu<\/h3>\n<\/div><\/div>\n\n\n\n<p class=\"has-large-font-size\">Dzia\u0142ania niemieckiego przemys\u0142u zbrojeniowego w Vaihingen po raz pierwszy mia\u0142y miejsce w 1942 roku, gdy w nieczynnym kamienio\u0142omie firmy Baresel przeprowadzono pr\u00f3by katapulty startowej bomby lataj\u0105cej V1 (nazwa projektu Fi 103). Vaihingen funkcjonowa\u0142o w\u00f3wczas jako filia instytutu do\u015bwiadczalnego Graf Zeppelin, utworzonego w 1941 roku w Stuttgart-Ruit Ministerstwa Lotnictwa III Rzeszy.<\/p>\n\n\n\n<p class=\"has-large-font-size\">Z oryginalnej katapulty Heinkel (Heinkel-Katapult) by\u0142y wystrzeliwane w kierunku \u015bciany kamienio\u0142omu&nbsp; korpusy \u017celazne (zamiast jednostki lataj\u0105cej), przy czym dokonywano pomiar\u00f3w i automatycznej rejestracji pr\u0119dko\u015bci, przyspieszenia i ci\u015bnienia w katapulcie.<\/p>\n\n\n\n<div class=\"wp-block-group alignfull has-light-gray-background-color has-background is-layout-flow wp-block-group-is-layout-flow\">\n<div class=\"wp-block-media-text alignwide is-stacked-on-mobile is-vertically-aligned-center is-image-fill\"><figure class=\"wp-block-media-text__media\" style=\"background-image:url(https:\/\/gedenkstaette-vaihingen.de\/wp-content\/uploads\/2022\/05\/75-1200x839.jpg);background-position:50% 50%\"><img loading=\"lazy\" decoding=\"async\" width=\"1200\" height=\"839\" src=\"https:\/\/gedenkstaette-vaihingen.de\/wp-content\/uploads\/2022\/05\/75-1200x839.jpg\" alt=\"\" class=\"wp-image-2876 size-full\" srcset=\"https:\/\/gedenkstaette-vaihingen.de\/wp-content\/uploads\/2022\/05\/75-1200x839.jpg 1200w, https:\/\/gedenkstaette-vaihingen.de\/wp-content\/uploads\/2022\/05\/75-480x335.jpg 480w, https:\/\/gedenkstaette-vaihingen.de\/wp-content\/uploads\/2022\/05\/75-768x537.jpg 768w, https:\/\/gedenkstaette-vaihingen.de\/wp-content\/uploads\/2022\/05\/75-1536x1073.jpg 1536w, https:\/\/gedenkstaette-vaihingen.de\/wp-content\/uploads\/2022\/05\/75-2048x1431.jpg 2048w, https:\/\/gedenkstaette-vaihingen.de\/wp-content\/uploads\/2022\/05\/75-1831x1280.jpg 1831w\" sizes=\"auto, (max-width: 1200px) 100vw, 1200px\" \/><\/figure><div class=\"wp-block-media-text__content\">\n<h2 class=\"has-text-align-left has-extra-large-font-size wp-block-heading\">Ob\u00f3z pracy Vaihingen\/Enz<\/h2>\n\n\n\n<p>Na podstawie informacji o istniej\u0105cym na odludziu kamienio\u0142omie, odseparowanym dodatkowo dolin\u0105 Enztal, sztab powsta\u0142y 1 marca 1944 w Berlinie i zajmuj\u0105cy si\u0119 organizacj\u0105 oraz decentralizacj\u0105 produkcji podziemnej si\u0142 powietrznych (\u201eJ\u00e4gerstab\u201c), zdecydowa\u0142 si\u0119 na wybudowanie tutaj jednego z sze\u015bciu tzw. \u201ewielkich bunkr\u00f3w\u201d. Na powierzchni 80 000 mkw mia\u0142y by\u0107 produkowane cz\u0119\u015bci do samolot\u00f3w firmy Messerschmitt.<\/p>\n\n\n\n<p>Ju\u017c w kwietniu rozpocz\u0119\u0142y si\u0119 prace przy budowie \u201eStoffel\u201d. Prowadzone by\u0142y one zar\u00f3wno w samym kamienio\u0142omie jak i na s\u0105siednich terenach rolniczych, a ich wykonawc\u0105 by\u0142a Organizacja Todt (OT). R\u00f3wnocze\u015bnie wybudowano w Egelsee wiele barak\u00f3w magazynowych s\u0142u\u017c\u0105cych zar\u00f3wno do przechowywania materia\u0142\u00f3w i narz\u0119dzi, jak te\u017c jako lokum dla si\u0142y roboczej OT. W dolnej cz\u0119\u015bci doliny Glattbachtal powsta\u0142y baraki dla pozosta\u0142ych pracownik\u00f3w.<\/p>\n\n\n\n<p>6 maja zamkni\u0119to teren budowy i obozu dla ludno\u015bci cywilnej. Rolnikom wydano przepustki, umo\u017cliwiaj\u0105ce dost\u0119p do uprawianych przez nich p\u00f3l.<\/p>\n<\/div><\/div>\n<\/div>\n\n\n\n<div class=\"wp-block-v4-bilder-karussel \">\n\n    <!-- Slider main container -->\n    <div class=\"wp-block-v4-bilder-karussel__slider-container swiper-container\">\n\n        <!-- Additional required wrapper -->\n        <figure class=\"wp-block-v4-bilder-karussel__slider-wrapper swiper-wrapper\">\n\n            <!-- Slides -->\n                        <figure class=\"wp-block-v4-bilder-karussel__slide swiper-slide\">\n                <a href=\"https:\/\/gedenkstaette-vaihingen.de\/wp-content\/uploads\/2022\/05\/74-1200x863.jpg\">\n                    <img loading=\"lazy\" decoding=\"async\" width=\"1140\" height=\"820\" src=\"https:\/\/gedenkstaette-vaihingen.de\/wp-content\/uploads\/2022\/05\/74-1200x863.jpg\" class=\"wp-block-v4-bilder-karussel__image\" alt=\"\" srcset=\"https:\/\/gedenkstaette-vaihingen.de\/wp-content\/uploads\/2022\/05\/74-1200x863.jpg 1200w, https:\/\/gedenkstaette-vaihingen.de\/wp-content\/uploads\/2022\/05\/74-480x345.jpg 480w, https:\/\/gedenkstaette-vaihingen.de\/wp-content\/uploads\/2022\/05\/74-768x552.jpg 768w, https:\/\/gedenkstaette-vaihingen.de\/wp-content\/uploads\/2022\/05\/74-1536x1105.jpg 1536w, https:\/\/gedenkstaette-vaihingen.de\/wp-content\/uploads\/2022\/05\/74-2048x1473.jpg 2048w, https:\/\/gedenkstaette-vaihingen.de\/wp-content\/uploads\/2022\/05\/74-1780x1280.jpg 1780w\" sizes=\"auto, (max-width: 1140px) 100vw, 1140px\" \/>\n                <\/a>\n                <p class=\"wp-block-v4-bilder-karussel__slide_caption\">Ob\u00f3z w g\u00f3rnej Glattbachtal.<\/p>\n            <\/figure>\n                        <figure class=\"wp-block-v4-bilder-karussel__slide swiper-slide\">\n                <a href=\"https:\/\/gedenkstaette-vaihingen.de\/wp-content\/uploads\/2022\/05\/75-1200x839.jpg\">\n                    <img loading=\"lazy\" decoding=\"async\" width=\"1140\" height=\"797\" src=\"https:\/\/gedenkstaette-vaihingen.de\/wp-content\/uploads\/2022\/05\/75-1200x839.jpg\" class=\"wp-block-v4-bilder-karussel__image\" alt=\"\" srcset=\"https:\/\/gedenkstaette-vaihingen.de\/wp-content\/uploads\/2022\/05\/75-1200x839.jpg 1200w, https:\/\/gedenkstaette-vaihingen.de\/wp-content\/uploads\/2022\/05\/75-480x335.jpg 480w, https:\/\/gedenkstaette-vaihingen.de\/wp-content\/uploads\/2022\/05\/75-768x537.jpg 768w, https:\/\/gedenkstaette-vaihingen.de\/wp-content\/uploads\/2022\/05\/75-1536x1073.jpg 1536w, https:\/\/gedenkstaette-vaihingen.de\/wp-content\/uploads\/2022\/05\/75-2048x1431.jpg 2048w, https:\/\/gedenkstaette-vaihingen.de\/wp-content\/uploads\/2022\/05\/75-1831x1280.jpg 1831w\" sizes=\"auto, (max-width: 1140px) 100vw, 1140px\" \/>\n                <\/a>\n                <p class=\"wp-block-v4-bilder-karussel__slide_caption\">Na budowie \u201eStoffel\u201c w lecie 1944 roku<\/p>\n            <\/figure>\n                        <figure class=\"wp-block-v4-bilder-karussel__slide swiper-slide\">\n                <a href=\"https:\/\/gedenkstaette-vaihingen.de\/wp-content\/uploads\/2022\/05\/76-1200x867.jpg\">\n                    <img loading=\"lazy\" decoding=\"async\" width=\"1140\" height=\"824\" src=\"https:\/\/gedenkstaette-vaihingen.de\/wp-content\/uploads\/2022\/05\/76-1200x867.jpg\" class=\"wp-block-v4-bilder-karussel__image\" alt=\"\" srcset=\"https:\/\/gedenkstaette-vaihingen.de\/wp-content\/uploads\/2022\/05\/76-1200x867.jpg 1200w, https:\/\/gedenkstaette-vaihingen.de\/wp-content\/uploads\/2022\/05\/76-480x347.jpg 480w, https:\/\/gedenkstaette-vaihingen.de\/wp-content\/uploads\/2022\/05\/76-768x555.jpg 768w, https:\/\/gedenkstaette-vaihingen.de\/wp-content\/uploads\/2022\/05\/76-1536x1109.jpg 1536w, https:\/\/gedenkstaette-vaihingen.de\/wp-content\/uploads\/2022\/05\/76-2048x1479.jpg 2048w, https:\/\/gedenkstaette-vaihingen.de\/wp-content\/uploads\/2022\/05\/76-1773x1280.jpg 1773w\" sizes=\"auto, (max-width: 1140px) 100vw, 1140px\" \/>\n                <\/a>\n                <p class=\"wp-block-v4-bilder-karussel__slide_caption\">Po wyzwoleniu w kwietniu 1945 roku<\/p>\n            <\/figure>\n                        <figure class=\"wp-block-v4-bilder-karussel__slide swiper-slide\">\n                <a href=\"https:\/\/gedenkstaette-vaihingen.de\/wp-content\/uploads\/2022\/05\/77-1200x864.jpg\">\n                    <img loading=\"lazy\" decoding=\"async\" width=\"1140\" height=\"821\" src=\"https:\/\/gedenkstaette-vaihingen.de\/wp-content\/uploads\/2022\/05\/77-1200x864.jpg\" class=\"wp-block-v4-bilder-karussel__image\" alt=\"\" srcset=\"https:\/\/gedenkstaette-vaihingen.de\/wp-content\/uploads\/2022\/05\/77-1200x864.jpg 1200w, https:\/\/gedenkstaette-vaihingen.de\/wp-content\/uploads\/2022\/05\/77-480x346.jpg 480w, https:\/\/gedenkstaette-vaihingen.de\/wp-content\/uploads\/2022\/05\/77-768x553.jpg 768w, https:\/\/gedenkstaette-vaihingen.de\/wp-content\/uploads\/2022\/05\/77-1536x1106.jpg 1536w, https:\/\/gedenkstaette-vaihingen.de\/wp-content\/uploads\/2022\/05\/77-2048x1475.jpg 2048w, https:\/\/gedenkstaette-vaihingen.de\/wp-content\/uploads\/2022\/05\/77-1777x1280.jpg 1777w\" sizes=\"auto, (max-width: 1140px) 100vw, 1140px\" \/>\n                <\/a>\n                <p class=\"wp-block-v4-bilder-karussel__slide_caption\">Na drodze obozu w kwietniu 1945 roku<\/p>\n            <\/figure>\n                        <figure class=\"wp-block-v4-bilder-karussel__slide swiper-slide\">\n                <a href=\"https:\/\/gedenkstaette-vaihingen.de\/wp-content\/uploads\/2022\/05\/78-1200x859.jpg\">\n                    <img loading=\"lazy\" decoding=\"async\" width=\"1140\" height=\"816\" src=\"https:\/\/gedenkstaette-vaihingen.de\/wp-content\/uploads\/2022\/05\/78-1200x859.jpg\" class=\"wp-block-v4-bilder-karussel__image\" alt=\"\" srcset=\"https:\/\/gedenkstaette-vaihingen.de\/wp-content\/uploads\/2022\/05\/78-1200x859.jpg 1200w, https:\/\/gedenkstaette-vaihingen.de\/wp-content\/uploads\/2022\/05\/78-480x344.jpg 480w, https:\/\/gedenkstaette-vaihingen.de\/wp-content\/uploads\/2022\/05\/78-768x550.jpg 768w, https:\/\/gedenkstaette-vaihingen.de\/wp-content\/uploads\/2022\/05\/78-1536x1100.jpg 1536w, https:\/\/gedenkstaette-vaihingen.de\/wp-content\/uploads\/2022\/05\/78-2048x1467.jpg 2048w, https:\/\/gedenkstaette-vaihingen.de\/wp-content\/uploads\/2022\/05\/78-1787x1280.jpg 1787w\" sizes=\"auto, (max-width: 1140px) 100vw, 1140px\" \/>\n                <\/a>\n                <p class=\"wp-block-v4-bilder-karussel__slide_caption\">Rejestracja wi\u0119\u017ani\u00f3w po wyzwoleniu obozu, kwiecie\u0144 1945<\/p>\n            <\/figure>\n            \n        <\/figure>\n\n    <\/div>\n\n    <!-- Meta bar -->\n    <div class=\"wp-block-v4-bilder-karussel__meta\">\n\n        <div class=\"wp-block-v4-bilder-karussel__pagination Swiper-pagination\"><\/div>\n\n        <div class=\"wp-block-v4-bilder-karussel__navigation swiper-buttons\">\n            <div class=\"wp-block-v4-bilder-karussel__prev swiper-button-prev\"><\/div>\n            <div class=\"wp-block-v4-bilder-karussel__next swiper-button-next\"><\/div>\n        <\/div>\n\n    <\/div>\n\n<\/div>\n\n\n<div class=\"wp-block-media-text alignwide has-media-on-the-right is-stacked-on-mobile is-vertically-aligned-center is-image-fill\" style=\"grid-template-columns:auto 40%\"><div class=\"wp-block-media-text__content\">\n<h2 class=\"has-text-align-left has-extra-large-font-size wp-block-heading\">Ob\u00f3z leczniczo-wypoczynkowy dla SS<\/h2>\n\n\n\n<p>Z ko\u0144cem pa\u017adziernika zatrzymano prace nad projektem \u201eStoffel\u201d, a ob\u00f3z zamieniono na \u201eob\u00f3z leczniczo-wypoczynkowy dla SS\u201d, kt\u00f3ry oficjalnie zacz\u0105\u0142 funkcjonowa\u0107 od 1 grudnia.<\/p>\n\n\n\n<p>R\u00f3wnocze\u015bnie powi\u0119kszono go o jeden barak. Od 15 pa\u017adziernika wi\u0119\u017ani\u00f3w przydzielono do prac przy innych projektach: do Hessental, Dautmergen, Bisingen i Unterriexingen. W Vaihingen pozosta\u0142o 178 wi\u0119\u017ani\u00f3w niezdolnych do pracy, a pozosta\u0142ych 200 pracowa\u0142o przy porz\u0105dkowaniu kamienio\u0142omu.<\/p>\n\n\n\n<p>10 listopada przyjecha\u0142 pierwszy transport z oboz\u00f3w grupy \u201eW\u00fcste\u201d. W\u015br\u00f3d nich znajdowali si\u0119 Rosjanie, Polacy, Francuzi, W\u0142osi, Grecy, Belgowie, Holendrzy, Norwegowie i Niemcy \u2013 ostatecznie w Vaihingen znale\u017ali si\u0119 ludzie z ponad dwudziestu narodowo\u015bci. Zakwaterowano ich w nieogrzewanych barakach i niedo\u017cywionych pozostawiono w\u0142asnemu losowi. Niemiecki lekarz obozowy nie udziela\u0142 im \u017cadnej pomocy medycznej.<\/p>\n\n\n\n<p>Sytuacja nie uleg\u0142a poprawie r\u00f3wnie\u017c w styczniu 1945 roku, gdy sprowadzono do obozu dw\u00f3ch lekarzy z Neckarelz, gdy\u017c nie dysponowali oni lekami i \u015brodkami medycznymi.<\/p>\n\n\n\n<p>16 lutego, wraz z transportem z Haslach dotar\u0142a do obozu epidemia tyfusu plamistego, kt\u00f3ra powodowa\u0142a do 33 zgon\u00f3w dziennie, zamieniaj\u0105c Vaihingen w ob\u00f3z \u015bmierci. Ostatni transport 94 wi\u0119\u017ani\u00f3w z Mannheim-Sandhofen dotar\u0142 do Vaihingen 11 marca.<\/p>\n<\/div><figure class=\"wp-block-media-text__media\" style=\"background-image:url(https:\/\/gedenkstaette-vaihingen.de\/wp-content\/uploads\/2022\/08\/Kopie-vonFotos_historisch_KZ-Vaihingen-024-1200x859.jpg);background-position:50% 50%\"><img loading=\"lazy\" decoding=\"async\" width=\"1200\" height=\"859\" src=\"https:\/\/gedenkstaette-vaihingen.de\/wp-content\/uploads\/2022\/08\/Kopie-vonFotos_historisch_KZ-Vaihingen-024-1200x859.jpg\" alt=\"\" class=\"wp-image-4080 size-full\" srcset=\"https:\/\/gedenkstaette-vaihingen.de\/wp-content\/uploads\/2022\/08\/Kopie-vonFotos_historisch_KZ-Vaihingen-024-1200x859.jpg 1200w, https:\/\/gedenkstaette-vaihingen.de\/wp-content\/uploads\/2022\/08\/Kopie-vonFotos_historisch_KZ-Vaihingen-024-480x344.jpg 480w, https:\/\/gedenkstaette-vaihingen.de\/wp-content\/uploads\/2022\/08\/Kopie-vonFotos_historisch_KZ-Vaihingen-024-768x550.jpg 768w, https:\/\/gedenkstaette-vaihingen.de\/wp-content\/uploads\/2022\/08\/Kopie-vonFotos_historisch_KZ-Vaihingen-024-1536x1100.jpg 1536w, https:\/\/gedenkstaette-vaihingen.de\/wp-content\/uploads\/2022\/08\/Kopie-vonFotos_historisch_KZ-Vaihingen-024-2048x1467.jpg 2048w, https:\/\/gedenkstaette-vaihingen.de\/wp-content\/uploads\/2022\/08\/Kopie-vonFotos_historisch_KZ-Vaihingen-024-1787x1280.jpg 1787w\" sizes=\"auto, (max-width: 1200px) 100vw, 1200px\" \/><\/figure><\/div>\n\n\n\n<div class=\"wp-block-media-text alignwide is-stacked-on-mobile is-vertically-aligned-center is-image-fill\" style=\"grid-template-columns:40% auto\"><figure class=\"wp-block-media-text__media\" style=\"background-image:url(https:\/\/gedenkstaette-vaihingen.de\/wp-content\/uploads\/2022\/08\/Kopie-vonFotos_historisch_KZ-Vaihingen-033-scaled-e1660316888978.jpg);background-position:50% 50%\"><img loading=\"lazy\" decoding=\"async\" width=\"1740\" height=\"2438\" src=\"https:\/\/gedenkstaette-vaihingen.de\/wp-content\/uploads\/2022\/08\/Kopie-vonFotos_historisch_KZ-Vaihingen-033-scaled-e1660316888978.jpg\" alt=\"\" class=\"wp-image-4088 size-full\" srcset=\"https:\/\/gedenkstaette-vaihingen.de\/wp-content\/uploads\/2022\/08\/Kopie-vonFotos_historisch_KZ-Vaihingen-033-scaled-e1660316888978.jpg 1740w, https:\/\/gedenkstaette-vaihingen.de\/wp-content\/uploads\/2022\/08\/Kopie-vonFotos_historisch_KZ-Vaihingen-033-scaled-e1660316888978-343x480.jpg 343w, https:\/\/gedenkstaette-vaihingen.de\/wp-content\/uploads\/2022\/08\/Kopie-vonFotos_historisch_KZ-Vaihingen-033-scaled-e1660316888978-856x1200.jpg 856w, https:\/\/gedenkstaette-vaihingen.de\/wp-content\/uploads\/2022\/08\/Kopie-vonFotos_historisch_KZ-Vaihingen-033-scaled-e1660316888978-768x1076.jpg 768w, https:\/\/gedenkstaette-vaihingen.de\/wp-content\/uploads\/2022\/08\/Kopie-vonFotos_historisch_KZ-Vaihingen-033-scaled-e1660316888978-1096x1536.jpg 1096w, https:\/\/gedenkstaette-vaihingen.de\/wp-content\/uploads\/2022\/08\/Kopie-vonFotos_historisch_KZ-Vaihingen-033-scaled-e1660316888978-1462x2048.jpg 1462w, https:\/\/gedenkstaette-vaihingen.de\/wp-content\/uploads\/2022\/08\/Kopie-vonFotos_historisch_KZ-Vaihingen-033-scaled-e1660316888978-914x1280.jpg 914w\" sizes=\"auto, (max-width: 1740px) 100vw, 1740px\" \/><\/figure><div class=\"wp-block-media-text__content\">\n<h2 class=\"has-text-align-left has-extra-large-font-size wp-block-heading\">Wyzwolenie<\/h2>\n\n\n\n<p>Na pocz\u0105tku kwietnia wydano rozkaz ewakuacji obozu. Dwa transporty wi\u0119\u017ani\u00f3w skierowano kolej\u0105 do Dachau, gdzie po przybyciu zarejestrowano 515 os\u00f3b.<\/p>\n\n\n\n<p>Ob\u00f3z zosta\u0142 wyzwolony 7 kwietnia przez oddzia\u0142y francuskie. Raport sporz\u0105dzony przez francuskiego lekarza wojskowego dr Rossi m\u00f3wi o 650 wi\u0119\u017aniach, kt\u00f3rzy prze\u017cyli i przebywali w obozie. Zostali oni niezw\u0142ocznie ewakuowani. W dniach 9 i 10 kwietnia przewieziono 73 wi\u0119\u017ani\u00f3w z Francji, Holandii i Belgii do Spyer, a 13 kwietnia wi\u0119\u017ani\u00f3w z Polski, Rosji i Niemiec do Neuenb\u00fcrg k\/ Bruchsal, gdzie do pocz\u0105tku czerwca przechodzili kwarantann\u0119.<\/p>\n\n\n\n<p>126 wi\u0119\u017ani\u00f3w, kt\u00f3rzy nie nadawali si\u0119 do transportu, umieszczono w szpitalu w Vaihingen. Do nich do\u0142\u0105czy\u0142o dalszych 60 przyby\u0142ych z Neuenb\u00fcrg.<\/p>\n\n\n\n<p>Do ko\u0144ca roku 84 spo\u015br\u00f3d nich zmar\u0142o i zostali oni pochowani na cmentarzu w Vaihingen. Obozowe baraki zosta\u0142y zaraz po ewakuacji wi\u0119\u017ani\u00f3w, 16 kwietnia spalone, ze wzgl\u0119du na niebezpiecze\u0144stwo zarazy.<\/p>\n<\/div><\/div>\n\n\n\n<div class=\"wp-block-media-text alignwide has-media-on-the-right is-stacked-on-mobile is-vertically-aligned-center is-image-fill\" style=\"grid-template-columns:auto 40%\"><div class=\"wp-block-media-text__content\">\n<h2 class=\"has-text-align-left has-extra-large-font-size wp-block-heading\">Oprawcy przed s\u0105dem<\/h2>\n\n\n\n<p>Cz\u0142onkowie SS, kt\u00f3rzy stanowili za\u0142og\u0119 obozu Vaihingen, zostali w wi\u0119kszo\u015bci zatrzymani przez si\u0142y okupacyjne i osadzeni oraz przes\u0142uchani w Dachau.<\/p>\n\n\n\n<p>22 listopada 1946 roku Amerykanie przekazali cz\u0142onk\u00f3w stra\u017cy SS do Polski, gdzie rok p\u00f3\u017aniej w Radomiu odby\u0142 si\u0119 ich proces. Komendant kolumny pracy M\u00f6ller, stan\u0105\u0142 przed s\u0105dem w Lublinie i skazany zosta\u0142 na \u015bmier\u0107.<\/p>\n\n\n\n<p>W pa\u017adzierniku i listopadzie 1947 roku przed francuskim trybuna\u0142em w Rastatt stan\u0119\u0142o 42 cz\u0142onk\u00f3w stra\u017cy SS filii obozowyh w Vaihingen, Unterriexingen, Hessental i Kochendorf, kt\u00f3rych komendantem by\u0142 Lautenschlager.<\/p>\n\n\n\n<p>Dziesi\u0119ciu z nich zosta\u0142o skazanych na kar\u0119 \u015bmierci, Lautenschlager na do\u017cywotnie roboty przymusowe, a o\u015bmiu oskar\u017conych uniewinniono.<\/p>\n<\/div><figure class=\"wp-block-media-text__media\" style=\"background-image:url(https:\/\/gedenkstaette-vaihingen.de\/wp-content\/uploads\/2022\/08\/IMG_3038.jpg);background-position:50% 50%\"><img loading=\"lazy\" decoding=\"async\" width=\"600\" height=\"800\" src=\"https:\/\/gedenkstaette-vaihingen.de\/wp-content\/uploads\/2022\/08\/IMG_3038.jpg\" alt=\"\" class=\"wp-image-4092 size-full\" srcset=\"https:\/\/gedenkstaette-vaihingen.de\/wp-content\/uploads\/2022\/08\/IMG_3038.jpg 600w, https:\/\/gedenkstaette-vaihingen.de\/wp-content\/uploads\/2022\/08\/IMG_3038-360x480.jpg 360w\" sizes=\"auto, (max-width: 600px) 100vw, 600px\" \/><\/figure><\/div>\n\n\n\n<div class=\"wp-block-media-text alignwide is-stacked-on-mobile is-vertically-aligned-center is-image-fill\" style=\"grid-template-columns:40% auto\"><figure class=\"wp-block-media-text__media\" style=\"background-image:url(https:\/\/gedenkstaette-vaihingen.de\/wp-content\/uploads\/2022\/10\/Pangerl1A-1-von-1-2.jpg);background-position:50% 50%\"><img loading=\"lazy\" decoding=\"async\" width=\"1024\" height=\"611\" src=\"https:\/\/gedenkstaette-vaihingen.de\/wp-content\/uploads\/2022\/10\/Pangerl1A-1-von-1-2.jpg\" alt=\"\" class=\"wp-image-4306 size-full\" srcset=\"https:\/\/gedenkstaette-vaihingen.de\/wp-content\/uploads\/2022\/10\/Pangerl1A-1-von-1-2.jpg 1024w, https:\/\/gedenkstaette-vaihingen.de\/wp-content\/uploads\/2022\/10\/Pangerl1A-1-von-1-2-480x286.jpg 480w, https:\/\/gedenkstaette-vaihingen.de\/wp-content\/uploads\/2022\/10\/Pangerl1A-1-von-1-2-768x458.jpg 768w\" sizes=\"auto, (max-width: 1024px) 100vw, 1024px\" \/><\/figure><div class=\"wp-block-media-text__content\">\n<h2 class=\"has-text-align-left has-large-font-size wp-block-heading\">Cmentarz przy obozie koncentracyjnym<\/h2>\n\n\n\n<p>Ju\u017c w pa\u017adzierniku 1945 roku miasto Vaihingen za\u0142o\u017cy\u0142o cmentarz na miejscu, gdzie znajdowa\u0142y si\u0119 masowe groby. Pomi\u0119dzy marcem a wrze\u015bniem 1954 roku, groby zawieraj\u0105ce 1844 zw\u0142ok, zosta\u0142y otwarte przez francusk\u0105 komisj\u0119. Podczas bada\u0144 szcz\u0105tk\u00f3w uda\u0142o si\u0119 zidentyfikowa\u0107 223 zmar\u0142ych, kt\u00f3rzy zostali przewiezieni do swoich kraj\u00f3w ojczystych.<\/p>\n\n\n\n<p>Na cmentarzu zas\u0142u\u017conych, powsta\u0142ym w latach 1956-1958 pochowano szcz\u0105tki niezydentyfikowanych ofiar. Ju\u017c wkr\u00f3tce po po\u015bwi\u0119ceniu obiektu, 2 listopada 1958 roku, mia\u0142y miejsce pierwsze profanacje w postaci uszkodze\u0144 i napis\u00f3w farb\u0105. Kolejne nast\u0105pi\u0142y w latach 1990, 2003 i 2005.<\/p>\n\n\n\n<p>Podnios\u0142y si\u0119 g\u0142osy protestu, r\u00f3wnie\u017c podczas obchod\u00f3w ku czci pami\u0119ci ofiar, kt\u00f3re odbywaj\u0105 si\u0119 regularnie od 1977 roku. Poruszaj\u0105c\u0105 uroczysto\u015b\u0107 dla upami\u0119tnienia ofiar narodowo\u015bci norweskiej, zorganizowa\u0142 rz\u0105d tego kraju w 2005 roku. Przypomina o niej tablica pami\u0105tkowa.<\/p>\n<\/div><\/div>\n","protected":false},"excerpt":{"rendered":"<p>Dzia\u0142ania niemieckiego przemys\u0142u zbrojeniowego w Vaihingen po raz pierwszy mia\u0142y miejsce w 1942 roku, gdy w nieczynnym kamienio\u0142omie firmy Baresel przeprowadzono pr\u00f3by katapulty startowej bomby lataj\u0105cej V1 (nazwa projektu Fi 103). Vaihingen funkcjonowa\u0142o w\u00f3wczas jako&hellip;<\/p>\n","protected":false},"author":1,"featured_media":0,"parent":0,"menu_order":2,"comment_status":"closed","ping_status":"closed","template":"template-blank.php","meta":{"_acf_changed":false,"footnotes":""},"class_list":["post-5153","page","type-page","status-publish","hentry"],"acf":[],"_links":{"self":[{"href":"https:\/\/gedenkstaette-vaihingen.de\/pl\/wp-json\/wp\/v2\/pages\/5153","targetHints":{"allow":["GET"]}}],"collection":[{"href":"https:\/\/gedenkstaette-vaihingen.de\/pl\/wp-json\/wp\/v2\/pages"}],"about":[{"href":"https:\/\/gedenkstaette-vaihingen.de\/pl\/wp-json\/wp\/v2\/types\/page"}],"author":[{"embeddable":true,"href":"https:\/\/gedenkstaette-vaihingen.de\/pl\/wp-json\/wp\/v2\/users\/1"}],"replies":[{"embeddable":true,"href":"https:\/\/gedenkstaette-vaihingen.de\/pl\/wp-json\/wp\/v2\/comments?post=5153"}],"version-history":[{"count":0,"href":"https:\/\/gedenkstaette-vaihingen.de\/pl\/wp-json\/wp\/v2\/pages\/5153\/revisions"}],"wp:attachment":[{"href":"https:\/\/gedenkstaette-vaihingen.de\/pl\/wp-json\/wp\/v2\/media?parent=5153"}],"curies":[{"name":"wp","href":"https:\/\/api.w.org\/{rel}","templated":true}]}}