{"id":5129,"date":"2022-05-10T16:51:50","date_gmt":"2022-05-10T14:51:50","guid":{"rendered":"https:\/\/gedenkstaette-vaihingen.de\/die-gedenkstaette\/angebote\/"},"modified":"2023-03-30T15:03:35","modified_gmt":"2023-03-30T13:03:35","slug":"angebote","status":"publish","type":"page","link":"https:\/\/gedenkstaette-vaihingen.de\/pl\/die-gedenkstaette\/angebote\/","title":{"rendered":"<sub><strong>Oferty<\/strong><\/sub>"},"content":{"rendered":"\n<h2 class=\"wp-block-heading\"><sub><strong>Oferty dla zwiedzaj\u0105cych miejsce pami\u0119ci<\/strong><\/sub><\/h2>\n\n\n\n<ul class=\"wp-block-list\">\n<li>1Proponujemy zwiedzanie grupowe wed\u0142ug nast\u0119puj\u0105cego planu: recepcja, stacja medialna, sztolnia i honorowy cmentarz obozowy. Czas trwania zwiedzania: 1,5 do 2,5 godziny. Grup\u0119 prosimy zg\u0142asza\u0107 przez e-mail (minimum 5 zwiedzaj\u0105cych).<\/li>\n\n\n\n<li>Zwiedzanie grupowe wed\u0142ug planu j.w. oraz dodatkowo maj\u0105tek ziemski von Neurath i cmentarz miejski w Vahingen z grobami by\u0142ych wi\u0119\u017ani\u00f3w obozu. Czas trwania zwiedzania: 3 do 3,5 godziny.<\/li>\n\n\n\n<li>Zwiedzanie w j\u0119zyku angielskim j.w., z angielsk\u0105 wersj\u0105 j\u0119zykow\u0105 w instalacji medialnej. Grup\u0119 prosimy zg\u0142asza\u0107 przez e-mail (minimum 5 zwiedzaj\u0105cych).<\/li>\n\n\n\n<li>Na \u017cyczenie prelekcja na temat historii obozu oraz pracy i koncepcji miejsca pami\u0119ci.<\/li>\n\n\n\n<li>Szkolenie nauczycieli jako przewodnik\u00f3w po miejscu pami\u0119ci, przy wykorzystaniu stacji medialnej. Szkolenie mo\u017ce by\u0107 przeprowadzone zar\u00f3wno w miejscu pami\u0119ci (\u201eniedziele nauczycielskie\u201d) jak i w innym uzgodnionym miejscu.<\/li>\n<\/ul>\n\n\n\n<p>Od korzystaj\u0105cych z ofert oczekujemy datk\u00f3w pieni\u0119\u017cnych w wysoko\u015bci 5 \u20ac od os\u00f3b doros\u0142ych i 3-4 \u20ac od m\u0142odzie\u017cy. Uzyskane \u015brodki przenaczamy na konserwacj\u0119 i utrzymanie miejsca pami\u0119ci.<\/p>\n\n\n\n<ul class=\"wp-block-list\">\n<li>Corocznie oko\u0142o 7 kwietnia odbywa si\u0119 manifestacja na obozowym cmentarzu honorowym.<\/li>\n\n\n\n<li>Miejsce pami\u0119ci otwarte jest w ka\u017cd\u0105 niedziel\u0119 w godzinach 14:00 \u2013 17:00, z wyj\u0105tkiem grudnia i stycznia.<\/li>\n<\/ul>\n","protected":false},"excerpt":{"rendered":"<p>Oferty dla zwiedzaj\u0105cych miejsce pami\u0119ci Od korzystaj\u0105cych z ofert oczekujemy datk\u00f3w pieni\u0119\u017cnych w wysoko\u015bci 5 \u20ac od os\u00f3b doros\u0142ych i 3-4 \u20ac od m\u0142odzie\u017cy. Uzyskane \u015brodki przenaczamy na konserwacj\u0119 i utrzymanie miejsca pami\u0119ci.<\/p>\n","protected":false},"author":1,"featured_media":0,"parent":5068,"menu_order":2,"comment_status":"closed","ping_status":"closed","template":"","meta":{"_acf_changed":false,"footnotes":""},"class_list":["post-5129","page","type-page","status-publish","hentry"],"acf":[],"_links":{"self":[{"href":"https:\/\/gedenkstaette-vaihingen.de\/pl\/wp-json\/wp\/v2\/pages\/5129","targetHints":{"allow":["GET"]}}],"collection":[{"href":"https:\/\/gedenkstaette-vaihingen.de\/pl\/wp-json\/wp\/v2\/pages"}],"about":[{"href":"https:\/\/gedenkstaette-vaihingen.de\/pl\/wp-json\/wp\/v2\/types\/page"}],"author":[{"embeddable":true,"href":"https:\/\/gedenkstaette-vaihingen.de\/pl\/wp-json\/wp\/v2\/users\/1"}],"replies":[{"embeddable":true,"href":"https:\/\/gedenkstaette-vaihingen.de\/pl\/wp-json\/wp\/v2\/comments?post=5129"}],"version-history":[{"count":0,"href":"https:\/\/gedenkstaette-vaihingen.de\/pl\/wp-json\/wp\/v2\/pages\/5129\/revisions"}],"up":[{"embeddable":true,"href":"https:\/\/gedenkstaette-vaihingen.de\/pl\/wp-json\/wp\/v2\/pages\/5068"}],"wp:attachment":[{"href":"https:\/\/gedenkstaette-vaihingen.de\/pl\/wp-json\/wp\/v2\/media?parent=5129"}],"curies":[{"name":"wp","href":"https:\/\/api.w.org\/{rel}","templated":true}]}}