{"id":5097,"date":"2022-05-10T15:49:14","date_gmt":"2022-05-10T13:49:14","guid":{"rendered":"https:\/\/gedenkstaette-vaihingen.de\/die-gedenkstaette\/stationen-und-konzeption\/"},"modified":"2023-03-30T15:01:00","modified_gmt":"2023-03-30T13:01:00","slug":"stationen-und-konzeption","status":"publish","type":"page","link":"https:\/\/gedenkstaette-vaihingen.de\/pl\/die-gedenkstaette\/stationen-und-konzeption\/","title":{"rendered":"Stacje &#8211; Koncepcja"},"content":{"rendered":"\n<p class=\"has-large-font-size\">Na l\u0105dzie Wymienione fundamenty dawnego k\u0105pielowego i odwszenia baraku mog\u0105 by\u0107 przegl\u0105dane przez u\u017cytkownik\u00f3w. Dzi\u015b s\u0105 one zbudowane na sali w samym sercu Kondolencje &#8211; zawiera &#8211; instalacji medi\u00f3w.<\/p>\n\n\n\n<p class=\"has-large-font-size\">W recepcji i informacji podano go\u015bci na podstawowe informacje o Verst\u00e4ndis kontek\u015bcie historycznym. Ehrenfriedhof z p\u0142yt nazwisko na terenie dawnych grob\u00f3w masowych tworzy kolejn\u0105 centraln\u0105 lokalizacj\u0119 pomnika.<\/p>\n\n\n\n<p class=\"has-large-font-size\">Konkretnie, pomnik obejmuje pi\u0119\u0107 stanowisk. <a rel=\"noreferrer noopener\" href=\"http:\/\/gedenkstaette.wp1.visual4.com\/wp-content\/uploads\/2016\/07\/KZ-Lageplan_3015.pdf\" target=\"_blank\">Tutaj<\/a> mo\u017cna zobaczy\u0107 szkic szkic pomnika ze stacjami.<\/p>\n\n\n\n<div class=\"wp-block-group alignfull has-light-gray-background-color has-background is-layout-flow wp-block-group-is-layout-flow\">\n<div class=\"wp-block-media-text alignwide is-stacked-on-mobile is-vertically-aligned-top is-image-fill\"><figure class=\"wp-block-media-text__media\" style=\"background-image:url(https:\/\/gedenkstaette-vaihingen.de\/wp-content\/uploads\/2022\/05\/18.jpg);background-position:50% 50%\"><img loading=\"lazy\" decoding=\"async\" width=\"300\" height=\"225\" src=\"https:\/\/gedenkstaette-vaihingen.de\/wp-content\/uploads\/2022\/05\/18.jpg\" alt=\"\" class=\"wp-image-2819 size-full\"\/><\/figure><div class=\"wp-block-media-text__content\">\n<h2 class=\"has-text-align-left has-extra-large-font-size wp-block-heading\"><strong>Recepcja i sala informacyjna<\/strong><\/h2>\n\n\n\n<p>Na podstawie modelu mo\u017cna zapozna\u0107 si\u0119 z po\u0142o\u017ceniem, struktur\u0105 i wielko\u015bci\u0105 by\u0142ego obozu znajduj\u0105cego si\u0119 w topograficznie zmieniaj\u0105cej si\u0119 dolinie Glattbachtal.<\/p>\n\n\n\n<p>Tablica historyczna i materia\u0142y informacyjne dostarczaj\u0105 zwiedzaj\u0105cym podstawowych wiadomo\u015bci niezb\u0119dnych do poznania kontekstu historycznego.<\/p>\n<\/div><\/div>\n\n\n\n<div class=\"wp-block-columns alignwide is-layout-flex wp-container-core-columns-is-layout-28f84493 wp-block-columns-is-layout-flex\">\n<div class=\"wp-block-column is-layout-flow wp-block-column-is-layout-flow\">\n<p class=\"has-text-align-center has-small-font-size\">Podczas objazdu modelu magazynie w recepcji i informacji.<\/p>\n<\/div>\n\n\n\n<div class=\"wp-block-column is-layout-flow wp-block-column-is-layout-flow\"><\/div>\n<\/div>\n<\/div>\n\n\n\n<div class=\"wp-block-group alignwide is-layout-flow wp-block-group-is-layout-flow\">\n<div class=\"wp-block-media-text alignwide has-media-on-the-right is-stacked-on-mobile is-vertically-aligned-center is-image-fill\" style=\"grid-template-columns:auto 40%\"><div class=\"wp-block-media-text__content\">\n<h2 class=\"has-text-align-left has-extra-large-font-size wp-block-heading\"><strong>fundamentem by\u0142ego baraku sanitarnego<\/strong><\/h2>\n\n\n\n<p>Przez k\u0142adk\u0119 dochodzi si\u0119 do zabytkowych fundament\u00f3w by\u0142ego baraku sanitarnego.<\/p>\n\n\n\n<p>Znajduj\u0105 si\u0119 one w zaciemnionym pomieszczeniu, w kt\u00f3rym odbywa si\u0119 oko\u0142o 20-minutowa prezentacja audio-wizualna, na kt\u00f3r\u0105 sk\u0142adaj\u0105 si\u0119 cytaty z wypowiedzi wi\u0119\u017ani\u00f3w, muzyka, przekszta\u0142cone i nak\u0142adaj\u0105ce si\u0119 na siebie obrazy i d\u017awi\u0119ki. Ma ona za zadanie umo\u017cliwi\u0107 zwiedzaj\u0105cym emocjonalny kontakt z histori\u0105, w szczeg\u00f3lno\u015bci z tragicznym losem wi\u0119\u017ani\u00f3w.<\/p>\n\n\n\n<p>Pomieszczenie pozostaje zaciemnione, jedynie w trakcie odtwarzania niekt\u00f3rych fragment\u00f3w tekstu fundamenty baraku zostaj\u0105 w\u0142\u0105czane do toku prezentacji poprzez efekty \u015bwietlne.<\/p>\n<\/div><figure class=\"wp-block-media-text__media\" style=\"background-image:url(https:\/\/gedenkstaette-vaihingen.de\/wp-content\/uploads\/2022\/05\/8-1200x800.jpg);background-position:50% 50%\"><img loading=\"lazy\" decoding=\"async\" width=\"1200\" height=\"800\" src=\"https:\/\/gedenkstaette-vaihingen.de\/wp-content\/uploads\/2022\/05\/8-1200x800.jpg\" alt=\"\" class=\"wp-image-2809 size-full\" srcset=\"https:\/\/gedenkstaette-vaihingen.de\/wp-content\/uploads\/2022\/05\/8-1200x800.jpg 1200w, https:\/\/gedenkstaette-vaihingen.de\/wp-content\/uploads\/2022\/05\/8-480x320.jpg 480w, https:\/\/gedenkstaette-vaihingen.de\/wp-content\/uploads\/2022\/05\/8-768x512.jpg 768w, https:\/\/gedenkstaette-vaihingen.de\/wp-content\/uploads\/2022\/05\/8-1536x1024.jpg 1536w, https:\/\/gedenkstaette-vaihingen.de\/wp-content\/uploads\/2022\/05\/8-2048x1365.jpg 2048w, https:\/\/gedenkstaette-vaihingen.de\/wp-content\/uploads\/2022\/05\/8-1920x1280.jpg 1920w\" sizes=\"auto, (max-width: 1200px) 100vw, 1200px\" \/><\/figure><\/div>\n\n\n\n<div class=\"wp-block-columns alignwide is-layout-flex wp-container-core-columns-is-layout-28f84493 wp-block-columns-is-layout-flex\">\n<div class=\"wp-block-column is-layout-flow wp-block-column-is-layout-flow\"><\/div>\n\n\n\n<div class=\"wp-block-column is-layout-flow wp-block-column-is-layout-flow\">\n<p class=\"has-text-align-center has-small-font-size\">Na mo\u015bcie nad fundamentach baraku odwszenia s\u0105 go\u015bcie i instalacja medi\u00f3w zobaczy\u0107.<\/p>\n<\/div>\n<\/div>\n<\/div>\n\n\n\n<div class=\"wp-block-group alignwide is-layout-flow wp-block-group-is-layout-flow\">\n<div class=\"wp-block-media-text alignwide is-stacked-on-mobile is-vertically-aligned-center is-image-fill\" style=\"grid-template-columns:40% auto\"><figure class=\"wp-block-media-text__media\" style=\"background-image:url(https:\/\/gedenkstaette-vaihingen.de\/wp-content\/uploads\/2022\/05\/19.jpg);background-position:50% 50%\"><img loading=\"lazy\" decoding=\"async\" width=\"300\" height=\"200\" src=\"https:\/\/gedenkstaette-vaihingen.de\/wp-content\/uploads\/2022\/05\/19.jpg\" alt=\"\" class=\"wp-image-2820 size-full\"\/><\/figure><div class=\"wp-block-media-text__content\">\n<p><strong>By\u0142ej kuchni SS<\/strong><\/p>\n\n\n\n<p>Tutaj znajduj\u0105 si\u0119 wystawy okresowe, kt\u00f3rych zadaniem jest przybli\u017canie zwiedzaj\u0105cym poszczeg\u00f3lnych aspekt\u00f3w tematu. Aktualnie prezentowana jest wystawa zatytu\u0142owana \u201eOd masowego grobu do cmentarza zas\u0142u\u017conych\u201d.<\/p>\n\n\n\n<h1 class=\"has-text-align-left has-extra-large-font-size wp-block-heading\"><br><\/h1>\n\n\n\n<p><strong>Sztolnia<\/strong><br><br>Zosta\u0142a wykuta przez wi\u0119\u017ani\u00f3w w skale, jako schron przeciwlotniczy dla oddzia\u0142\u00f3w stra\u017cniczych SS. Jest to ostatnie widoczne \u015bwiadectwo pracy wi\u0119\u017ani\u00f3w.<br><\/p>\n<\/div><\/div>\n\n\n\n<div class=\"wp-block-columns alignwide is-layout-flex wp-container-core-columns-is-layout-28f84493 wp-block-columns-is-layout-flex\">\n<div class=\"wp-block-column is-layout-flow wp-block-column-is-layout-flow\">\n<p class=\"has-text-align-center has-small-font-size\">Wej\u015bcie dla stra\u017cnik\u00f3w do schron\u00f3w nalotu.<\/p>\n<\/div>\n\n\n\n<div class=\"wp-block-column is-layout-flow wp-block-column-is-layout-flow\">\n<p class=\"has-text-align-center has-extra-small-font-size\"><\/p>\n<\/div>\n<\/div>\n<\/div>\n\n\n\n<div class=\"wp-block-group alignwide is-layout-flow wp-block-group-is-layout-flow\">\n<div class=\"wp-block-media-text alignwide has-media-on-the-right is-stacked-on-mobile is-vertically-aligned-center is-image-fill\" style=\"grid-template-columns:auto 58%\"><div class=\"wp-block-media-text__content\">\n<h2 class=\"has-text-align-left has-extra-large-font-size wp-block-heading\"><strong>Cmentarz obozu koncentracyjnego<\/strong><\/h2>\n\n\n\n<p>Na miejscu by\u0142ych grob\u00f3w masowych powsta\u0142 w roku 1958 cmentarz obozowy. Spoczywa tu w anonimowych grobach 1267 ofiar. Cmentarz wraz ze swymi pami\u0105tkowymi kamieniami i tablicami jest g\u0142\u00f3wnym miejscem pami\u0119ci i \u017ca\u0142oby. Tu odbywaj\u0105 si\u0119 corocznie w kwietniu uroczysto\u015bci upami\u0119tniaj\u0105ce wyzwolenie obozu.<\/p>\n<\/div><figure class=\"wp-block-media-text__media\" style=\"background-image:url(https:\/\/gedenkstaette-vaihingen.de\/wp-content\/uploads\/2022\/05\/20.jpg);background-position:50% 50%\"><img loading=\"lazy\" decoding=\"async\" width=\"300\" height=\"169\" src=\"https:\/\/gedenkstaette-vaihingen.de\/wp-content\/uploads\/2022\/05\/20.jpg\" alt=\"\" class=\"wp-image-2821 size-full\"\/><\/figure><\/div>\n\n\n\n<div class=\"wp-block-columns alignwide is-layout-flex wp-container-core-columns-is-layout-28f84493 wp-block-columns-is-layout-flex\">\n<div class=\"wp-block-column is-layout-flow wp-block-column-is-layout-flow\">\n<p class=\"has-text-align-center has-small-font-size\"><\/p>\n<\/div>\n\n\n\n<div class=\"wp-block-column is-layout-flow wp-block-column-is-layout-flow\">\n<p class=\"has-text-align-center has-small-font-size\">Na czterech zbudowany w 2013 tabliczki \u0142\u0105cznie 1.342 nazwisk ofiar s\u0105 w kolejno\u015bci alfabetycznej. Jedena\u015bcie ofiar pozostaj\u0105 anonimowe.<\/p>\n<\/div>\n<\/div>\n<\/div>\n","protected":false},"excerpt":{"rendered":"<p>Na l\u0105dzie Wymienione fundamenty dawnego k\u0105pielowego i odwszenia baraku mog\u0105 by\u0107 przegl\u0105dane przez u\u017cytkownik\u00f3w. Dzi\u015b s\u0105 one zbudowane na sali w samym sercu Kondolencje &#8211; zawiera &#8211; instalacji medi\u00f3w. W recepcji i informacji podano go\u015bci&hellip;<\/p>\n","protected":false},"author":1,"featured_media":3248,"parent":5068,"menu_order":1,"comment_status":"closed","ping_status":"closed","template":"","meta":{"_acf_changed":false,"footnotes":""},"class_list":["post-5097","page","type-page","status-publish","has-post-thumbnail","hentry"],"acf":[],"_links":{"self":[{"href":"https:\/\/gedenkstaette-vaihingen.de\/pl\/wp-json\/wp\/v2\/pages\/5097","targetHints":{"allow":["GET"]}}],"collection":[{"href":"https:\/\/gedenkstaette-vaihingen.de\/pl\/wp-json\/wp\/v2\/pages"}],"about":[{"href":"https:\/\/gedenkstaette-vaihingen.de\/pl\/wp-json\/wp\/v2\/types\/page"}],"author":[{"embeddable":true,"href":"https:\/\/gedenkstaette-vaihingen.de\/pl\/wp-json\/wp\/v2\/users\/1"}],"replies":[{"embeddable":true,"href":"https:\/\/gedenkstaette-vaihingen.de\/pl\/wp-json\/wp\/v2\/comments?post=5097"}],"version-history":[{"count":0,"href":"https:\/\/gedenkstaette-vaihingen.de\/pl\/wp-json\/wp\/v2\/pages\/5097\/revisions"}],"up":[{"embeddable":true,"href":"https:\/\/gedenkstaette-vaihingen.de\/pl\/wp-json\/wp\/v2\/pages\/5068"}],"wp:featuredmedia":[{"embeddable":true,"href":"https:\/\/gedenkstaette-vaihingen.de\/pl\/wp-json\/wp\/v2\/media\/3248"}],"wp:attachment":[{"href":"https:\/\/gedenkstaette-vaihingen.de\/pl\/wp-json\/wp\/v2\/media?parent=5097"}],"curies":[{"name":"wp","href":"https:\/\/api.w.org\/{rel}","templated":true}]}}