{"id":5094,"date":"2022-05-10T15:12:14","date_gmt":"2022-05-10T13:12:14","guid":{"rendered":"https:\/\/gedenkstaette-vaihingen.de\/die-gedenkstaette\/bau-und-entstehungsgeschichte\/"},"modified":"2023-06-13T17:33:46","modified_gmt":"2023-06-13T15:33:46","slug":"bau-und-entstehungsgeschichte","status":"publish","type":"page","link":"https:\/\/gedenkstaette-vaihingen.de\/pl\/die-gedenkstaette\/bau-und-entstehungsgeschichte\/","title":{"rendered":"<strong>Historia budowy<\/strong>"},"content":{"rendered":"\n<p class=\"has-large-font-size\">G\u0142\u00f3wnym celem powsta\u0142ego &nbsp;w listopadzie 1990 roku Stowarzyszenia \u201eInitiative KZ Gedenkst\u00e4tte Vaihingen\/Enz e.V. \/ Inicjatywa na rzecz miejsca pami\u0119ci KZ Vaihingen\/Enz T.z. (dzisiaj: KZ Gedenkst\u00e4tte&nbsp; Vaihingen\/Enz e.V. \/ miejsce pami\u0119ci KZ Vaihingen\/Enz T.z.), by\u0142o stworzenie miejsca spotka\u0144, tak aby opr\u00f3cz pozosta\u0142ego po obozie cmentarza, zachowywana by\u0142a pami\u0119\u0107 o obozie, kt\u00f3r\u0105 nale\u017cy przekazywa\u0107 nast\u0119pnym pokoleniom.<\/p>\n\n\n\n<h2 class=\"wp-block-heading\">Pomnik na autentycznym miejscu<\/h2>\n\n\n\n<figure class=\"wp-block-image size-large\"><img loading=\"lazy\" decoding=\"async\" width=\"1200\" height=\"730\" src=\"https:\/\/gedenkstaette-vaihingen.de\/wp-content\/uploads\/2022\/05\/16-1200x730.jpg\" alt=\"\" class=\"wp-image-2817\" srcset=\"https:\/\/gedenkstaette-vaihingen.de\/wp-content\/uploads\/2022\/05\/16-1200x730.jpg 1200w, https:\/\/gedenkstaette-vaihingen.de\/wp-content\/uploads\/2022\/05\/16-480x292.jpg 480w, https:\/\/gedenkstaette-vaihingen.de\/wp-content\/uploads\/2022\/05\/16-768x467.jpg 768w, https:\/\/gedenkstaette-vaihingen.de\/wp-content\/uploads\/2022\/05\/16-1536x935.jpg 1536w, https:\/\/gedenkstaette-vaihingen.de\/wp-content\/uploads\/2022\/05\/16-2048x1246.jpg 2048w, https:\/\/gedenkstaette-vaihingen.de\/wp-content\/uploads\/2022\/05\/16-1920x1169.jpg 1920w\" sizes=\"auto, (max-width: 1200px) 100vw, 1200px\" \/><figcaption class=\"wp-element-caption\">Memoria\u0142 w maju 2022 r<\/figcaption><\/figure>\n\n\n\n<p>W po\u0142owie lat dziewi\u0119\u0107dziesi\u0105tych plany stworzenia miejsca pami\u0119ci skoncentrowa\u0142y si\u0119 na jedynym zachowanym fundamencie baraku, w kt\u00f3rym mie\u015bci\u0142y si\u0119 kiedy\u015b \u0142a\u017ania i odwszalnia. Urz\u0105d Konserwacji Zabytk\u00f3w w Badenii-Wirtembergii okre\u015bli\u0142 go jako pomnik-miejsce pami\u0119ci. Po przeprowadzeniu renowacji i konserwacji postanowiono zbudowa\u0107 nad nim hal\u0119 \u2013 dzisiejsze miejsce pami\u0119ci \u2013 a bezpo\u015brednio nad fundamentem po\u0142o\u017cy\u0107 k\u0142adk\u0119 dla zwiedzaj\u0105cych. Pozwolenie na budow\u0119 Rada Miasta Vahingen\/Enz wyda\u0142a w 1995 roku.&nbsp;<\/p>\n\n\n\n<div class=\"wp-block-group alignfull has-light-gray-background-color has-background is-layout-flow wp-block-group-is-layout-flow\">\n<div class=\"wp-block-media-text is-stacked-on-mobile\" style=\"grid-template-columns:30% auto\"><figure class=\"wp-block-media-text__media\"><img loading=\"lazy\" decoding=\"async\" width=\"1121\" height=\"736\" src=\"https:\/\/gedenkstaette-vaihingen.de\/wp-content\/uploads\/2022\/08\/02_Gedenkstaette26.jpg\" alt=\"\" class=\"wp-image-4156 size-full\" srcset=\"https:\/\/gedenkstaette-vaihingen.de\/wp-content\/uploads\/2022\/08\/02_Gedenkstaette26.jpg 1121w, https:\/\/gedenkstaette-vaihingen.de\/wp-content\/uploads\/2022\/08\/02_Gedenkstaette26-480x315.jpg 480w, https:\/\/gedenkstaette-vaihingen.de\/wp-content\/uploads\/2022\/08\/02_Gedenkstaette26-768x504.jpg 768w\" sizes=\"auto, (max-width: 1121px) 100vw, 1121px\" \/><\/figure><div class=\"wp-block-media-text__content\">\n<p class=\"has-large-font-size\">W li\u015bcie ok\u00f3lnym do cz\u0142onk\u00f3w stowarzyszenia nr. 17 z 11 sierpnia 1998 roku napisano: \u201eBudow\u0119 naszego miejsca pami\u0119ci powinni\u015bmy rozpocz\u0105\u0107 jesieni\u0105. Prosimy cz\u0142onk\u00f3w o stawianie si\u0119 do pracy przy przygotowaniu placu budowy i kopaniu fundament\u00f3w w soboty podane w terminarzu\u201d. Cz\u0142onkowie wykonali prace przygotowawcze w ramach swoich mo\u017cliwo\u015bci.<\/p>\n<\/div><\/div>\n\n\n\n<div class=\"wp-block-columns is-layout-flex wp-container-core-columns-is-layout-28f84493 wp-block-columns-is-layout-flex\">\n<div class=\"wp-block-column is-layout-flow wp-block-column-is-layout-flow\">\n<p class=\"has-text-align-center has-small-font-size\">Miejsce pami\u0119ci w latach 90<\/p>\n<\/div>\n\n\n\n<div class=\"wp-block-column is-layout-flow wp-block-column-is-layout-flow\"><\/div>\n<\/div>\n<\/div>\n\n\n\n<div class=\"wp-block-columns alignwide are-vertically-aligned-center is-layout-flex wp-container-core-columns-is-layout-28f84493 wp-block-columns-is-layout-flex\">\n<div class=\"wp-block-column is-layout-flow wp-block-column-is-layout-flow\" style=\"flex-basis:50%\">\n<h2 class=\"wp-block-heading has-text-align-left has-extra-large-font-size\">Koncepcja z trzech modu\u0142\u00f3w<\/h2>\n\n\n\n<p>Mimo du\u017cego zaanga\u017cowania cz\u0142onk\u00f3w Stowarzyszenia, trudno\u015bci i op\u00f3\u017anienia wyst\u0119powa\u0142y r\u00f3wnie\u017c w kwestii planowania.<\/p>\n\n\n\n<p>Dopiero na prze\u0142omie wiek\u00f3w stworzono ostateczn\u0105 koncepcj\u0119, a profesjonalne wykonawstwo powierzono architektowi z Vahingen\/Enz, Andreasowi Lippeck.<\/p>\n\n\n\n<p>Og\u00f3lna koncepcja przewidywa\u0142a budow\u0119 miejsca pami\u0119ci sk\u0142adaj\u0105cego si\u0119 z trzech cz\u0119\u015bci: sali informacyjnej dla zwiedzaj\u0105cych z modelem obozu i jego histori\u0105, instalacj\u0119 medialn\u0105 nad fundamentem by\u0142ego baraku sanitarnego (\u201eBlack Box\u201d) oraz sal\u0119 seminaryjno-archiwaln\u0105.<\/p>\n<\/div>\n\n\n\n<div class=\"wp-block-column is-layout-flow wp-block-column-is-layout-flow\" style=\"flex-basis:50%\">\n<figure class=\"wp-block-image size-full\"><img loading=\"lazy\" decoding=\"async\" width=\"858\" height=\"593\" src=\"https:\/\/gedenkstaette-vaihingen.de\/wp-content\/uploads\/2022\/05\/14.jpg\" alt=\"\" class=\"wp-image-2815\" srcset=\"https:\/\/gedenkstaette-vaihingen.de\/wp-content\/uploads\/2022\/05\/14.jpg 858w, https:\/\/gedenkstaette-vaihingen.de\/wp-content\/uploads\/2022\/05\/14-480x332.jpg 480w, https:\/\/gedenkstaette-vaihingen.de\/wp-content\/uploads\/2022\/05\/14-768x531.jpg 768w\" sizes=\"auto, (max-width: 858px) 100vw, 858px\" \/><\/figure>\n<\/div>\n<\/div>\n\n\n\n<div class=\"wp-block-v4-bilder-karussel \">\n\n    <!-- Slider main container -->\n    <div class=\"wp-block-v4-bilder-karussel__slider-container swiper-container\">\n\n        <!-- Additional required wrapper -->\n        <figure class=\"wp-block-v4-bilder-karussel__slider-wrapper swiper-wrapper\">\n\n            <!-- Slides -->\n                        <figure class=\"wp-block-v4-bilder-karussel__slide swiper-slide\">\n                <a href=\"https:\/\/gedenkstaette-vaihingen.de\/wp-content\/uploads\/2022\/05\/12.jpg\">\n                    <img loading=\"lazy\" decoding=\"async\" width=\"864\" height=\"607\" src=\"https:\/\/gedenkstaette-vaihingen.de\/wp-content\/uploads\/2022\/05\/12.jpg\" class=\"wp-block-v4-bilder-karussel__image\" alt=\"\" srcset=\"https:\/\/gedenkstaette-vaihingen.de\/wp-content\/uploads\/2022\/05\/12.jpg 864w, https:\/\/gedenkstaette-vaihingen.de\/wp-content\/uploads\/2022\/05\/12-480x337.jpg 480w, https:\/\/gedenkstaette-vaihingen.de\/wp-content\/uploads\/2022\/05\/12-768x540.jpg 768w\" sizes=\"auto, (max-width: 864px) 100vw, 864px\" \/>\n                <\/a>\n                <p class=\"wp-block-v4-bilder-karussel__slide_caption\">Pierwszy Abeiten z cz\u0142onk\u00f3w klubu na pocz\u0105tku 1990<\/p>\n            <\/figure>\n                        <figure class=\"wp-block-v4-bilder-karussel__slide swiper-slide\">\n                <a href=\"https:\/\/gedenkstaette-vaihingen.de\/wp-content\/uploads\/2022\/05\/13.jpg\">\n                    <img loading=\"lazy\" decoding=\"async\" width=\"884\" height=\"598\" src=\"https:\/\/gedenkstaette-vaihingen.de\/wp-content\/uploads\/2022\/05\/13.jpg\" class=\"wp-block-v4-bilder-karussel__image\" alt=\"\" srcset=\"https:\/\/gedenkstaette-vaihingen.de\/wp-content\/uploads\/2022\/05\/13.jpg 884w, https:\/\/gedenkstaette-vaihingen.de\/wp-content\/uploads\/2022\/05\/13-480x325.jpg 480w, https:\/\/gedenkstaette-vaihingen.de\/wp-content\/uploads\/2022\/05\/13-768x520.jpg 768w\" sizes=\"auto, (max-width: 884px) 100vw, 884px\" \/>\n                <\/a>\n                <p class=\"wp-block-v4-bilder-karussel__slide_caption\">The Visitor oraz Biuro Informacji i hali na fundamentach dawnego k\u0105pieli i odwszenia baraku w pow\u0142oce (jesie\u0144 2001)<\/p>\n            <\/figure>\n                        <figure class=\"wp-block-v4-bilder-karussel__slide swiper-slide\">\n                <a href=\"https:\/\/gedenkstaette-vaihingen.de\/wp-content\/uploads\/2022\/05\/14.jpg\">\n                    <img loading=\"lazy\" decoding=\"async\" width=\"858\" height=\"593\" src=\"https:\/\/gedenkstaette-vaihingen.de\/wp-content\/uploads\/2022\/05\/14.jpg\" class=\"wp-block-v4-bilder-karussel__image\" alt=\"\" srcset=\"https:\/\/gedenkstaette-vaihingen.de\/wp-content\/uploads\/2022\/05\/14.jpg 858w, https:\/\/gedenkstaette-vaihingen.de\/wp-content\/uploads\/2022\/05\/14-480x332.jpg 480w, https:\/\/gedenkstaette-vaihingen.de\/wp-content\/uploads\/2022\/05\/14-768x531.jpg 768w\" sizes=\"auto, (max-width: 858px) 100vw, 858px\" \/>\n                <\/a>\n                <p class=\"wp-block-v4-bilder-karussel__slide_caption\">Most na historycznych fundament\u00f3w \u0142\u0105czy modu\u0142y<\/p>\n            <\/figure>\n                        <figure class=\"wp-block-v4-bilder-karussel__slide swiper-slide\">\n                <a href=\"https:\/\/gedenkstaette-vaihingen.de\/wp-content\/uploads\/2022\/05\/15-1200x900.jpg\">\n                    <img loading=\"lazy\" decoding=\"async\" width=\"1140\" height=\"855\" src=\"https:\/\/gedenkstaette-vaihingen.de\/wp-content\/uploads\/2022\/05\/15-1200x900.jpg\" class=\"wp-block-v4-bilder-karussel__image\" alt=\"\" srcset=\"https:\/\/gedenkstaette-vaihingen.de\/wp-content\/uploads\/2022\/05\/15-1200x900.jpg 1200w, https:\/\/gedenkstaette-vaihingen.de\/wp-content\/uploads\/2022\/05\/15-480x360.jpg 480w, https:\/\/gedenkstaette-vaihingen.de\/wp-content\/uploads\/2022\/05\/15-768x576.jpg 768w, https:\/\/gedenkstaette-vaihingen.de\/wp-content\/uploads\/2022\/05\/15-1536x1152.jpg 1536w, https:\/\/gedenkstaette-vaihingen.de\/wp-content\/uploads\/2022\/05\/15-2048x1536.jpg 2048w, https:\/\/gedenkstaette-vaihingen.de\/wp-content\/uploads\/2022\/05\/15-1707x1280.jpg 1707w\" sizes=\"auto, (max-width: 1140px) 100vw, 1140px\" \/>\n                <\/a>\n                <p class=\"wp-block-v4-bilder-karussel__slide_caption\">Na otwarciu w kwietniu 2005<\/p>\n            <\/figure>\n                        <figure class=\"wp-block-v4-bilder-karussel__slide swiper-slide\">\n                <a href=\"https:\/\/gedenkstaette-vaihingen.de\/wp-content\/uploads\/2022\/05\/16-1200x730.jpg\">\n                    <img loading=\"lazy\" decoding=\"async\" width=\"1140\" height=\"694\" src=\"https:\/\/gedenkstaette-vaihingen.de\/wp-content\/uploads\/2022\/05\/16-1200x730.jpg\" class=\"wp-block-v4-bilder-karussel__image\" alt=\"\" srcset=\"https:\/\/gedenkstaette-vaihingen.de\/wp-content\/uploads\/2022\/05\/16-1200x730.jpg 1200w, https:\/\/gedenkstaette-vaihingen.de\/wp-content\/uploads\/2022\/05\/16-480x292.jpg 480w, https:\/\/gedenkstaette-vaihingen.de\/wp-content\/uploads\/2022\/05\/16-768x467.jpg 768w, https:\/\/gedenkstaette-vaihingen.de\/wp-content\/uploads\/2022\/05\/16-1536x935.jpg 1536w, https:\/\/gedenkstaette-vaihingen.de\/wp-content\/uploads\/2022\/05\/16-2048x1246.jpg 2048w, https:\/\/gedenkstaette-vaihingen.de\/wp-content\/uploads\/2022\/05\/16-1920x1169.jpg 1920w\" sizes=\"auto, (max-width: 1140px) 100vw, 1140px\" \/>\n                <\/a>\n                <p class=\"wp-block-v4-bilder-karussel__slide_caption\">Memoria\u0142 w 2016 roku<\/p>\n            <\/figure>\n            \n        <\/figure>\n\n    <\/div>\n\n    <!-- Meta bar -->\n    <div class=\"wp-block-v4-bilder-karussel__meta\">\n\n        <div class=\"wp-block-v4-bilder-karussel__pagination Swiper-pagination\"><\/div>\n\n        <div class=\"wp-block-v4-bilder-karussel__navigation swiper-buttons\">\n            <div class=\"wp-block-v4-bilder-karussel__prev swiper-button-prev\"><\/div>\n            <div class=\"wp-block-v4-bilder-karussel__next swiper-button-next\"><\/div>\n        <\/div>\n\n    <\/div>\n\n<\/div>\n\n\n<div class=\"wp-block-media-text alignwide is-stacked-on-mobile is-vertically-aligned-center is-image-fill\" style=\"grid-template-columns:40% auto\"><figure class=\"wp-block-media-text__media\" style=\"background-image:url(https:\/\/gedenkstaette-vaihingen.de\/wp-content\/uploads\/2022\/08\/Bild4_Ueberlebender_Gedenkfeier2006-1200x798.jpg);background-position:50% 50%\"><img loading=\"lazy\" decoding=\"async\" width=\"1200\" height=\"798\" src=\"https:\/\/gedenkstaette-vaihingen.de\/wp-content\/uploads\/2022\/08\/Bild4_Ueberlebender_Gedenkfeier2006-1200x798.jpg\" alt=\"\" class=\"wp-image-4186 size-full\" srcset=\"https:\/\/gedenkstaette-vaihingen.de\/wp-content\/uploads\/2022\/08\/Bild4_Ueberlebender_Gedenkfeier2006-1200x798.jpg 1200w, https:\/\/gedenkstaette-vaihingen.de\/wp-content\/uploads\/2022\/08\/Bild4_Ueberlebender_Gedenkfeier2006-480x319.jpg 480w, https:\/\/gedenkstaette-vaihingen.de\/wp-content\/uploads\/2022\/08\/Bild4_Ueberlebender_Gedenkfeier2006-768x511.jpg 768w, https:\/\/gedenkstaette-vaihingen.de\/wp-content\/uploads\/2022\/08\/Bild4_Ueberlebender_Gedenkfeier2006-1536x1021.jpg 1536w, https:\/\/gedenkstaette-vaihingen.de\/wp-content\/uploads\/2022\/08\/Bild4_Ueberlebender_Gedenkfeier2006-2048x1362.jpg 2048w, https:\/\/gedenkstaette-vaihingen.de\/wp-content\/uploads\/2022\/08\/Bild4_Ueberlebender_Gedenkfeier2006-1920x1277.jpg 1920w\" sizes=\"auto, (max-width: 1200px) 100vw, 1200px\" \/><\/figure><div class=\"wp-block-media-text__content\">\n<h2 class=\"wp-block-heading has-text-align-left has-extra-large-font-size\">Potwierdzenie przez rozbitk\u00f3w<\/h2>\n\n\n\n<p>R\u00f3wnocze\u015bnie firma \u201ebrainwave\u201d ze Stuttgartu wykona\u0142a program video autorstwa specjalisty medialnego Thomasa Bartsch, kt\u00f3ry w &#8222;Black Box&#8221; ma wprowadzi\u0107 zwiedzaj\u0105cych w temat.<\/p>\n\n\n\n<p>W roku 2001 rozpocz\u0119\u0142y si\u0119 prace przy stawianiu fundament\u00f3w pod sal\u0119 informacyjn\u0105 dla zwiedzaj\u0105cych. R\u00f3wnocze\u015bnie miasto wys\u0142a\u0142o zaproszenia do by\u0142ych wi\u0119\u017ani\u00f3w obozu, prosz\u0105c ich o przybycie na spotkanie w rocznic\u0119 wyzwolenia obozu, 7 kwietnia 2001 roku. Go\u015bciom zaprezentowano koncepcj\u0119 budowy miejsca pami\u0119ci, kt\u00f3ra zosta\u0142a przez nich zaakceptowana.<\/p>\n\n\n\n<p>Po spotkaniu mo\u017cna ju\u017c by\u0142o by\u0107 pewnym, \u017ce powstanie miejsca pami\u0119ci stanie si\u0119 faktem.Dok\u0142adnie w rok p\u00f3\u017aniej wymienione prace zako\u0144czono. Kilkaset os\u00f3b uczestniczy\u0142o w uroczysto\u015bci otwarcia i po\u015bwi\u0119cenia tego odcinka budowy.<\/p>\n<\/div><\/div>\n\n\n\n<div class=\"wp-block-media-text alignwide has-media-on-the-right is-stacked-on-mobile is-vertically-aligned-center is-image-fill\" style=\"grid-template-columns:auto 40%\"><div class=\"wp-block-media-text__content\">\n<h2 class=\"wp-block-heading has-text-align-left has-extra-large-font-size\">Uroczyste otwarcie w kwietniu 2005 roku<\/h2>\n\n\n\n<p>Prace budowlane trwa\u0142y jeszcze trzy lata. W dniu 16 kwietnia 2005 roku miejsce pami\u0119ci KZ-Vaihingen\/Enz zosta\u0142o uroczy\u015bcie otwarte. Odby\u0142o si\u0119 to w obecno\u015bci by\u0142ych wi\u0119\u017ani\u00f3w i ich rodzin z Francji, Izraela, Kanady, Holandii, Polski i USA.<\/p>\n<\/div><figure class=\"wp-block-media-text__media\" style=\"background-image:url(https:\/\/gedenkstaette-vaihingen.de\/wp-content\/uploads\/2022\/08\/Treffen2005-3-1-1200x798.jpg);background-position:50% 50%\"><img loading=\"lazy\" decoding=\"async\" width=\"1200\" height=\"798\" src=\"https:\/\/gedenkstaette-vaihingen.de\/wp-content\/uploads\/2022\/08\/Treffen2005-3-1-1200x798.jpg\" alt=\"\" class=\"wp-image-4174 size-full\" srcset=\"https:\/\/gedenkstaette-vaihingen.de\/wp-content\/uploads\/2022\/08\/Treffen2005-3-1-1200x798.jpg 1200w, https:\/\/gedenkstaette-vaihingen.de\/wp-content\/uploads\/2022\/08\/Treffen2005-3-1-480x319.jpg 480w, https:\/\/gedenkstaette-vaihingen.de\/wp-content\/uploads\/2022\/08\/Treffen2005-3-1-768x511.jpg 768w, https:\/\/gedenkstaette-vaihingen.de\/wp-content\/uploads\/2022\/08\/Treffen2005-3-1-1536x1021.jpg 1536w, https:\/\/gedenkstaette-vaihingen.de\/wp-content\/uploads\/2022\/08\/Treffen2005-3-1-2048x1362.jpg 2048w, https:\/\/gedenkstaette-vaihingen.de\/wp-content\/uploads\/2022\/08\/Treffen2005-3-1-1920x1277.jpg 1920w\" sizes=\"auto, (max-width: 1200px) 100vw, 1200px\" \/><\/figure><\/div>\n\n\n\n<div class=\"wp-block-media-text alignwide is-stacked-on-mobile is-vertically-aligned-center is-image-fill\" style=\"grid-template-columns:40% auto\"><figure class=\"wp-block-media-text__media\" style=\"background-image:url(https:\/\/gedenkstaette-vaihingen.de\/wp-content\/uploads\/2022\/05\/9.jpg);background-position:50% 50%\"><img loading=\"lazy\" decoding=\"async\" width=\"640\" height=\"377\" src=\"https:\/\/gedenkstaette-vaihingen.de\/wp-content\/uploads\/2022\/05\/9.jpg\" alt=\"\" class=\"wp-image-2810 size-full\" srcset=\"https:\/\/gedenkstaette-vaihingen.de\/wp-content\/uploads\/2022\/05\/9.jpg 640w, https:\/\/gedenkstaette-vaihingen.de\/wp-content\/uploads\/2022\/05\/9-480x283.jpg 480w\" sizes=\"auto, (max-width: 640px) 100vw, 640px\" \/><\/figure><div class=\"wp-block-media-text__content\">\n<h2 class=\"wp-block-heading has-text-align-left has-extra-large-font-size\"><strong>2017: Sala seminaryjna uzupe\u0142nia miejsce pami\u0119ci<\/strong><\/h2>\n\n\n\n<p>INowo wybudowana sala seminaryjna zosta\u0142a otwarta w kameralnej uroczysto\u015bci w sobot\u0119 23 wrze\u015bnia 2017 r.<\/p>\n\n\n\n<p>Prawie 40 zaproszonych go\u015bci, w tym Starosta Powiatowy dr. Rainer Haas i burmistrz Gerd Maisch, przedstawiciele wa\u017cni uczestnicy \u2013 okr\u0119gu Ludwigsburg i miasta Vaihingen\/Enz, \u015bledzili wyja\u015bnienia dotycz\u0105ce historii pomnika i sali seminaryjnej jako miejsce pami\u0119ci.<\/p>\n\n\n\n<p>Mo\u017ce s\u0142u\u017cy\u0107 zar\u00f3wno jako sala szkoleniowa, jak i alternatywna opcja zwiedzania z przewodnikiem. Nowoczesne wyposa\u017cenie techniczne umo\u017cliwia tak\u017ce np. projekcje filmowe.<\/p>\n<\/div><\/div>\n\n\n\n<div class=\"wp-block-v4-bilder-karussel \">\n\n    <!-- Slider main container -->\n    <div class=\"wp-block-v4-bilder-karussel__slider-container swiper-container\">\n\n        <!-- Additional required wrapper -->\n        <figure class=\"wp-block-v4-bilder-karussel__slider-wrapper swiper-wrapper\">\n\n            <!-- Slides -->\n                        <figure class=\"wp-block-v4-bilder-karussel__slide swiper-slide\">\n                <a href=\"https:\/\/gedenkstaette-vaihingen.de\/wp-content\/uploads\/2022\/05\/9.jpg\">\n                    <img loading=\"lazy\" decoding=\"async\" width=\"640\" height=\"377\" src=\"https:\/\/gedenkstaette-vaihingen.de\/wp-content\/uploads\/2022\/05\/9.jpg\" class=\"wp-block-v4-bilder-karussel__image\" alt=\"\" srcset=\"https:\/\/gedenkstaette-vaihingen.de\/wp-content\/uploads\/2022\/05\/9.jpg 640w, https:\/\/gedenkstaette-vaihingen.de\/wp-content\/uploads\/2022\/05\/9-480x283.jpg 480w\" sizes=\"auto, (max-width: 640px) 100vw, 640px\" \/>\n                <\/a>\n                <p class=\"wp-block-v4-bilder-karussel__slide_caption\">wrzesie\u0144 2017: Wraz z budow\u0105 sali seminaryjnej dobieg\u0142a ko\u0144ca budowa pomnika.<\/p>\n            <\/figure>\n                        <figure class=\"wp-block-v4-bilder-karussel__slide swiper-slide\">\n                <a href=\"https:\/\/gedenkstaette-vaihingen.de\/wp-content\/uploads\/2022\/05\/83.jpg\">\n                    <img loading=\"lazy\" decoding=\"async\" width=\"640\" height=\"427\" src=\"https:\/\/gedenkstaette-vaihingen.de\/wp-content\/uploads\/2022\/05\/83.jpg\" class=\"wp-block-v4-bilder-karussel__image\" alt=\"\" srcset=\"https:\/\/gedenkstaette-vaihingen.de\/wp-content\/uploads\/2022\/05\/83.jpg 640w, https:\/\/gedenkstaette-vaihingen.de\/wp-content\/uploads\/2022\/05\/83-480x320.jpg 480w\" sizes=\"auto, (max-width: 640px) 100vw, 640px\" \/>\n                <\/a>\n                <p class=\"wp-block-v4-bilder-karussel__slide_caption\">Rzecznik zarz\u0105du Bernhard Freckmann przy powitaniu go\u015bci zwraca uwag\u0119 na kr\u00f3tki czas budowy, bo ok. 7 miesi\u0119cy.<\/p>\n            <\/figure>\n                        <figure class=\"wp-block-v4-bilder-karussel__slide swiper-slide\">\n                <a href=\"https:\/\/gedenkstaette-vaihingen.de\/wp-content\/uploads\/2022\/05\/84.jpg\">\n                    <img loading=\"lazy\" decoding=\"async\" width=\"640\" height=\"427\" src=\"https:\/\/gedenkstaette-vaihingen.de\/wp-content\/uploads\/2022\/05\/84.jpg\" class=\"wp-block-v4-bilder-karussel__image\" alt=\"\" srcset=\"https:\/\/gedenkstaette-vaihingen.de\/wp-content\/uploads\/2022\/05\/84.jpg 640w, https:\/\/gedenkstaette-vaihingen.de\/wp-content\/uploads\/2022\/05\/84-480x320.jpg 480w\" sizes=\"auto, (max-width: 640px) 100vw, 640px\" \/>\n                <\/a>\n                <p class=\"wp-block-v4-bilder-karussel__slide_caption\">Starosta Okr\u0119gowy dr. Rainer Haas prowadzi\u0142 kampani\u0119 na rzecz nowego budynku zar\u00f3wno w radzie dzielnicy, jak iw fundacji okr\u0119gowej kasy oszcz\u0119dno\u015bciowej.<\/p>\n            <\/figure>\n                        <figure class=\"wp-block-v4-bilder-karussel__slide swiper-slide\">\n                <a href=\"https:\/\/gedenkstaette-vaihingen.de\/wp-content\/uploads\/2022\/05\/85.jpg\">\n                    <img loading=\"lazy\" decoding=\"async\" width=\"640\" height=\"427\" src=\"https:\/\/gedenkstaette-vaihingen.de\/wp-content\/uploads\/2022\/05\/85.jpg\" class=\"wp-block-v4-bilder-karussel__image\" alt=\"\" srcset=\"https:\/\/gedenkstaette-vaihingen.de\/wp-content\/uploads\/2022\/05\/85.jpg 640w, https:\/\/gedenkstaette-vaihingen.de\/wp-content\/uploads\/2022\/05\/85-480x320.jpg 480w\" sizes=\"auto, (max-width: 640px) 100vw, 640px\" \/>\n                <\/a>\n                <p class=\"wp-block-v4-bilder-karussel__slide_caption\">burmistrz Gerd Maisch oraz cz\u0142onek-za\u0142o\u017cyciel i d\u0142ugoletni rzecznik zarz\u0105du pomnika obozu koncentracyjnego Vaihingen\/Enz dr. Manfred Scheck w rozmowie.<\/p>\n            <\/figure>\n                        <figure class=\"wp-block-v4-bilder-karussel__slide swiper-slide\">\n                <a href=\"https:\/\/gedenkstaette-vaihingen.de\/wp-content\/uploads\/2022\/05\/9.jpg\">\n                    <img loading=\"lazy\" decoding=\"async\" width=\"640\" height=\"377\" src=\"https:\/\/gedenkstaette-vaihingen.de\/wp-content\/uploads\/2022\/05\/9.jpg\" class=\"wp-block-v4-bilder-karussel__image\" alt=\"\" srcset=\"https:\/\/gedenkstaette-vaihingen.de\/wp-content\/uploads\/2022\/05\/9.jpg 640w, https:\/\/gedenkstaette-vaihingen.de\/wp-content\/uploads\/2022\/05\/9-480x283.jpg 480w\" sizes=\"auto, (max-width: 640px) 100vw, 640px\" \/>\n                <\/a>\n                <p class=\"wp-block-v4-bilder-karussel__slide_caption\">Sala seminaryjna, jako sala wielofunkcyjna, jest wa\u017cnym ostatnim elementem konstrukcyjnym miejsca pami\u0119ci.<\/p>\n            <\/figure>\n                        <figure class=\"wp-block-v4-bilder-karussel__slide swiper-slide\">\n                <a href=\"https:\/\/gedenkstaette-vaihingen.de\/wp-content\/uploads\/2022\/05\/86.jpg\">\n                    <img loading=\"lazy\" decoding=\"async\" width=\"640\" height=\"427\" src=\"https:\/\/gedenkstaette-vaihingen.de\/wp-content\/uploads\/2022\/05\/86.jpg\" class=\"wp-block-v4-bilder-karussel__image\" alt=\"\" srcset=\"https:\/\/gedenkstaette-vaihingen.de\/wp-content\/uploads\/2022\/05\/86.jpg 640w, https:\/\/gedenkstaette-vaihingen.de\/wp-content\/uploads\/2022\/05\/86-480x320.jpg 480w\" sizes=\"auto, (max-width: 640px) 100vw, 640px\" \/>\n                <\/a>\n                <p class=\"wp-block-v4-bilder-karussel__slide_caption\">Brigitta Isermeyer mit Jugendguides (Sch\u00fclerinnen des Friedrich-Abel Gymnasiums) vor dem Seminarraum)<\/p>\n            <\/figure>\n            \n        <\/figure>\n\n    <\/div>\n\n    <!-- Meta bar -->\n    <div class=\"wp-block-v4-bilder-karussel__meta\">\n\n        <div class=\"wp-block-v4-bilder-karussel__pagination Swiper-pagination\"><\/div>\n\n        <div class=\"wp-block-v4-bilder-karussel__navigation swiper-buttons\">\n            <div class=\"wp-block-v4-bilder-karussel__prev swiper-button-prev\"><\/div>\n            <div class=\"wp-block-v4-bilder-karussel__next swiper-button-next\"><\/div>\n        <\/div>\n\n    <\/div>\n\n<\/div>","protected":false},"excerpt":{"rendered":"<p>G\u0142\u00f3wnym celem powsta\u0142ego &nbsp;w listopadzie 1990 roku Stowarzyszenia \u201eInitiative KZ Gedenkst\u00e4tte Vaihingen\/Enz e.V. \/ Inicjatywa na rzecz miejsca pami\u0119ci KZ Vaihingen\/Enz T.z. (dzisiaj: KZ Gedenkst\u00e4tte&nbsp; Vaihingen\/Enz e.V. \/ miejsce pami\u0119ci KZ Vaihingen\/Enz T.z.), by\u0142o stworzenie&hellip;<\/p>\n","protected":false},"author":1,"featured_media":3230,"parent":5068,"menu_order":0,"comment_status":"closed","ping_status":"closed","template":"","meta":{"_acf_changed":false,"footnotes":""},"class_list":["post-5094","page","type-page","status-publish","has-post-thumbnail","hentry"],"acf":[],"_links":{"self":[{"href":"https:\/\/gedenkstaette-vaihingen.de\/pl\/wp-json\/wp\/v2\/pages\/5094","targetHints":{"allow":["GET"]}}],"collection":[{"href":"https:\/\/gedenkstaette-vaihingen.de\/pl\/wp-json\/wp\/v2\/pages"}],"about":[{"href":"https:\/\/gedenkstaette-vaihingen.de\/pl\/wp-json\/wp\/v2\/types\/page"}],"author":[{"embeddable":true,"href":"https:\/\/gedenkstaette-vaihingen.de\/pl\/wp-json\/wp\/v2\/users\/1"}],"replies":[{"embeddable":true,"href":"https:\/\/gedenkstaette-vaihingen.de\/pl\/wp-json\/wp\/v2\/comments?post=5094"}],"version-history":[{"count":1,"href":"https:\/\/gedenkstaette-vaihingen.de\/pl\/wp-json\/wp\/v2\/pages\/5094\/revisions"}],"predecessor-version":[{"id":5185,"href":"https:\/\/gedenkstaette-vaihingen.de\/pl\/wp-json\/wp\/v2\/pages\/5094\/revisions\/5185"}],"up":[{"embeddable":true,"href":"https:\/\/gedenkstaette-vaihingen.de\/pl\/wp-json\/wp\/v2\/pages\/5068"}],"wp:featuredmedia":[{"embeddable":true,"href":"https:\/\/gedenkstaette-vaihingen.de\/pl\/wp-json\/wp\/v2\/media\/3230"}],"wp:attachment":[{"href":"https:\/\/gedenkstaette-vaihingen.de\/pl\/wp-json\/wp\/v2\/media?parent=5094"}],"curies":[{"name":"wp","href":"https:\/\/api.w.org\/{rel}","templated":true}]}}