{"id":5068,"date":"2020-07-23T15:10:14","date_gmt":"2020-07-23T13:10:14","guid":{"rendered":"https:\/\/gedenkstaette-vaihingen.de\/die-gedenkstaette\/"},"modified":"2023-03-30T14:46:48","modified_gmt":"2023-03-30T12:46:48","slug":"die-gedenkstaette","status":"publish","type":"page","link":"https:\/\/gedenkstaette-vaihingen.de\/pl\/die-gedenkstaette\/","title":{"rendered":"<strong>Miejsce pami\u0119ci<\/strong>"},"content":{"rendered":"\n<div class=\"wp-block-cover alignfull\" style=\"min-height:545px;aspect-ratio:unset;\"><span aria-hidden=\"true\" class=\"wp-block-cover__background has-background-dim-30 has-background-dim\"><\/span><img loading=\"lazy\" decoding=\"async\" width=\"2560\" height=\"1707\" class=\"wp-block-cover__image-background wp-image-2809\" alt=\"\" src=\"https:\/\/gedenkstaette-vaihingen.de\/wp-content\/uploads\/2022\/05\/8-scaled.jpg\" style=\"object-position:44% 59%\" data-object-fit=\"cover\" data-object-position=\"44% 59%\" srcset=\"https:\/\/gedenkstaette-vaihingen.de\/wp-content\/uploads\/2022\/05\/8-scaled.jpg 2560w, https:\/\/gedenkstaette-vaihingen.de\/wp-content\/uploads\/2022\/05\/8-480x320.jpg 480w, https:\/\/gedenkstaette-vaihingen.de\/wp-content\/uploads\/2022\/05\/8-1200x800.jpg 1200w, https:\/\/gedenkstaette-vaihingen.de\/wp-content\/uploads\/2022\/05\/8-768x512.jpg 768w, https:\/\/gedenkstaette-vaihingen.de\/wp-content\/uploads\/2022\/05\/8-1536x1024.jpg 1536w, https:\/\/gedenkstaette-vaihingen.de\/wp-content\/uploads\/2022\/05\/8-2048x1365.jpg 2048w, https:\/\/gedenkstaette-vaihingen.de\/wp-content\/uploads\/2022\/05\/8-1920x1280.jpg 1920w\" sizes=\"auto, (max-width: 2560px) 100vw, 2560px\" \/><div class=\"wp-block-cover__inner-container is-layout-flow wp-block-cover-is-layout-flow\">\n<p class=\"has-text-align-center\"><\/p>\n\n\n\n<h3 class=\"has-text-align-left has-huge-font-size wp-block-heading\"><sub><strong>Miejsce pami\u0119ci<\/strong><\/sub><\/h3>\n<\/div><\/div>\n\n\n\n<p class=\"has-large-font-size\">Memoria\u0142 poszed\u0142 do operacji w 2005 roku. W powiecie Ludwigsburg poszukiwanie \u015blad\u00f3w historii zosta\u0142o zainicjowane przez nauczycieli zrzeszonych w zwi\u0105zku zawodowym \u201eWychowanie i Wiedza\u201d.<\/p>\n\n\n\n<p class=\"has-large-font-size\">Podczas zorganizowanej jesieni\u0105 1987 roku \u201ealternatywnej wycieczki po powiecie\u201d do miejsc m\u0119cze\u0144stwa, zrodzi\u0142a si\u0119 idea stworzenia centralnego miejsca pami\u0119ci o prze\u015bladowaniach i ich licznych ofiarach, gdzie szczeg\u00f3lnie uczniom, b\u0119dzie mo\u017cna pogl\u0105dowo przekazywa\u0107 wiedz\u0119 na ten temat.<\/p>\n\n\n\n<div class=\"wp-block-v4-bilder-karussel \">\n\n    <!-- Slider main container -->\n    <div class=\"wp-block-v4-bilder-karussel__slider-container swiper-container\">\n\n        <!-- Additional required wrapper -->\n        <figure class=\"wp-block-v4-bilder-karussel__slider-wrapper swiper-wrapper\">\n\n            <!-- Slides -->\n                        <figure class=\"wp-block-v4-bilder-karussel__slide swiper-slide\">\n                <a href=\"https:\/\/gedenkstaette-vaihingen.de\/wp-content\/uploads\/2022\/05\/6-1200x665.jpg\">\n                    <img loading=\"lazy\" decoding=\"async\" width=\"1140\" height=\"632\" src=\"https:\/\/gedenkstaette-vaihingen.de\/wp-content\/uploads\/2022\/05\/6-1200x665.jpg\" class=\"wp-block-v4-bilder-karussel__image\" alt=\"\" srcset=\"https:\/\/gedenkstaette-vaihingen.de\/wp-content\/uploads\/2022\/05\/6-1200x665.jpg 1200w, https:\/\/gedenkstaette-vaihingen.de\/wp-content\/uploads\/2022\/05\/6-480x266.jpg 480w, https:\/\/gedenkstaette-vaihingen.de\/wp-content\/uploads\/2022\/05\/6-768x426.jpg 768w, https:\/\/gedenkstaette-vaihingen.de\/wp-content\/uploads\/2022\/05\/6-1536x852.jpg 1536w, https:\/\/gedenkstaette-vaihingen.de\/wp-content\/uploads\/2022\/05\/6-2048x1136.jpg 2048w, https:\/\/gedenkstaette-vaihingen.de\/wp-content\/uploads\/2022\/05\/6-1920x1065.jpg 1920w\" sizes=\"auto, (max-width: 1140px) 100vw, 1140px\" \/>\n                <\/a>\n                <p class=\"wp-block-v4-bilder-karussel__slide_caption\">Wykopanego fundamenty k\u0105pielowym i odwszenia baraku na pocz\u0105tku 1990<\/p>\n            <\/figure>\n                        <figure class=\"wp-block-v4-bilder-karussel__slide swiper-slide\">\n                <a href=\"https:\/\/gedenkstaette-vaihingen.de\/wp-content\/uploads\/2022\/05\/4-1200x669.jpg\">\n                    <img loading=\"lazy\" decoding=\"async\" width=\"1140\" height=\"636\" src=\"https:\/\/gedenkstaette-vaihingen.de\/wp-content\/uploads\/2022\/05\/4-1200x669.jpg\" class=\"wp-block-v4-bilder-karussel__image\" alt=\"\" srcset=\"https:\/\/gedenkstaette-vaihingen.de\/wp-content\/uploads\/2022\/05\/4-1200x669.jpg 1200w, https:\/\/gedenkstaette-vaihingen.de\/wp-content\/uploads\/2022\/05\/4-480x268.jpg 480w, https:\/\/gedenkstaette-vaihingen.de\/wp-content\/uploads\/2022\/05\/4-768x428.jpg 768w, https:\/\/gedenkstaette-vaihingen.de\/wp-content\/uploads\/2022\/05\/4.jpg 1338w\" sizes=\"auto, (max-width: 1140px) 100vw, 1140px\" \/>\n                <\/a>\n                <p class=\"wp-block-v4-bilder-karussel__slide_caption\">Konstrukcja stalowa hali, lato 2001<\/p>\n            <\/figure>\n                        <figure class=\"wp-block-v4-bilder-karussel__slide swiper-slide\">\n                <a href=\"https:\/\/gedenkstaette-vaihingen.de\/wp-content\/uploads\/2022\/05\/5.jpg\">\n                    <img loading=\"lazy\" decoding=\"async\" width=\"1140\" height=\"746\" src=\"https:\/\/gedenkstaette-vaihingen.de\/wp-content\/uploads\/2022\/05\/5.jpg\" class=\"wp-block-v4-bilder-karussel__image\" alt=\"\" srcset=\"https:\/\/gedenkstaette-vaihingen.de\/wp-content\/uploads\/2022\/05\/5.jpg 1142w, https:\/\/gedenkstaette-vaihingen.de\/wp-content\/uploads\/2022\/05\/5-480x314.jpg 480w, https:\/\/gedenkstaette-vaihingen.de\/wp-content\/uploads\/2022\/05\/5-768x502.jpg 768w\" sizes=\"auto, (max-width: 1140px) 100vw, 1140px\" \/>\n                <\/a>\n                <p class=\"wp-block-v4-bilder-karussel__slide_caption\">Pierwszy etap zosta\u0142 przedstawiony do publicznej wiadomo\u015bci w dniu 7 kwietnia 2002 roku<\/p>\n            <\/figure>\n                        <figure class=\"wp-block-v4-bilder-karussel__slide swiper-slide\">\n                <a href=\"https:\/\/gedenkstaette-vaihingen.de\/wp-content\/uploads\/2022\/05\/7-1200x829.jpg\">\n                    <img loading=\"lazy\" decoding=\"async\" width=\"1140\" height=\"788\" src=\"https:\/\/gedenkstaette-vaihingen.de\/wp-content\/uploads\/2022\/05\/7-1200x829.jpg\" class=\"wp-block-v4-bilder-karussel__image\" alt=\"\" srcset=\"https:\/\/gedenkstaette-vaihingen.de\/wp-content\/uploads\/2022\/05\/7-1200x829.jpg 1200w, https:\/\/gedenkstaette-vaihingen.de\/wp-content\/uploads\/2022\/05\/7-480x331.jpg 480w, https:\/\/gedenkstaette-vaihingen.de\/wp-content\/uploads\/2022\/05\/7-768x530.jpg 768w, https:\/\/gedenkstaette-vaihingen.de\/wp-content\/uploads\/2022\/05\/7.jpg 1370w\" sizes=\"auto, (max-width: 1140px) 100vw, 1140px\" \/>\n                <\/a>\n                <p class=\"wp-block-v4-bilder-karussel__slide_caption\">Pami\u0105tk\u0105 po jego zako\u0144czeniu w kwietniu 2005<\/p>\n            <\/figure>\n                        <figure class=\"wp-block-v4-bilder-karussel__slide swiper-slide\">\n                <a href=\"https:\/\/gedenkstaette-vaihingen.de\/wp-content\/uploads\/2022\/05\/8-1200x800.jpg\">\n                    <img loading=\"lazy\" decoding=\"async\" width=\"1140\" height=\"760\" src=\"https:\/\/gedenkstaette-vaihingen.de\/wp-content\/uploads\/2022\/05\/8-1200x800.jpg\" class=\"wp-block-v4-bilder-karussel__image\" alt=\"\" srcset=\"https:\/\/gedenkstaette-vaihingen.de\/wp-content\/uploads\/2022\/05\/8-1200x800.jpg 1200w, https:\/\/gedenkstaette-vaihingen.de\/wp-content\/uploads\/2022\/05\/8-480x320.jpg 480w, https:\/\/gedenkstaette-vaihingen.de\/wp-content\/uploads\/2022\/05\/8-768x512.jpg 768w, https:\/\/gedenkstaette-vaihingen.de\/wp-content\/uploads\/2022\/05\/8-1536x1024.jpg 1536w, https:\/\/gedenkstaette-vaihingen.de\/wp-content\/uploads\/2022\/05\/8-2048x1365.jpg 2048w, https:\/\/gedenkstaette-vaihingen.de\/wp-content\/uploads\/2022\/05\/8-1920x1280.jpg 1920w\" sizes=\"auto, (max-width: 1140px) 100vw, 1140px\" \/>\n                <\/a>\n                <p class=\"wp-block-v4-bilder-karussel__slide_caption\">IInstalacja medialna, stycze\u0144 2005 (publikacja za \u017cyczliw\u0105 zgod\u0105 Ludwigsburger Kreiszeitung)<\/p>\n            <\/figure>\n                        <figure class=\"wp-block-v4-bilder-karussel__slide swiper-slide\">\n                <a href=\"https:\/\/gedenkstaette-vaihingen.de\/wp-content\/uploads\/2022\/05\/9.jpg\">\n                    <img loading=\"lazy\" decoding=\"async\" width=\"640\" height=\"377\" src=\"https:\/\/gedenkstaette-vaihingen.de\/wp-content\/uploads\/2022\/05\/9.jpg\" class=\"wp-block-v4-bilder-karussel__image\" alt=\"\" srcset=\"https:\/\/gedenkstaette-vaihingen.de\/wp-content\/uploads\/2022\/05\/9.jpg 640w, https:\/\/gedenkstaette-vaihingen.de\/wp-content\/uploads\/2022\/05\/9-480x283.jpg 480w\" sizes=\"auto, (max-width: 640px) 100vw, 640px\" \/>\n                <\/a>\n                <p class=\"wp-block-v4-bilder-karussel__slide_caption\">Wrzesie\u0144 2017: sala konferencyjna<\/p>\n            <\/figure>\n            \n        <\/figure>\n\n    <\/div>\n\n    <!-- Meta bar -->\n    <div class=\"wp-block-v4-bilder-karussel__meta\">\n\n        <div class=\"wp-block-v4-bilder-karussel__pagination Swiper-pagination\"><\/div>\n\n        <div class=\"wp-block-v4-bilder-karussel__navigation swiper-buttons\">\n            <div class=\"wp-block-v4-bilder-karussel__prev swiper-button-prev\"><\/div>\n            <div class=\"wp-block-v4-bilder-karussel__next swiper-button-next\"><\/div>\n        <\/div>\n\n    <\/div>\n\n<\/div>\n\n\n<div class=\"wp-block-media-text alignwide is-stacked-on-mobile is-vertically-aligned-center is-image-fill\"><figure class=\"wp-block-media-text__media\" style=\"background-image:url(https:\/\/gedenkstaette-vaihingen.de\/wp-content\/uploads\/2022\/08\/27_Gedenkstaette46-1200x942.jpg);background-position:54% 52%\"><img loading=\"lazy\" decoding=\"async\" width=\"1200\" height=\"942\" src=\"https:\/\/gedenkstaette-vaihingen.de\/wp-content\/uploads\/2022\/08\/27_Gedenkstaette46-1200x942.jpg\" alt=\"\" class=\"wp-image-4146 size-full\" srcset=\"https:\/\/gedenkstaette-vaihingen.de\/wp-content\/uploads\/2022\/08\/27_Gedenkstaette46-1200x942.jpg 1200w, https:\/\/gedenkstaette-vaihingen.de\/wp-content\/uploads\/2022\/08\/27_Gedenkstaette46-480x377.jpg 480w, https:\/\/gedenkstaette-vaihingen.de\/wp-content\/uploads\/2022\/08\/27_Gedenkstaette46-768x603.jpg 768w, https:\/\/gedenkstaette-vaihingen.de\/wp-content\/uploads\/2022\/08\/27_Gedenkstaette46-1536x1206.jpg 1536w, https:\/\/gedenkstaette-vaihingen.de\/wp-content\/uploads\/2022\/08\/27_Gedenkstaette46-2048x1608.jpg 2048w, https:\/\/gedenkstaette-vaihingen.de\/wp-content\/uploads\/2022\/08\/27_Gedenkstaette46-1631x1280.jpg 1631w\" sizes=\"auto, (max-width: 1200px) 100vw, 1200px\" \/><\/figure><div class=\"wp-block-media-text__content\">\n<h2 class=\"has-text-align-left has-extra-large-font-size wp-block-heading\">Dlaczego pomnik w Vaihingen?<\/h2>\n\n\n\n<p>Vahingen szczeg\u00f3lnie nadawa\u0142o si\u0119 na takie miejsce, poniewa\u017c tutaj znajdowa\u0142 si\u0119 kiedy\u015b ob\u00f3z koncentracyjny, kt\u00f3rego historia by\u0142a stosunkowo dobrze zbadana.<\/p>\n\n\n\n<p>Podczas tych bada\u0144 okaza\u0142o si\u0119, \u017ce istnieje wyj\u0105tkowo wiele \u017ar\u00f3de\u0142 wiedzy, szczeg\u00f3lnie wa\u017cnych dla miejsca pami\u0119ci. Zaprezentowano je w 1985 roku podczas wystawy dotycz\u0105cej zako\u0144czenia wojny.<\/p>\n\n\n\n<p>Z tej okazji w\u0142adze Vaihingen zaprosi\u0142y by\u0142ych wi\u0119\u017ani\u00f3w, kt\u00f3rych wspomnienia sta\u0142y si\u0119 tematem wydanych potem ksi\u0105\u017cek.<\/p>\n<\/div><\/div>\n\n\n\n<div class=\"wp-block-media-text alignwide has-media-on-the-right is-stacked-on-mobile is-vertically-aligned-center is-image-fill\" style=\"grid-template-columns:auto 40%\"><div class=\"wp-block-media-text__content\">\n<h2 class=\"has-text-align-left has-extra-large-font-size wp-block-heading\">Za\u0142o\u017cenie stowarzyszenia sponsoruj\u0105cego<\/h2>\n\n\n\n<p>Po intensywnych rozmowach wst\u0119pnych utworzono jesieni\u0105 1990 roku Stowarzyszenie Przedstawicielskie, kt\u00f3re postawi\u0142o sobie za zadanie utworzenie miejsca pami\u0119ci spe\u0142niaj\u0105cego wymagania dydaktyczne i istniej\u0105cego w autentycznym miejscu historycznym.<\/p>\n\n\n\n<p>Zadanie to by\u0142o o tyle proste, \u017ce Urz\u0105d Konserwacji Zabytk\u00f3w w Badenii-Wirtembergii uzna\u0142 wszystkie pozosta\u0142o\u015bci po obozie za miejsce pami\u0119ci.<\/p>\n<\/div><figure class=\"wp-block-media-text__media\" style=\"background-image:url(https:\/\/gedenkstaette-vaihingen.de\/wp-content\/uploads\/2022\/05\/27.jpg);background-position:19% 65%\"><img loading=\"lazy\" decoding=\"async\" width=\"724\" height=\"449\" src=\"https:\/\/gedenkstaette-vaihingen.de\/wp-content\/uploads\/2022\/05\/27.jpg\" alt=\"\" class=\"wp-image-2828 size-full\" srcset=\"https:\/\/gedenkstaette-vaihingen.de\/wp-content\/uploads\/2022\/05\/27.jpg 724w, https:\/\/gedenkstaette-vaihingen.de\/wp-content\/uploads\/2022\/05\/27-480x298.jpg 480w\" sizes=\"auto, (max-width: 724px) 100vw, 724px\" \/><\/figure><\/div>\n\n\n\n<div class=\"wp-block-media-text alignwide is-stacked-on-mobile is-vertically-aligned-center is-image-fill\" style=\"grid-template-columns:40% auto\"><figure class=\"wp-block-media-text__media\" style=\"background-image:url(https:\/\/gedenkstaette-vaihingen.de\/wp-content\/uploads\/2022\/05\/69-1200x801.jpg);background-position:50% 50%\"><img loading=\"lazy\" decoding=\"async\" width=\"1200\" height=\"801\" src=\"https:\/\/gedenkstaette-vaihingen.de\/wp-content\/uploads\/2022\/05\/69-1200x801.jpg\" alt=\"\" class=\"wp-image-2870 size-full\" srcset=\"https:\/\/gedenkstaette-vaihingen.de\/wp-content\/uploads\/2022\/05\/69-1200x801.jpg 1200w, https:\/\/gedenkstaette-vaihingen.de\/wp-content\/uploads\/2022\/05\/69-480x320.jpg 480w, https:\/\/gedenkstaette-vaihingen.de\/wp-content\/uploads\/2022\/05\/69-768x513.jpg 768w, https:\/\/gedenkstaette-vaihingen.de\/wp-content\/uploads\/2022\/05\/69-1536x1025.jpg 1536w, https:\/\/gedenkstaette-vaihingen.de\/wp-content\/uploads\/2022\/05\/69-2048x1367.jpg 2048w, https:\/\/gedenkstaette-vaihingen.de\/wp-content\/uploads\/2022\/05\/69-1917x1280.jpg 1917w\" sizes=\"auto, (max-width: 1200px) 100vw, 1200px\" \/><\/figure><div class=\"wp-block-media-text__content\">\n<h2 class=\"has-text-align-left has-extra-large-font-size wp-block-heading\">Wymagania i zwolennicy<\/h2>\n\n\n\n<p>Obok miasta Vaihingen, kt\u00f3re od pocz\u0105tku wspiera\u0142o projekt, uda\u0142o si\u0119 znale\u017a\u0107 wiele instytucji i firm, kt\u00f3rych pomoc sprawi\u0142a, \u017ce w przeci\u0105gu 15 lat powsta\u0142o miejsce pami\u0119ci, kt\u00f3re spe\u0142nia wymagania wsp\u00f3\u0142czesnego muzeum dydaktycznego.<\/p>\n\n\n\n<p>W tym czasie nie uda\u0142o si\u0119 zrealizowa\u0107 jedynie projektu pracowni seminaryjnej. Mimo tego istnieje wiele r\u00f3\u017cnych ofert dla zwiedzaj\u0105cych, w tym r\u00f3wnie\u017c dla uczni\u00f3w i nauczycieli.<\/p>\n\n\n\n<p>Miejsce pami\u0119ci dysponuje bogatym archiwum, a tak\u017ce bibliotek\u0105, kt\u00f3ra liczy obecnie 120 tytu\u0142\u00f3w ksi\u0105\u017cek i wiele czasopism. Wszystko to z\u0142o\u017cone jest w depozycie Archiwum Miejskiego Vaihingen\/Enz i tam te\u017c jest do wgl\u0105du.<\/p>\n<\/div><\/div>\n","protected":false},"excerpt":{"rendered":"<p>Memoria\u0142 poszed\u0142 do operacji w 2005 roku. W powiecie Ludwigsburg poszukiwanie \u015blad\u00f3w historii zosta\u0142o zainicjowane przez nauczycieli zrzeszonych w zwi\u0105zku zawodowym \u201eWychowanie i Wiedza\u201d. Podczas zorganizowanej jesieni\u0105 1987 roku \u201ealternatywnej wycieczki po powiecie\u201d do miejsc&hellip;<\/p>\n","protected":false},"author":1,"featured_media":0,"parent":0,"menu_order":4,"comment_status":"closed","ping_status":"closed","template":"template-blank.php","meta":{"_acf_changed":false,"footnotes":""},"class_list":["post-5068","page","type-page","status-publish","hentry"],"acf":[],"_links":{"self":[{"href":"https:\/\/gedenkstaette-vaihingen.de\/pl\/wp-json\/wp\/v2\/pages\/5068","targetHints":{"allow":["GET"]}}],"collection":[{"href":"https:\/\/gedenkstaette-vaihingen.de\/pl\/wp-json\/wp\/v2\/pages"}],"about":[{"href":"https:\/\/gedenkstaette-vaihingen.de\/pl\/wp-json\/wp\/v2\/types\/page"}],"author":[{"embeddable":true,"href":"https:\/\/gedenkstaette-vaihingen.de\/pl\/wp-json\/wp\/v2\/users\/1"}],"replies":[{"embeddable":true,"href":"https:\/\/gedenkstaette-vaihingen.de\/pl\/wp-json\/wp\/v2\/comments?post=5068"}],"version-history":[{"count":0,"href":"https:\/\/gedenkstaette-vaihingen.de\/pl\/wp-json\/wp\/v2\/pages\/5068\/revisions"}],"wp:attachment":[{"href":"https:\/\/gedenkstaette-vaihingen.de\/pl\/wp-json\/wp\/v2\/media?parent=5068"}],"curies":[{"name":"wp","href":"https:\/\/api.w.org\/{rel}","templated":true}]}}