{"id":5013,"date":"2022-05-11T09:58:09","date_gmt":"2022-05-11T07:58:09","guid":{"rendered":"https:\/\/gedenkstaette-vaihingen.de\/der-verein\/treffen-mit-ueberlebenden-2005\/"},"modified":"2023-03-30T14:43:13","modified_gmt":"2023-03-30T12:43:13","slug":"treffen-mit-ueberlebenden-2005","status":"publish","type":"page","link":"https:\/\/gedenkstaette-vaihingen.de\/pl\/der-verein\/treffen-mit-ueberlebenden-2005\/","title":{"rendered":"Spotkanie z ocala\u0142ymi 2005"},"content":{"rendered":"\n<h2 class=\"has-text-align-center wp-block-heading\"><sub>60 rocznia wyzwolenia<\/sub><\/h2>\n\n\n\n<p>60 rocznica wyzwolenia obozu by\u0142a dla miasta Vaihingen okazj\u0105 do zorganizowania spotkania by\u0142ych wi\u0119\u017ani\u00f3w. Ponad 30 os\u00f3b z Francji, Izraela, Kanady, Holandii, Polski, Australii i USA przyj\u0119\u0142o zaproszenie i odwiedzi\u0142o miejsce, w kt\u00f3rym prze\u017cyli najtragiczniejszy okres swojego \u017cycia.<\/p>\n\n\n\n<p>Program spotkania dokumentuje r\u00f3\u017cnorodne starania miasta i Stowarzyszenia o to, \u017ceby ten okres niemieckiej historii nie popad\u0142 w zapomnienie.<\/p>\n\n\n\n<div class=\"wp-block-v4-bilder-karussel \">\n\n    <!-- Slider main container -->\n    <div class=\"wp-block-v4-bilder-karussel__slider-container swiper-container\">\n\n        <!-- Additional required wrapper -->\n        <figure class=\"wp-block-v4-bilder-karussel__slider-wrapper swiper-wrapper\">\n\n            <!-- Slides -->\n                        <figure class=\"wp-block-v4-bilder-karussel__slide swiper-slide\">\n                <a href=\"https:\/\/gedenkstaette-vaihingen.de\/wp-content\/uploads\/2022\/05\/49-1200x798.jpg\">\n                    <img loading=\"lazy\" decoding=\"async\" width=\"1140\" height=\"758\" src=\"https:\/\/gedenkstaette-vaihingen.de\/wp-content\/uploads\/2022\/05\/49-1200x798.jpg\" class=\"wp-block-v4-bilder-karussel__image\" alt=\"\" srcset=\"https:\/\/gedenkstaette-vaihingen.de\/wp-content\/uploads\/2022\/05\/49-1200x798.jpg 1200w, https:\/\/gedenkstaette-vaihingen.de\/wp-content\/uploads\/2022\/05\/49-480x319.jpg 480w, https:\/\/gedenkstaette-vaihingen.de\/wp-content\/uploads\/2022\/05\/49-768x511.jpg 768w, https:\/\/gedenkstaette-vaihingen.de\/wp-content\/uploads\/2022\/05\/49-1536x1021.jpg 1536w, https:\/\/gedenkstaette-vaihingen.de\/wp-content\/uploads\/2022\/05\/49-2048x1362.jpg 2048w, https:\/\/gedenkstaette-vaihingen.de\/wp-content\/uploads\/2022\/05\/49-1920x1277.jpg 1920w\" sizes=\"auto, (max-width: 1140px) 100vw, 1140px\" \/>\n                <\/a>\n                <p class=\"wp-block-v4-bilder-karussel__slide_caption\">Sucher Cyngiser (Kanada) przemawia podczas uroczysto\u015bci rocznicowej<\/p>\n            <\/figure>\n                        <figure class=\"wp-block-v4-bilder-karussel__slide swiper-slide\">\n                <a href=\"https:\/\/gedenkstaette-vaihingen.de\/wp-content\/uploads\/2022\/05\/50-1200x940.jpg\">\n                    <img loading=\"lazy\" decoding=\"async\" width=\"1140\" height=\"893\" src=\"https:\/\/gedenkstaette-vaihingen.de\/wp-content\/uploads\/2022\/05\/50-1200x940.jpg\" class=\"wp-block-v4-bilder-karussel__image\" alt=\"\" srcset=\"https:\/\/gedenkstaette-vaihingen.de\/wp-content\/uploads\/2022\/05\/50-1200x940.jpg 1200w, https:\/\/gedenkstaette-vaihingen.de\/wp-content\/uploads\/2022\/05\/50-480x376.jpg 480w, https:\/\/gedenkstaette-vaihingen.de\/wp-content\/uploads\/2022\/05\/50-768x601.jpg 768w, https:\/\/gedenkstaette-vaihingen.de\/wp-content\/uploads\/2022\/05\/50-1536x1203.jpg 1536w, https:\/\/gedenkstaette-vaihingen.de\/wp-content\/uploads\/2022\/05\/50-2048x1604.jpg 2048w, https:\/\/gedenkstaette-vaihingen.de\/wp-content\/uploads\/2022\/05\/50-1635x1280.jpg 1635w\" sizes=\"auto, (max-width: 1140px) 100vw, 1140px\" \/>\n                <\/a>\n                <p class=\"wp-block-v4-bilder-karussel__slide_caption\">Grupa by\u0142ych polskich wi\u0119\u017ani\u00f3w ze swoimi bliskimi<\/p>\n            <\/figure>\n                        <figure class=\"wp-block-v4-bilder-karussel__slide swiper-slide\">\n                <a href=\"https:\/\/gedenkstaette-vaihingen.de\/wp-content\/uploads\/2022\/05\/51-1200x798.jpg\">\n                    <img loading=\"lazy\" decoding=\"async\" width=\"1140\" height=\"758\" src=\"https:\/\/gedenkstaette-vaihingen.de\/wp-content\/uploads\/2022\/05\/51-1200x798.jpg\" class=\"wp-block-v4-bilder-karussel__image\" alt=\"\" srcset=\"https:\/\/gedenkstaette-vaihingen.de\/wp-content\/uploads\/2022\/05\/51-1200x798.jpg 1200w, https:\/\/gedenkstaette-vaihingen.de\/wp-content\/uploads\/2022\/05\/51-480x319.jpg 480w, https:\/\/gedenkstaette-vaihingen.de\/wp-content\/uploads\/2022\/05\/51-768x511.jpg 768w, https:\/\/gedenkstaette-vaihingen.de\/wp-content\/uploads\/2022\/05\/51-1536x1021.jpg 1536w, https:\/\/gedenkstaette-vaihingen.de\/wp-content\/uploads\/2022\/05\/51-2048x1362.jpg 2048w, https:\/\/gedenkstaette-vaihingen.de\/wp-content\/uploads\/2022\/05\/51-1920x1277.jpg 1920w\" sizes=\"auto, (max-width: 1140px) 100vw, 1140px\" \/>\n                <\/a>\n                <p class=\"wp-block-v4-bilder-karussel__slide_caption\">Byli wi\u0119\u017aniowie i ich bliscy podczas uroczysto\u015bci rocznicowej<\/p>\n            <\/figure>\n                        <figure class=\"wp-block-v4-bilder-karussel__slide swiper-slide\">\n                <a href=\"https:\/\/gedenkstaette-vaihingen.de\/wp-content\/uploads\/2022\/05\/52-1200x798.jpg\">\n                    <img loading=\"lazy\" decoding=\"async\" width=\"1140\" height=\"758\" src=\"https:\/\/gedenkstaette-vaihingen.de\/wp-content\/uploads\/2022\/05\/52-1200x798.jpg\" class=\"wp-block-v4-bilder-karussel__image\" alt=\"\" srcset=\"https:\/\/gedenkstaette-vaihingen.de\/wp-content\/uploads\/2022\/05\/52-1200x798.jpg 1200w, https:\/\/gedenkstaette-vaihingen.de\/wp-content\/uploads\/2022\/05\/52-480x319.jpg 480w, https:\/\/gedenkstaette-vaihingen.de\/wp-content\/uploads\/2022\/05\/52-768x511.jpg 768w, https:\/\/gedenkstaette-vaihingen.de\/wp-content\/uploads\/2022\/05\/52-1536x1021.jpg 1536w, https:\/\/gedenkstaette-vaihingen.de\/wp-content\/uploads\/2022\/05\/52-2048x1362.jpg 2048w, https:\/\/gedenkstaette-vaihingen.de\/wp-content\/uploads\/2022\/05\/52-1920x1277.jpg 1920w\" sizes=\"auto, (max-width: 1140px) 100vw, 1140px\" \/>\n                <\/a>\n                <p class=\"wp-block-v4-bilder-karussel__slide_caption\">Byli wi\u0119\u017aniowie i ich bliscy podczas uroczysto\u015bci rocznicowej<\/p>\n            <\/figure>\n                        <figure class=\"wp-block-v4-bilder-karussel__slide swiper-slide\">\n                <a href=\"https:\/\/gedenkstaette-vaihingen.de\/wp-content\/uploads\/2022\/05\/53-1200x798.jpg\">\n                    <img loading=\"lazy\" decoding=\"async\" width=\"1140\" height=\"758\" src=\"https:\/\/gedenkstaette-vaihingen.de\/wp-content\/uploads\/2022\/05\/53-1200x798.jpg\" class=\"wp-block-v4-bilder-karussel__image\" alt=\"\" srcset=\"https:\/\/gedenkstaette-vaihingen.de\/wp-content\/uploads\/2022\/05\/53-1200x798.jpg 1200w, https:\/\/gedenkstaette-vaihingen.de\/wp-content\/uploads\/2022\/05\/53-480x319.jpg 480w, https:\/\/gedenkstaette-vaihingen.de\/wp-content\/uploads\/2022\/05\/53-768x511.jpg 768w, https:\/\/gedenkstaette-vaihingen.de\/wp-content\/uploads\/2022\/05\/53-1536x1021.jpg 1536w, https:\/\/gedenkstaette-vaihingen.de\/wp-content\/uploads\/2022\/05\/53-2048x1362.jpg 2048w, https:\/\/gedenkstaette-vaihingen.de\/wp-content\/uploads\/2022\/05\/53-1920x1277.jpg 1920w\" sizes=\"auto, (max-width: 1140px) 100vw, 1140px\" \/>\n                <\/a>\n                <p class=\"wp-block-v4-bilder-karussel__slide_caption\">Przed Friedrich Abel Gymnasium, kwiecie\u0144 2005<\/p>\n            <\/figure>\n            \n        <\/figure>\n\n    <\/div>\n\n    <!-- Meta bar -->\n    <div class=\"wp-block-v4-bilder-karussel__meta\">\n\n        <div class=\"wp-block-v4-bilder-karussel__pagination Swiper-pagination\"><\/div>\n\n        <div class=\"wp-block-v4-bilder-karussel__navigation swiper-buttons\">\n            <div class=\"wp-block-v4-bilder-karussel__prev swiper-button-prev\"><\/div>\n            <div class=\"wp-block-v4-bilder-karussel__next swiper-button-next\"><\/div>\n        <\/div>\n\n    <\/div>\n\n<\/div>\n\n\n<div class=\"wp-block-group alignfull has-light-gray-background-color has-background is-layout-flow wp-block-group-is-layout-flow\">\n<div class=\"wp-block-media-text alignwide is-stacked-on-mobile is-vertically-aligned-center is-image-fill\"><figure class=\"wp-block-media-text__media\" style=\"background-image:url(https:\/\/gedenkstaette-vaihingen.de\/wp-content\/uploads\/2022\/10\/23_Gedenkstaette28-1200x798.jpg);background-position:50% 50%\"><img loading=\"lazy\" decoding=\"async\" width=\"1200\" height=\"798\" src=\"https:\/\/gedenkstaette-vaihingen.de\/wp-content\/uploads\/2022\/10\/23_Gedenkstaette28-1200x798.jpg\" alt=\"\" class=\"wp-image-4318 size-full\" srcset=\"https:\/\/gedenkstaette-vaihingen.de\/wp-content\/uploads\/2022\/10\/23_Gedenkstaette28-1200x798.jpg 1200w, https:\/\/gedenkstaette-vaihingen.de\/wp-content\/uploads\/2022\/10\/23_Gedenkstaette28-480x319.jpg 480w, https:\/\/gedenkstaette-vaihingen.de\/wp-content\/uploads\/2022\/10\/23_Gedenkstaette28-768x511.jpg 768w, https:\/\/gedenkstaette-vaihingen.de\/wp-content\/uploads\/2022\/10\/23_Gedenkstaette28-1536x1021.jpg 1536w, https:\/\/gedenkstaette-vaihingen.de\/wp-content\/uploads\/2022\/10\/23_Gedenkstaette28-2048x1362.jpg 2048w, https:\/\/gedenkstaette-vaihingen.de\/wp-content\/uploads\/2022\/10\/23_Gedenkstaette28-1920x1277.jpg 1920w\" sizes=\"auto, (max-width: 1200px) 100vw, 1200px\" \/><\/figure><div class=\"wp-block-media-text__content\">\n<h2 class=\"has-text-align-left has-extra-large-font-size wp-block-heading\">Spotkanie ze studentami<\/h2>\n\n\n\n<p>15 kwietnia byli wi\u0119\u017aniowie spotkali si\u0119 z uczennicami i uczniami gimnazj\u00f3w i przedstawili swoje wspomnienia.<\/p>\n\n\n\n<p>Szczeg\u00f3lne wra\u017cenie wywar\u0142 fakt, \u017ce go\u015bcie nie odczuwaj\u0105 nienawi\u015bci do dzisiejszych Niemc\u00f3w, ale dobitnie ostrzegali przed odradzaj\u0105cym si\u0119 nazizmem.<\/p>\n\n\n\n<p>R\u00f3wnie\u017c w s\u0142owach okoliczno\u015bciowych przem\u00f3wie\u0144 zawarte by\u0142y wezwania do niezapominania zbrodni pope\u0142nionych w obozach koncentracyjnych i wsp\u00f3lnego oddawania ho\u0142du ofiarom tych strasznych wydarze\u0144.<\/p>\n<\/div><\/div>\n<\/div>\n\n\n\n<div class=\"wp-block-media-text alignwide has-media-on-the-right is-stacked-on-mobile is-vertically-aligned-center is-image-fill\" style=\"grid-template-columns:auto 40%\"><div class=\"wp-block-media-text__content\">\n<h2 class=\"has-text-align-left has-extra-large-font-size wp-block-heading\">Wystawa w archiwum miejskim<\/h2>\n\n\n\n<p>Nast\u0119pnie w archiwum miejskim otwarto wystaw\u0119 \u201eZbrodnia i pami\u0119\u0107 \u2013 fotografie 1945-2001\u201d.<\/p>\n\n\n\n<p>Prezentowane na wystawie zdj\u0119cia pokazywa\u0142y wi\u0119\u017ani\u00f3w zar\u00f3wno w okresie istnienia obozu jak i ich p\u00f3\u017aniejsze spotkania.&nbsp;<\/p>\n\n\n\n<p>Po po\u0142udniu, przy wysokiej frekwencji zwiedzaj\u0105cych, dokonano uroczystego otwarcia miejsca pami\u0119ci.<\/p>\n<\/div><figure class=\"wp-block-media-text__media\" style=\"background-image:url(https:\/\/gedenkstaette-vaihingen.de\/wp-content\/uploads\/2022\/05\/33.jpg);background-position:50% 50%\"><img loading=\"lazy\" decoding=\"async\" width=\"1099\" height=\"743\" src=\"https:\/\/gedenkstaette-vaihingen.de\/wp-content\/uploads\/2022\/05\/33.jpg\" alt=\"\" class=\"wp-image-2834 size-full\" srcset=\"https:\/\/gedenkstaette-vaihingen.de\/wp-content\/uploads\/2022\/05\/33.jpg 1099w, https:\/\/gedenkstaette-vaihingen.de\/wp-content\/uploads\/2022\/05\/33-480x325.jpg 480w, https:\/\/gedenkstaette-vaihingen.de\/wp-content\/uploads\/2022\/05\/33-768x519.jpg 768w\" sizes=\"auto, (max-width: 1099px) 100vw, 1099px\" \/><\/figure><\/div>\n\n\n\n<div class=\"wp-block-media-text alignwide is-stacked-on-mobile is-vertically-aligned-center is-image-fill\" style=\"grid-template-columns:40% auto\"><figure class=\"wp-block-media-text__media\" style=\"background-image:url(https:\/\/gedenkstaette-vaihingen.de\/wp-content\/uploads\/2022\/10\/Treffen111-1200x798.jpg);background-position:50% 50%\"><img loading=\"lazy\" decoding=\"async\" width=\"1200\" height=\"798\" src=\"https:\/\/gedenkstaette-vaihingen.de\/wp-content\/uploads\/2022\/10\/Treffen111-1200x798.jpg\" alt=\"\" class=\"wp-image-4322 size-full\" srcset=\"https:\/\/gedenkstaette-vaihingen.de\/wp-content\/uploads\/2022\/10\/Treffen111-1200x798.jpg 1200w, https:\/\/gedenkstaette-vaihingen.de\/wp-content\/uploads\/2022\/10\/Treffen111-480x319.jpg 480w, https:\/\/gedenkstaette-vaihingen.de\/wp-content\/uploads\/2022\/10\/Treffen111-768x511.jpg 768w, https:\/\/gedenkstaette-vaihingen.de\/wp-content\/uploads\/2022\/10\/Treffen111-1536x1021.jpg 1536w, https:\/\/gedenkstaette-vaihingen.de\/wp-content\/uploads\/2022\/10\/Treffen111-2048x1362.jpg 2048w, https:\/\/gedenkstaette-vaihingen.de\/wp-content\/uploads\/2022\/10\/Treffen111-1920x1277.jpg 1920w\" sizes=\"auto, (max-width: 1200px) 100vw, 1200px\" \/><\/figure><div class=\"wp-block-media-text__content\">\n<h2 class=\"has-text-align-left has-extra-large-font-size wp-block-heading\">Uczczenie pami\u0119ci<\/h2>\n\n\n\n<p>Na zako\u0144czenie spotkania odby\u0142a si\u0119 w niedziel\u0119 na obozowym cmentarzu zas\u0142u\u017conych uroczysto\u015b\u0107 \u0142\u0105cz\u0105ca w swoim przes\u0142aniu pami\u0119\u0107, przestrog\u0119 i pojednanie.<\/p>\n\n\n\n<p>Jako szczeg\u00f3lnie wa\u017cne uznano podj\u0119cie pr\u00f3by wyrwania ofiar z ich anonimowo\u015bci. Ka\u017cdy ze zwiedzaj\u0105cych z\u0142o\u017cy\u0142 r\u00f3\u017c\u0119 na jednym z nagrobk\u00f3w i wspomina\u0142 w ciszy zmar\u0142ych.<\/p>\n\n\n\n<p><\/p>\n<\/div><\/div>\n","protected":false},"excerpt":{"rendered":"<p>60 rocznia wyzwolenia 60 rocznica wyzwolenia obozu by\u0142a dla miasta Vaihingen okazj\u0105 do zorganizowania spotkania by\u0142ych wi\u0119\u017ani\u00f3w. Ponad 30 os\u00f3b z Francji, Izraela, Kanady, Holandii, Polski, Australii i USA przyj\u0119\u0142o zaproszenie i odwiedzi\u0142o miejsce, w&hellip;<\/p>\n","protected":false},"author":1,"featured_media":3341,"parent":4874,"menu_order":4,"comment_status":"closed","ping_status":"closed","template":"","meta":{"_acf_changed":false,"footnotes":""},"class_list":["post-5013","page","type-page","status-publish","has-post-thumbnail","hentry"],"acf":[],"_links":{"self":[{"href":"https:\/\/gedenkstaette-vaihingen.de\/pl\/wp-json\/wp\/v2\/pages\/5013","targetHints":{"allow":["GET"]}}],"collection":[{"href":"https:\/\/gedenkstaette-vaihingen.de\/pl\/wp-json\/wp\/v2\/pages"}],"about":[{"href":"https:\/\/gedenkstaette-vaihingen.de\/pl\/wp-json\/wp\/v2\/types\/page"}],"author":[{"embeddable":true,"href":"https:\/\/gedenkstaette-vaihingen.de\/pl\/wp-json\/wp\/v2\/users\/1"}],"replies":[{"embeddable":true,"href":"https:\/\/gedenkstaette-vaihingen.de\/pl\/wp-json\/wp\/v2\/comments?post=5013"}],"version-history":[{"count":0,"href":"https:\/\/gedenkstaette-vaihingen.de\/pl\/wp-json\/wp\/v2\/pages\/5013\/revisions"}],"up":[{"embeddable":true,"href":"https:\/\/gedenkstaette-vaihingen.de\/pl\/wp-json\/wp\/v2\/pages\/4874"}],"wp:featuredmedia":[{"embeddable":true,"href":"https:\/\/gedenkstaette-vaihingen.de\/pl\/wp-json\/wp\/v2\/media\/3341"}],"wp:attachment":[{"href":"https:\/\/gedenkstaette-vaihingen.de\/pl\/wp-json\/wp\/v2\/media?parent=5013"}],"curies":[{"name":"wp","href":"https:\/\/api.w.org\/{rel}","templated":true}]}}