{"id":4878,"date":"2022-05-11T09:49:27","date_gmt":"2022-05-11T07:49:27","guid":{"rendered":"https:\/\/gedenkstaette-vaihingen.de\/der-verein\/treffen-mit-ueberlebenden\/"},"modified":"2023-03-30T14:41:09","modified_gmt":"2023-03-30T12:41:09","slug":"treffen-mit-ueberlebenden","status":"publish","type":"page","link":"https:\/\/gedenkstaette-vaihingen.de\/pl\/der-verein\/treffen-mit-ueberlebenden\/","title":{"rendered":"Spotkanie z ocala\u0142ymi"},"content":{"rendered":"\n<p>Jednym z najwa\u017cniejszych cel\u00f3w Stowarzyszenia by\u0142o i jest utrzymywanie kontakt\u00f3w z by\u0142ymi wi\u0119\u017aniami i ich bliskimi. Nale\u017cy do tego sta\u0142y kontakt listowny (ewentualnie poprzez e-mail), ale przede wszystkim osobiste spotkania. Byli wi\u0119\u017aniowie lub ich bliscy regularnie przyje\u017cd\u017caj\u0105 do miejsca m\u0119cze\u0144stwa w Vaihingen\/Enz. Szczeg\u00f3lnie silne wra\u017cenia pozostawi\u0142y u wszystkich uczestnik\u00f3w spotkania z grupami by\u0142ych wi\u0119\u017ani\u00f3w i ich bliskich z ca\u0142ego \u015bwiata, kt\u00f3re zorganizowa\u0142o i przeprowadzi\u0142o miasto Vaihingen wsp\u00f3lnie ze Stowarzyszeniem. Opr\u00f3cz tego cz\u0142onkowie stowarzyszenia odwiedzali by\u0142ych wi\u0119\u017ani\u00f3w m.in. w Polsce, Izraelu i Kanadzie.<\/p>\n\n\n\n<p>Jules Schelvis, by\u0142y holenderski wi\u0119zie\u0144 obozu powiedzia\u0142 przy okazji uroczysto\u015bci rocznicowej w kwietniu 2001 roku:<br>\u201ePozw\u00f3lcie wyrazi\u0107 mi s\u0142owa podzi\u0119kowania za to, \u017ce wraz z innymi by\u0142ymi wi\u0119\u017aniami obozu koncentracyjnego zostali\u015bmy zaproszeni do przybycia tutaj i \u017ce mog\u0119 z tego miejsca do Was przemawia\u0107\u201d.<\/p>\n\n\n\n<div class=\"wp-block-v4-bilder-karussel \">\n\n    <!-- Slider main container -->\n    <div class=\"wp-block-v4-bilder-karussel__slider-container swiper-container\">\n\n        <!-- Additional required wrapper -->\n        <figure class=\"wp-block-v4-bilder-karussel__slider-wrapper swiper-wrapper\">\n\n            <!-- Slides -->\n                        <figure class=\"wp-block-v4-bilder-karussel__slide swiper-slide\">\n                <a href=\"https:\/\/gedenkstaette-vaihingen.de\/wp-content\/uploads\/2022\/05\/39.jpg\">\n                    <img loading=\"lazy\" decoding=\"async\" width=\"993\" height=\"697\" src=\"https:\/\/gedenkstaette-vaihingen.de\/wp-content\/uploads\/2022\/05\/39.jpg\" class=\"wp-block-v4-bilder-karussel__image\" alt=\"\" srcset=\"https:\/\/gedenkstaette-vaihingen.de\/wp-content\/uploads\/2022\/05\/39.jpg 993w, https:\/\/gedenkstaette-vaihingen.de\/wp-content\/uploads\/2022\/05\/39-480x337.jpg 480w, https:\/\/gedenkstaette-vaihingen.de\/wp-content\/uploads\/2022\/05\/39-768x539.jpg 768w\" sizes=\"auto, (max-width: 993px) 100vw, 993px\" \/>\n                <\/a>\n                <p class=\"wp-block-v4-bilder-karussel__slide_caption\">Przy fontannie na rynku, kwiecie\u0144 1995<\/p>\n            <\/figure>\n                        <figure class=\"wp-block-v4-bilder-karussel__slide swiper-slide\">\n                <a href=\"https:\/\/gedenkstaette-vaihingen.de\/wp-content\/uploads\/2022\/05\/40-1200x749.jpg\">\n                    <img loading=\"lazy\" decoding=\"async\" width=\"1140\" height=\"712\" src=\"https:\/\/gedenkstaette-vaihingen.de\/wp-content\/uploads\/2022\/05\/40-1200x749.jpg\" class=\"wp-block-v4-bilder-karussel__image\" alt=\"\" srcset=\"https:\/\/gedenkstaette-vaihingen.de\/wp-content\/uploads\/2022\/05\/40-1200x749.jpg 1200w, https:\/\/gedenkstaette-vaihingen.de\/wp-content\/uploads\/2022\/05\/40-480x300.jpg 480w, https:\/\/gedenkstaette-vaihingen.de\/wp-content\/uploads\/2022\/05\/40-768x479.jpg 768w, https:\/\/gedenkstaette-vaihingen.de\/wp-content\/uploads\/2022\/05\/40-1536x959.jpg 1536w, https:\/\/gedenkstaette-vaihingen.de\/wp-content\/uploads\/2022\/05\/40-2048x1278.jpg 2048w, https:\/\/gedenkstaette-vaihingen.de\/wp-content\/uploads\/2022\/05\/40-1920x1198.jpg 1920w\" sizes=\"auto, (max-width: 1140px) 100vw, 1140px\" \/>\n                <\/a>\n                <p class=\"wp-block-v4-bilder-karussel__slide_caption\">Spotkanie z ocala\u0142ymi w Polsce 1998.<\/p>\n            <\/figure>\n                        <figure class=\"wp-block-v4-bilder-karussel__slide swiper-slide\">\n                <a href=\"https:\/\/gedenkstaette-vaihingen.de\/wp-content\/uploads\/2022\/05\/41.jpg\">\n                    <img loading=\"lazy\" decoding=\"async\" width=\"1011\" height=\"674\" src=\"https:\/\/gedenkstaette-vaihingen.de\/wp-content\/uploads\/2022\/05\/41.jpg\" class=\"wp-block-v4-bilder-karussel__image\" alt=\"\" srcset=\"https:\/\/gedenkstaette-vaihingen.de\/wp-content\/uploads\/2022\/05\/41.jpg 1011w, https:\/\/gedenkstaette-vaihingen.de\/wp-content\/uploads\/2022\/05\/41-480x320.jpg 480w, https:\/\/gedenkstaette-vaihingen.de\/wp-content\/uploads\/2022\/05\/41-768x512.jpg 768w\" sizes=\"auto, (max-width: 1011px) 100vw, 1011px\" \/>\n                <\/a>\n                <p class=\"wp-block-v4-bilder-karussel__slide_caption\">Ocaleni i krewni z dziewi\u0119ciu kraj\u00f3w przy fontannie na rynku w kwietniu 2001 roku<\/p>\n            <\/figure>\n                        <figure class=\"wp-block-v4-bilder-karussel__slide swiper-slide\">\n                <a href=\"https:\/\/gedenkstaette-vaihingen.de\/wp-content\/uploads\/2022\/05\/42-1200x798.jpg\">\n                    <img loading=\"lazy\" decoding=\"async\" width=\"1140\" height=\"758\" src=\"https:\/\/gedenkstaette-vaihingen.de\/wp-content\/uploads\/2022\/05\/42-1200x798.jpg\" class=\"wp-block-v4-bilder-karussel__image\" alt=\"\" srcset=\"https:\/\/gedenkstaette-vaihingen.de\/wp-content\/uploads\/2022\/05\/42-1200x798.jpg 1200w, https:\/\/gedenkstaette-vaihingen.de\/wp-content\/uploads\/2022\/05\/42-480x319.jpg 480w, https:\/\/gedenkstaette-vaihingen.de\/wp-content\/uploads\/2022\/05\/42-768x511.jpg 768w, https:\/\/gedenkstaette-vaihingen.de\/wp-content\/uploads\/2022\/05\/42-1536x1021.jpg 1536w, https:\/\/gedenkstaette-vaihingen.de\/wp-content\/uploads\/2022\/05\/42-2048x1362.jpg 2048w, https:\/\/gedenkstaette-vaihingen.de\/wp-content\/uploads\/2022\/05\/42-1920x1277.jpg 1920w\" sizes=\"auto, (max-width: 1140px) 100vw, 1140px\" \/>\n                <\/a>\n                <p class=\"wp-block-v4-bilder-karussel__slide_caption\">Uroczysto\u015b\u0107 z udzia\u0142em Tadeusza Kalinowskiego, kwiecie\u0144 2006<\/p>\n            <\/figure>\n                        <figure class=\"wp-block-v4-bilder-karussel__slide swiper-slide\">\n                <a href=\"https:\/\/gedenkstaette-vaihingen.de\/wp-content\/uploads\/2022\/05\/43-1200x800.jpg\">\n                    <img loading=\"lazy\" decoding=\"async\" width=\"1140\" height=\"760\" src=\"https:\/\/gedenkstaette-vaihingen.de\/wp-content\/uploads\/2022\/05\/43-1200x800.jpg\" class=\"wp-block-v4-bilder-karussel__image\" alt=\"\" srcset=\"https:\/\/gedenkstaette-vaihingen.de\/wp-content\/uploads\/2022\/05\/43-1200x800.jpg 1200w, https:\/\/gedenkstaette-vaihingen.de\/wp-content\/uploads\/2022\/05\/43-480x320.jpg 480w, https:\/\/gedenkstaette-vaihingen.de\/wp-content\/uploads\/2022\/05\/43-768x512.jpg 768w, https:\/\/gedenkstaette-vaihingen.de\/wp-content\/uploads\/2022\/05\/43-1536x1024.jpg 1536w, https:\/\/gedenkstaette-vaihingen.de\/wp-content\/uploads\/2022\/05\/43-2048x1365.jpg 2048w, https:\/\/gedenkstaette-vaihingen.de\/wp-content\/uploads\/2022\/05\/43-1920x1280.jpg 1920w\" sizes=\"auto, (max-width: 1140px) 100vw, 1140px\" \/>\n                <\/a>\n                <p class=\"wp-block-v4-bilder-karussel__slide_caption\">Upami\u0119tnienie z ocala\u0142ych z okazji 70. rocznicy wyzwolenia w dniu 12 kwietnia 2015 roku &#8211; na pierwszym planie od prawej do lewej, kt\u00f3rzy prze\u017cyli, Isaak Ackerman z Izraela, Manny Steinberg (\u2020) z USA i Eugeniusz Dabrowski z Polski<\/p>\n            <\/figure>\n            \n        <\/figure>\n\n    <\/div>\n\n    <!-- Meta bar -->\n    <div class=\"wp-block-v4-bilder-karussel__meta\">\n\n        <div class=\"wp-block-v4-bilder-karussel__pagination Swiper-pagination\"><\/div>\n\n        <div class=\"wp-block-v4-bilder-karussel__navigation swiper-buttons\">\n            <div class=\"wp-block-v4-bilder-karussel__prev swiper-button-prev\"><\/div>\n            <div class=\"wp-block-v4-bilder-karussel__next swiper-button-next\"><\/div>\n        <\/div>\n\n    <\/div>\n\n<\/div>","protected":false},"excerpt":{"rendered":"<p>Jednym z najwa\u017cniejszych cel\u00f3w Stowarzyszenia by\u0142o i jest utrzymywanie kontakt\u00f3w z by\u0142ymi wi\u0119\u017aniami i ich bliskimi. Nale\u017cy do tego sta\u0142y kontakt listowny (ewentualnie poprzez e-mail), ale przede wszystkim osobiste spotkania. Byli wi\u0119\u017aniowie lub ich bliscy&hellip;<\/p>\n","protected":false},"author":1,"featured_media":3311,"parent":4874,"menu_order":2,"comment_status":"closed","ping_status":"closed","template":"","meta":{"_acf_changed":false,"footnotes":""},"class_list":["post-4878","page","type-page","status-publish","has-post-thumbnail","hentry"],"acf":[],"_links":{"self":[{"href":"https:\/\/gedenkstaette-vaihingen.de\/pl\/wp-json\/wp\/v2\/pages\/4878","targetHints":{"allow":["GET"]}}],"collection":[{"href":"https:\/\/gedenkstaette-vaihingen.de\/pl\/wp-json\/wp\/v2\/pages"}],"about":[{"href":"https:\/\/gedenkstaette-vaihingen.de\/pl\/wp-json\/wp\/v2\/types\/page"}],"author":[{"embeddable":true,"href":"https:\/\/gedenkstaette-vaihingen.de\/pl\/wp-json\/wp\/v2\/users\/1"}],"replies":[{"embeddable":true,"href":"https:\/\/gedenkstaette-vaihingen.de\/pl\/wp-json\/wp\/v2\/comments?post=4878"}],"version-history":[{"count":0,"href":"https:\/\/gedenkstaette-vaihingen.de\/pl\/wp-json\/wp\/v2\/pages\/4878\/revisions"}],"up":[{"embeddable":true,"href":"https:\/\/gedenkstaette-vaihingen.de\/pl\/wp-json\/wp\/v2\/pages\/4874"}],"wp:featuredmedia":[{"embeddable":true,"href":"https:\/\/gedenkstaette-vaihingen.de\/pl\/wp-json\/wp\/v2\/media\/3311"}],"wp:attachment":[{"href":"https:\/\/gedenkstaette-vaihingen.de\/pl\/wp-json\/wp\/v2\/media?parent=4878"}],"curies":[{"name":"wp","href":"https:\/\/api.w.org\/{rel}","templated":true}]}}