{"id":4874,"date":"2022-05-09T14:19:17","date_gmt":"2022-05-09T12:19:17","guid":{"rendered":"https:\/\/gedenkstaette-vaihingen.de\/der-verein\/"},"modified":"2023-03-30T14:36:39","modified_gmt":"2023-03-30T12:36:39","slug":"der-verein","status":"publish","type":"page","link":"https:\/\/gedenkstaette-vaihingen.de\/pl\/der-verein\/","title":{"rendered":"Stowarzyszenie"},"content":{"rendered":"\n<div class=\"wp-block-cover alignfull\" style=\"min-height:545px;aspect-ratio:unset;\"><span aria-hidden=\"true\" class=\"wp-block-cover__background has-background-dim-30 has-background-dim\"><\/span><img loading=\"lazy\" decoding=\"async\" width=\"1160\" height=\"420\" class=\"wp-block-cover__image-background wp-image-2802\" alt=\"\" src=\"https:\/\/gedenkstaette-vaihingen.de\/wp-content\/uploads\/2022\/05\/1.jpg\" style=\"object-position:87% 37%\" data-object-fit=\"cover\" data-object-position=\"87% 37%\" srcset=\"https:\/\/gedenkstaette-vaihingen.de\/wp-content\/uploads\/2022\/05\/1.jpg 1160w, https:\/\/gedenkstaette-vaihingen.de\/wp-content\/uploads\/2022\/05\/1-480x174.jpg 480w, https:\/\/gedenkstaette-vaihingen.de\/wp-content\/uploads\/2022\/05\/1-768x278.jpg 768w\" sizes=\"auto, (max-width: 1160px) 100vw, 1160px\" \/><div class=\"wp-block-cover__inner-container is-layout-flow wp-block-cover-is-layout-flow\">\n<p class=\"has-text-align-center\"><\/p>\n\n\n\n<h3 class=\"has-text-align-left has-huge-font-size wp-block-heading\">Stowarzyszenie<\/h3>\n<\/div><\/div>\n\n\n\n<p class=\"has-large-font-size\">Jesieni\u0105 1989 roku w Vahingen\/Enz zosta\u0142a powo\u0142ana do \u017cycia grupa inicjatywna z udzia\u0142em fachowc\u00f3w, kt\u00f3ra by\u0142a autorem podstawowej koncepcji budowy centralnego miejsca pami\u0119ci na terenie by\u0142ego obozu koncentracyjnego KZ Vahingen\/Enz w powiecie Ludwigsburg. <\/p>\n\n\n\n<p class=\"has-large-font-size\">Nast\u0119pnie, w roku 1990, w obecno\u015bci ponad stu zainteresowanych mieszka\u0144c\u00f3w, powsta\u0142o stowarzyszenie \u201eVerein Initiative KZ Gedenkst\u00e4tte Vaihingen\/Enz e.V., przy znacz\u0105cej pomocy cz\u0142onk\u00f3w GEW w Vaihingen\/Enz (Gewerkschaft Erziehung und Wissenschaft &#8211; Zwi\u0105zek Zawodowy Wychowanie i Wiedza). Obecnie (2022) Stowarzyszenie liczy oko\u0142o 110 cz\u0142onk\u00f3w.<\/p>\n\n\n\n<div class=\"wp-block-v4-bilder-karussel \">\n\n    <!-- Slider main container -->\n    <div class=\"wp-block-v4-bilder-karussel__slider-container swiper-container\">\n\n        <!-- Additional required wrapper -->\n        <figure class=\"wp-block-v4-bilder-karussel__slider-wrapper swiper-wrapper\">\n\n            <!-- Slides -->\n                        <figure class=\"wp-block-v4-bilder-karussel__slide swiper-slide\">\n                <a href=\"https:\/\/gedenkstaette-vaihingen.de\/wp-content\/uploads\/2022\/05\/27.jpg\">\n                    <img loading=\"lazy\" decoding=\"async\" width=\"724\" height=\"449\" src=\"https:\/\/gedenkstaette-vaihingen.de\/wp-content\/uploads\/2022\/05\/27.jpg\" class=\"wp-block-v4-bilder-karussel__image\" alt=\"\" srcset=\"https:\/\/gedenkstaette-vaihingen.de\/wp-content\/uploads\/2022\/05\/27.jpg 724w, https:\/\/gedenkstaette-vaihingen.de\/wp-content\/uploads\/2022\/05\/27-480x298.jpg 480w\" sizes=\"auto, (max-width: 724px) 100vw, 724px\" \/>\n                <\/a>\n                <p class=\"wp-block-v4-bilder-karussel__slide_caption\">Zarz\u0105d w tworzeniu stowarzyszenia w listopadzie 1990 roku<\/p>\n            <\/figure>\n                        <figure class=\"wp-block-v4-bilder-karussel__slide swiper-slide\">\n                <a href=\"https:\/\/gedenkstaette-vaihingen.de\/wp-content\/uploads\/2022\/05\/28.jpg\">\n                    <img loading=\"lazy\" decoding=\"async\" width=\"1035\" height=\"631\" src=\"https:\/\/gedenkstaette-vaihingen.de\/wp-content\/uploads\/2022\/05\/28.jpg\" class=\"wp-block-v4-bilder-karussel__image\" alt=\"\" srcset=\"https:\/\/gedenkstaette-vaihingen.de\/wp-content\/uploads\/2022\/05\/28.jpg 1035w, https:\/\/gedenkstaette-vaihingen.de\/wp-content\/uploads\/2022\/05\/28-480x293.jpg 480w, https:\/\/gedenkstaette-vaihingen.de\/wp-content\/uploads\/2022\/05\/28-768x468.jpg 768w\" sizes=\"auto, (max-width: 1035px) 100vw, 1035px\" \/>\n                <\/a>\n                <p class=\"wp-block-v4-bilder-karussel__slide_caption\">Ponad 1000 obywateli wykaza\u0107 w dniu 18 pa\u017adziernika 1990 roku w obozie koncentracyjnym na cmentarzu pami\u0105tkow\u0105 przed jego profanacj\u0105<\/p>\n            <\/figure>\n                        <figure class=\"wp-block-v4-bilder-karussel__slide swiper-slide\">\n                <a href=\"https:\/\/gedenkstaette-vaihingen.de\/wp-content\/uploads\/2022\/05\/29-1200x798.jpg\">\n                    <img loading=\"lazy\" decoding=\"async\" width=\"1140\" height=\"758\" src=\"https:\/\/gedenkstaette-vaihingen.de\/wp-content\/uploads\/2022\/05\/29-1200x798.jpg\" class=\"wp-block-v4-bilder-karussel__image\" alt=\"\" srcset=\"https:\/\/gedenkstaette-vaihingen.de\/wp-content\/uploads\/2022\/05\/29-1200x798.jpg 1200w, https:\/\/gedenkstaette-vaihingen.de\/wp-content\/uploads\/2022\/05\/29-480x319.jpg 480w, https:\/\/gedenkstaette-vaihingen.de\/wp-content\/uploads\/2022\/05\/29-768x511.jpg 768w, https:\/\/gedenkstaette-vaihingen.de\/wp-content\/uploads\/2022\/05\/29-1536x1021.jpg 1536w, https:\/\/gedenkstaette-vaihingen.de\/wp-content\/uploads\/2022\/05\/29-2048x1362.jpg 2048w, https:\/\/gedenkstaette-vaihingen.de\/wp-content\/uploads\/2022\/05\/29-1920x1277.jpg 1920w\" sizes=\"auto, (max-width: 1140px) 100vw, 1140px\" \/>\n                <\/a>\n                <p class=\"wp-block-v4-bilder-karussel__slide_caption\">Prezentacja filmu z udzia\u0142em pani Wendelgard von Staden, luty 2005<\/p>\n            <\/figure>\n                        <figure class=\"wp-block-v4-bilder-karussel__slide swiper-slide\">\n                <a href=\"https:\/\/gedenkstaette-vaihingen.de\/wp-content\/uploads\/2022\/05\/30-1200x900.jpg\">\n                    <img loading=\"lazy\" decoding=\"async\" width=\"1140\" height=\"855\" src=\"https:\/\/gedenkstaette-vaihingen.de\/wp-content\/uploads\/2022\/05\/30-1200x900.jpg\" class=\"wp-block-v4-bilder-karussel__image\" alt=\"\" srcset=\"https:\/\/gedenkstaette-vaihingen.de\/wp-content\/uploads\/2022\/05\/30-1200x900.jpg 1200w, https:\/\/gedenkstaette-vaihingen.de\/wp-content\/uploads\/2022\/05\/30-480x360.jpg 480w, https:\/\/gedenkstaette-vaihingen.de\/wp-content\/uploads\/2022\/05\/30-768x576.jpg 768w, https:\/\/gedenkstaette-vaihingen.de\/wp-content\/uploads\/2022\/05\/30-1536x1152.jpg 1536w, https:\/\/gedenkstaette-vaihingen.de\/wp-content\/uploads\/2022\/05\/30-2048x1536.jpg 2048w, https:\/\/gedenkstaette-vaihingen.de\/wp-content\/uploads\/2022\/05\/30-1707x1280.jpg 1707w\" sizes=\"auto, (max-width: 1140px) 100vw, 1140px\" \/>\n                <\/a>\n                <p class=\"wp-block-v4-bilder-karussel__slide_caption\">Wystawa w \u015awi\u0119tego Piotra z okazji 70. rocznicy wyzwolenia kwiecie\u0144 2015<\/p>\n            <\/figure>\n                        <figure class=\"wp-block-v4-bilder-karussel__slide swiper-slide\">\n                <a href=\"https:\/\/gedenkstaette-vaihingen.de\/wp-content\/uploads\/2022\/05\/31.jpg\">\n                    <img loading=\"lazy\" decoding=\"async\" width=\"1024\" height=\"768\" src=\"https:\/\/gedenkstaette-vaihingen.de\/wp-content\/uploads\/2022\/05\/31.jpg\" class=\"wp-block-v4-bilder-karussel__image\" alt=\"\" srcset=\"https:\/\/gedenkstaette-vaihingen.de\/wp-content\/uploads\/2022\/05\/31.jpg 1024w, https:\/\/gedenkstaette-vaihingen.de\/wp-content\/uploads\/2022\/05\/31-480x360.jpg 480w, https:\/\/gedenkstaette-vaihingen.de\/wp-content\/uploads\/2022\/05\/31-768x576.jpg 768w\" sizes=\"auto, (max-width: 1024px) 100vw, 1024px\" \/>\n                <\/a>\n                <p class=\"wp-block-v4-bilder-karussel__slide_caption\">Grupa m\u0142odzie\u017cy historie by\u0142 w styczniu 2006 roku oficjalnie cz\u0119\u015bci\u0105 stowarzyszenia.<\/p>\n            <\/figure>\n            \n        <\/figure>\n\n    <\/div>\n\n    <!-- Meta bar -->\n    <div class=\"wp-block-v4-bilder-karussel__meta\">\n\n        <div class=\"wp-block-v4-bilder-karussel__pagination Swiper-pagination\"><\/div>\n\n        <div class=\"wp-block-v4-bilder-karussel__navigation swiper-buttons\">\n            <div class=\"wp-block-v4-bilder-karussel__prev swiper-button-prev\"><\/div>\n            <div class=\"wp-block-v4-bilder-karussel__next swiper-button-next\"><\/div>\n        <\/div>\n\n    <\/div>\n\n<\/div>\n\n","protected":false},"excerpt":{"rendered":"<p>Jesieni\u0105 1989 roku w Vahingen\/Enz zosta\u0142a powo\u0142ana do \u017cycia grupa inicjatywna z udzia\u0142em fachowc\u00f3w, kt\u00f3ra by\u0142a autorem podstawowej koncepcji budowy centralnego miejsca pami\u0119ci na terenie by\u0142ego obozu koncentracyjnego KZ Vahingen\/Enz w powiecie Ludwigsburg. Nast\u0119pnie, w&hellip;<\/p>\n","protected":false},"author":1,"featured_media":0,"parent":0,"menu_order":1,"comment_status":"closed","ping_status":"closed","template":"template-blank.php","meta":{"_acf_changed":false,"footnotes":""},"class_list":["post-4874","page","type-page","status-publish","hentry"],"acf":[],"_links":{"self":[{"href":"https:\/\/gedenkstaette-vaihingen.de\/pl\/wp-json\/wp\/v2\/pages\/4874","targetHints":{"allow":["GET"]}}],"collection":[{"href":"https:\/\/gedenkstaette-vaihingen.de\/pl\/wp-json\/wp\/v2\/pages"}],"about":[{"href":"https:\/\/gedenkstaette-vaihingen.de\/pl\/wp-json\/wp\/v2\/types\/page"}],"author":[{"embeddable":true,"href":"https:\/\/gedenkstaette-vaihingen.de\/pl\/wp-json\/wp\/v2\/users\/1"}],"replies":[{"embeddable":true,"href":"https:\/\/gedenkstaette-vaihingen.de\/pl\/wp-json\/wp\/v2\/comments?post=4874"}],"version-history":[{"count":0,"href":"https:\/\/gedenkstaette-vaihingen.de\/pl\/wp-json\/wp\/v2\/pages\/4874\/revisions"}],"wp:attachment":[{"href":"https:\/\/gedenkstaette-vaihingen.de\/pl\/wp-json\/wp\/v2\/media?parent=4874"}],"curies":[{"name":"wp","href":"https:\/\/api.w.org\/{rel}","templated":true}]}}