{"id":4585,"date":"2022-05-11T09:23:10","date_gmt":"2022-05-11T07:23:10","guid":{"rendered":"https:\/\/gedenkstaette-vaihingen.wp1.visual4.de\/ziele-und-aktivitaeten\/"},"modified":"2023-03-30T14:40:08","modified_gmt":"2023-03-30T12:40:08","slug":"ziele-und-aktivitaeten","status":"publish","type":"page","link":"https:\/\/gedenkstaette-vaihingen.de\/pl\/der-verein\/ziele-und-aktivitaeten\/","title":{"rendered":"Cele i dzia\u0142ania"},"content":{"rendered":"\n<ul class=\"wp-block-list\">\n<li>badania nad histori\u0105 obozu<\/li>\n\n\n\n<li>oddawanie ho\u0142du ofiarom narodowego socjalizmu<\/li>\n\n\n\n<li>prowadzenie miejsca pami\u0119ci na terenie obozu koncentracyjnego KZ Vaihingen\/Enz<\/li>\n\n\n\n<li>przekazywanie wiedzy o okrutnym i nieludzkim systemie nazistowskim \u2013 szczeg\u00f3lnie m\u0142odym ludziom, a tak\u017ce zapoznanie ich z problemem nazizmu<\/li>\n\n\n\n<li>publikowanie ksi\u0105\u017cek, broszur, artyku\u0142\u00f3w i film\u00f3w o historii obozu i jego wi\u0119\u017aniach<\/li>\n<\/ul>\n\n\n\n<div class=\"wp-block-v4-bilder-karussel \">\n\n    <!-- Slider main container -->\n    <div class=\"wp-block-v4-bilder-karussel__slider-container swiper-container\">\n\n        <!-- Additional required wrapper -->\n        <figure class=\"wp-block-v4-bilder-karussel__slider-wrapper swiper-wrapper\">\n\n            <!-- Slides -->\n                        <figure class=\"wp-block-v4-bilder-karussel__slide swiper-slide\">\n                <a href=\"https:\/\/gedenkstaette-vaihingen.de\/wp-content\/uploads\/2022\/05\/32-1200x788.jpg\">\n                    <img loading=\"lazy\" decoding=\"async\" width=\"1140\" height=\"749\" src=\"https:\/\/gedenkstaette-vaihingen.de\/wp-content\/uploads\/2022\/05\/32-1200x788.jpg\" class=\"wp-block-v4-bilder-karussel__image\" alt=\"\" srcset=\"https:\/\/gedenkstaette-vaihingen.de\/wp-content\/uploads\/2022\/05\/32-1200x788.jpg 1200w, https:\/\/gedenkstaette-vaihingen.de\/wp-content\/uploads\/2022\/05\/32-480x315.jpg 480w, https:\/\/gedenkstaette-vaihingen.de\/wp-content\/uploads\/2022\/05\/32-768x504.jpg 768w, https:\/\/gedenkstaette-vaihingen.de\/wp-content\/uploads\/2022\/05\/32-1536x1009.jpg 1536w, https:\/\/gedenkstaette-vaihingen.de\/wp-content\/uploads\/2022\/05\/32-2048x1345.jpg 2048w, https:\/\/gedenkstaette-vaihingen.de\/wp-content\/uploads\/2022\/05\/32-1920x1261.jpg 1920w\" sizes=\"auto, (max-width: 1140px) 100vw, 1140px\" \/>\n                <\/a>\n                <p class=\"wp-block-v4-bilder-karussel__slide_caption\">Seminarium dokszta\u0142caj\u0105ce dla nauczycieli na cmentarzu w Bietigheim, maj 1993<\/p>\n            <\/figure>\n                        <figure class=\"wp-block-v4-bilder-karussel__slide swiper-slide\">\n                <a href=\"https:\/\/gedenkstaette-vaihingen.de\/wp-content\/uploads\/2022\/05\/33.jpg\">\n                    <img loading=\"lazy\" decoding=\"async\" width=\"1099\" height=\"743\" src=\"https:\/\/gedenkstaette-vaihingen.de\/wp-content\/uploads\/2022\/05\/33.jpg\" class=\"wp-block-v4-bilder-karussel__image\" alt=\"\" srcset=\"https:\/\/gedenkstaette-vaihingen.de\/wp-content\/uploads\/2022\/05\/33.jpg 1099w, https:\/\/gedenkstaette-vaihingen.de\/wp-content\/uploads\/2022\/05\/33-480x325.jpg 480w, https:\/\/gedenkstaette-vaihingen.de\/wp-content\/uploads\/2022\/05\/33-768x519.jpg 768w\" sizes=\"auto, (max-width: 1099px) 100vw, 1099px\" \/>\n                <\/a>\n                <p class=\"wp-block-v4-bilder-karussel__slide_caption\">Intensywna wymiana mi\u0119dzy ocala\u0142ych i obywateli Vaihinger, kwiecie\u0144 2005<\/p>\n            <\/figure>\n                        <figure class=\"wp-block-v4-bilder-karussel__slide swiper-slide\">\n                <a href=\"https:\/\/gedenkstaette-vaihingen.de\/wp-content\/uploads\/2022\/05\/34-1200x798.jpg\">\n                    <img loading=\"lazy\" decoding=\"async\" width=\"1140\" height=\"758\" src=\"https:\/\/gedenkstaette-vaihingen.de\/wp-content\/uploads\/2022\/05\/34-1200x798.jpg\" class=\"wp-block-v4-bilder-karussel__image\" alt=\"\" srcset=\"https:\/\/gedenkstaette-vaihingen.de\/wp-content\/uploads\/2022\/05\/34-1200x798.jpg 1200w, https:\/\/gedenkstaette-vaihingen.de\/wp-content\/uploads\/2022\/05\/34-480x319.jpg 480w, https:\/\/gedenkstaette-vaihingen.de\/wp-content\/uploads\/2022\/05\/34-768x511.jpg 768w, https:\/\/gedenkstaette-vaihingen.de\/wp-content\/uploads\/2022\/05\/34-1536x1021.jpg 1536w, https:\/\/gedenkstaette-vaihingen.de\/wp-content\/uploads\/2022\/05\/34-2048x1362.jpg 2048w, https:\/\/gedenkstaette-vaihingen.de\/wp-content\/uploads\/2022\/05\/34-1920x1277.jpg 1920w\" sizes=\"auto, (max-width: 1140px) 100vw, 1140px\" \/>\n                <\/a>\n                <p class=\"wp-block-v4-bilder-karussel__slide_caption\">W regularnych odst\u0119pach czasu prowadzone s\u0105 szkolenia dla nauczycieli, kt\u00f3rych celem jest przygotowanie i przeprowadzenie zwiedzania miejsca pami\u0119ci.<\/p>\n            <\/figure>\n                        <figure class=\"wp-block-v4-bilder-karussel__slide swiper-slide\">\n                <a href=\"https:\/\/gedenkstaette-vaihingen.de\/wp-content\/uploads\/2022\/05\/35-1200x798.jpg\">\n                    <img loading=\"lazy\" decoding=\"async\" width=\"1140\" height=\"758\" src=\"https:\/\/gedenkstaette-vaihingen.de\/wp-content\/uploads\/2022\/05\/35-1200x798.jpg\" class=\"wp-block-v4-bilder-karussel__image\" alt=\"\" srcset=\"https:\/\/gedenkstaette-vaihingen.de\/wp-content\/uploads\/2022\/05\/35-1200x798.jpg 1200w, https:\/\/gedenkstaette-vaihingen.de\/wp-content\/uploads\/2022\/05\/35-480x319.jpg 480w, https:\/\/gedenkstaette-vaihingen.de\/wp-content\/uploads\/2022\/05\/35-768x511.jpg 768w, https:\/\/gedenkstaette-vaihingen.de\/wp-content\/uploads\/2022\/05\/35-1536x1021.jpg 1536w, https:\/\/gedenkstaette-vaihingen.de\/wp-content\/uploads\/2022\/05\/35-2048x1362.jpg 2048w, https:\/\/gedenkstaette-vaihingen.de\/wp-content\/uploads\/2022\/05\/35-1920x1277.jpg 1920w\" sizes=\"auto, (max-width: 1140px) 100vw, 1140px\" \/>\n                <\/a>\n                <p class=\"wp-block-v4-bilder-karussel__slide_caption\">Upami\u0119tnienie z tematem \u201eZ masowym grobie na cmentarzu godnego\u201d 13 kwiecie\u0144 2008<\/p>\n            <\/figure>\n                        <figure class=\"wp-block-v4-bilder-karussel__slide swiper-slide\">\n                <a href=\"https:\/\/gedenkstaette-vaihingen.de\/wp-content\/uploads\/2022\/05\/36-1200x798.jpg\">\n                    <img loading=\"lazy\" decoding=\"async\" width=\"1140\" height=\"758\" src=\"https:\/\/gedenkstaette-vaihingen.de\/wp-content\/uploads\/2022\/05\/36-1200x798.jpg\" class=\"wp-block-v4-bilder-karussel__image\" alt=\"\" srcset=\"https:\/\/gedenkstaette-vaihingen.de\/wp-content\/uploads\/2022\/05\/36-1200x798.jpg 1200w, https:\/\/gedenkstaette-vaihingen.de\/wp-content\/uploads\/2022\/05\/36-480x319.jpg 480w, https:\/\/gedenkstaette-vaihingen.de\/wp-content\/uploads\/2022\/05\/36-768x511.jpg 768w, https:\/\/gedenkstaette-vaihingen.de\/wp-content\/uploads\/2022\/05\/36-1536x1021.jpg 1536w, https:\/\/gedenkstaette-vaihingen.de\/wp-content\/uploads\/2022\/05\/36-2048x1362.jpg 2048w, https:\/\/gedenkstaette-vaihingen.de\/wp-content\/uploads\/2022\/05\/36-1920x1277.jpg 1920w\" sizes=\"auto, (max-width: 1140px) 100vw, 1140px\" \/>\n                <\/a>\n                <p class=\"wp-block-v4-bilder-karussel__slide_caption\">Prezentacja Stowarzyszenia Pami\u0119ci w Ludwigsburgu w kwietniu 2009 roku<\/p>\n            <\/figure>\n            \n        <\/figure>\n\n    <\/div>\n\n    <!-- Meta bar -->\n    <div class=\"wp-block-v4-bilder-karussel__meta\">\n\n        <div class=\"wp-block-v4-bilder-karussel__pagination Swiper-pagination\"><\/div>\n\n        <div class=\"wp-block-v4-bilder-karussel__navigation swiper-buttons\">\n            <div class=\"wp-block-v4-bilder-karussel__prev swiper-button-prev\"><\/div>\n            <div class=\"wp-block-v4-bilder-karussel__next swiper-button-next\"><\/div>\n        <\/div>\n\n    <\/div>\n\n<\/div>\n\n\n<ul class=\"wp-block-list\">\n<li>po\u015bredniczenie w przekazywaniu metod zwalczania uprzedze\u0144, nietolerancji i fanatyzmu oraz sposob\u00f3w dzia\u0142a\u0144 maj\u0105cych na celu pojednanie mi\u0119dzy narodami<\/li>\n\n\n\n<li>wsp\u00f3\u0142praca z innymi miejscami pami\u0119ci<\/li>\n\n\n\n<li>organizowanie zwiedzania miejsca pami\u0119ci, wyk\u0142ad\u00f3w i seminari\u00f3w tematycznych<\/li>\n\n\n\n<li>wspieranie nauczycieli w odpowiednim przygotowaniu i przeprowadzaniu zwiedzania miejsca pami\u0119ci<\/li>\n\n\n\n<li>nawi\u0105zywanie i piel\u0119gnowanie kontakt\u00f3w ze wszystkimi by\u0142ymi wi\u0119\u017aniami obozu koncentracyjnego i ich bliskimi<\/li>\n<\/ul>\n","protected":false},"excerpt":{"rendered":"","protected":false},"author":1,"featured_media":3290,"parent":4874,"menu_order":1,"comment_status":"closed","ping_status":"closed","template":"","meta":{"_acf_changed":false,"footnotes":""},"class_list":["post-4585","page","type-page","status-publish","has-post-thumbnail","hentry"],"acf":[],"_links":{"self":[{"href":"https:\/\/gedenkstaette-vaihingen.de\/pl\/wp-json\/wp\/v2\/pages\/4585","targetHints":{"allow":["GET"]}}],"collection":[{"href":"https:\/\/gedenkstaette-vaihingen.de\/pl\/wp-json\/wp\/v2\/pages"}],"about":[{"href":"https:\/\/gedenkstaette-vaihingen.de\/pl\/wp-json\/wp\/v2\/types\/page"}],"author":[{"embeddable":true,"href":"https:\/\/gedenkstaette-vaihingen.de\/pl\/wp-json\/wp\/v2\/users\/1"}],"replies":[{"embeddable":true,"href":"https:\/\/gedenkstaette-vaihingen.de\/pl\/wp-json\/wp\/v2\/comments?post=4585"}],"version-history":[{"count":0,"href":"https:\/\/gedenkstaette-vaihingen.de\/pl\/wp-json\/wp\/v2\/pages\/4585\/revisions"}],"up":[{"embeddable":true,"href":"https:\/\/gedenkstaette-vaihingen.de\/pl\/wp-json\/wp\/v2\/pages\/4874"}],"wp:featuredmedia":[{"embeddable":true,"href":"https:\/\/gedenkstaette-vaihingen.de\/pl\/wp-json\/wp\/v2\/media\/3290"}],"wp:attachment":[{"href":"https:\/\/gedenkstaette-vaihingen.de\/pl\/wp-json\/wp\/v2\/media?parent=4585"}],"curies":[{"name":"wp","href":"https:\/\/api.w.org\/{rel}","templated":true}]}}