{"id":4583,"date":"2022-05-11T09:20:02","date_gmt":"2022-05-11T07:20:02","guid":{"rendered":"https:\/\/gedenkstaette-vaihingen.wp1.visual4.de\/geschichte-des-vereins\/"},"modified":"2023-03-30T14:38:49","modified_gmt":"2023-03-30T12:38:49","slug":"geschichte-des-vereins","status":"publish","type":"page","link":"https:\/\/gedenkstaette-vaihingen.de\/pl\/der-verein\/geschichte-des-vereins\/","title":{"rendered":"Historia Stowarzyszenia"},"content":{"rendered":"\n<p>Za cel Stowarzyszenie postawi\u0142o sobie prac\u0119 nad okresem historii regionalnej, w kt\u00f3rym &#8222;ob\u00f3z koncentracyjny przed progiem domu&#8221; (ukaza\u0142a si\u0119 publikacja pod tym tytu\u0142em zawieraj\u0105ca relacje wielu naocznych \u015bwiadk\u00f3w) by\u0142 \u015bwiadectwem cywilizacyjnego za\u0142amania w niemieckiej historii. Aktywni cz\u0142onkowie Stowarzyszenia podzielili si\u0119 na grupy robocze.<\/p>\n\n\n\n<p>Przyj\u0119to nast\u0119puj\u0105ce punkty ci\u0119\u017cko\u015bci: stworzenie miejsca pami\u0119ci i prowadzenie jego dzia\u0142alno\u015bci, historyczne opracowanie wydarze\u0144 w obozie, piel\u0119gnowanie kontakt\u00f3w z podobnymi miejscami pami\u0119ci, coroczne uroczysto\u015bci w dniu wyzwolenia obozu w kwietniu, sta\u0142y kontakt z by\u0142ymi wi\u0119\u017aniami i ich bliskimi oraz opieka nad nimi w ich miejscu zamieszkania, opracowanie materia\u0142\u00f3w dydaktycznych dla szk\u00f3\u0142 oraz wydawanie i rozpowszechniane publikacji.<\/p>\n\n\n\n<div class=\"wp-block-group alignfull has-light-gray-background-color has-background is-layout-flow wp-block-group-is-layout-flow\">\n<div class=\"wp-block-media-text alignwide is-stacked-on-mobile is-vertically-aligned-center is-image-fill\"><figure class=\"wp-block-media-text__media\" style=\"background-image:url(https:\/\/gedenkstaette-vaihingen.de\/wp-content\/uploads\/2022\/08\/Treffen2005-3-1200x798.jpg);background-position:50% 50%\"><img loading=\"lazy\" decoding=\"async\" width=\"1200\" height=\"798\" src=\"https:\/\/gedenkstaette-vaihingen.de\/wp-content\/uploads\/2022\/08\/Treffen2005-3-1200x798.jpg\" alt=\"\" class=\"wp-image-4166 size-full\" srcset=\"https:\/\/gedenkstaette-vaihingen.de\/wp-content\/uploads\/2022\/08\/Treffen2005-3-1200x798.jpg 1200w, https:\/\/gedenkstaette-vaihingen.de\/wp-content\/uploads\/2022\/08\/Treffen2005-3-480x319.jpg 480w, https:\/\/gedenkstaette-vaihingen.de\/wp-content\/uploads\/2022\/08\/Treffen2005-3-768x511.jpg 768w, https:\/\/gedenkstaette-vaihingen.de\/wp-content\/uploads\/2022\/08\/Treffen2005-3-1536x1021.jpg 1536w, https:\/\/gedenkstaette-vaihingen.de\/wp-content\/uploads\/2022\/08\/Treffen2005-3-2048x1362.jpg 2048w, https:\/\/gedenkstaette-vaihingen.de\/wp-content\/uploads\/2022\/08\/Treffen2005-3-1920x1277.jpg 1920w\" sizes=\"auto, (max-width: 1200px) 100vw, 1200px\" \/><\/figure><div class=\"wp-block-media-text__content\">\n<h2 class=\"has-text-align-left has-extra-large-font-size wp-block-heading\">Spotkanie z ocala\u0142ymi<\/h2>\n\n\n\n<p>Wydarzeniami szczeg\u00f3lnej wagi by\u0142y i s\u0105 dla Stowarzyszenia spotkania z by\u0142ymi wi\u0119\u017aniami. Trzykrotnie z pomoc\u0105 miasta Vaihingen uda\u0142o si\u0119 Stowarzyszeniu zaprosi\u0107 by\u0142ych wi\u0119\u017ani\u00f3w z r\u00f3\u017cnych kraj\u00f3w. Cz\u0142onkowie Stowarzyszenia odwiedzili by\u0142ych wi\u0119\u017ani\u00f3w w Polsce, Francji i Izraelu.<\/p>\n\n\n\n<p>W mi\u0119dzyczasie by\u0142y ob\u00f3z jest odwiedzany jako miejsce pami\u0119ci biograficznej&nbsp; nie tylko przez by\u0142ych wi\u0119\u017ani\u00f3w, ale coraz cz\u0119\u015bciej przez ich potomk\u00f3w. Przy tych okazjach nawi\u0105zywane s\u0105 nowe kontakty a nawet przyja\u017anie. Wielu by\u0142ych wi\u0119\u017ani\u00f3w zapewnia nas, \u017ce starania Stowarzyszenia umo\u017cliwiaj\u0105 im zabranie ze sob\u0105 w drog\u0119 powrotn\u0105 lepszego wyobra\u017cenia o Niemcach.<\/p>\n\n\n\n<p>Ostatni z tych spotka\u0144 odby\u0142o si\u0119 w kwietniu 2015 roku z okazji 70. rocznicy wyzwolenia obozu i do ko\u0144ca II wojny \u015bwiatowej. Zamiast.<\/p>\n<\/div><\/div>\n<\/div>\n\n\n\n<div class=\"wp-block-media-text alignwide has-media-on-the-right is-stacked-on-mobile is-vertically-aligned-center is-image-fill\" style=\"grid-template-columns:auto 40%\"><div class=\"wp-block-media-text__content\">\n<h2 class=\"has-text-align-left has-extra-large-font-size wp-block-heading\">Publikacja<\/h2>\n\n\n\n<p>Wiosn\u0105 2005 roku, w sze\u015b\u0107dziesi\u0105t\u0105 rocznic\u0119 wyzwolenia obozu, ukaza\u0142o si\u0119 na nowo opracowane, trzecie wydanie zeszytu b\u0119d\u0105cego uzupe\u0142nieniem serii wydawniczej miasta Vahingen\/Enz &#8222;Ob\u00f3z koncentracyjny przed progiem domu&#8221;, zawieraj\u0105ce relacje naocznych \u015bwiadk\u00f3w. Stowarzyszenie opracowa\u0142o tak\u017ce broszur\u0119 o historii obozu przeznaczon\u0105 dla zwiedzaj\u0105cych, kt\u00f3rej dziewi\u0105te wydanie w\u0142a\u015bnie si\u0119 ukaza\u0142o.<\/p>\n\n\n\n<p>Niesamowit\u0105 odysej\u0119, kt\u00f3rej bohaterem by\u0142 Holender Jules Schelvis, a kt\u00f3ra toczy\u0142a si\u0119 pomi\u0119dzy rokiem 1943 i 1945 od Amsterdamu poprzez Radom, Auschwitz do Vahingen, przedstawili w dwudziestominutowym filmie (&#8222;Inna podr\u00f3\u017c&#8221;, 1995) cz\u0142onkowie Stowarzyszenia we wsp\u00f3\u0142pracy z Krajowym Centrum Medialnym w Badenii-Wirtembergii (Landesmedienzentrum Baden- W\u00fcrttemberg). Film ten jest od lat pokazywany w szko\u0142ach.<\/p>\n\n\n\n<p>Drugi film, prezentuj\u0105cy prze\u017cycia pani Wendelgard von Neurath\/Staden pomi\u0119dzy sierpniem 1944 a kwietniem 1945, w po\u0142o\u017conym niedaleko obozu maj\u0105tku jej rodzic\u00f3w, jest relacj\u0105 &#8222;z zewn\u0105trz&#8221; i uzupe\u0142nieniem opis\u00f3w wydarze\u0144 wewn\u0105trz obozu, kt\u00f3rych autorami s\u0105 Jules Schelvis i jego wsp\u00f3\u0142wi\u0119\u017aniowie (\u201eSpojrzenie wstecz \u2013 nie b\u0119dzie zapomnienia\u201d\/\u201eIm Blick zur\u00fcck &#8211; kein Vergessen\u201c, 2005).<\/p>\n<\/div><figure class=\"wp-block-media-text__media\" style=\"background-image:url(https:\/\/gedenkstaette-vaihingen.de\/wp-content\/uploads\/2022\/10\/Isrealis13-e1671816500997.jpg);background-position:50% 50%\"><img loading=\"lazy\" decoding=\"async\" width=\"441\" height=\"566\" src=\"https:\/\/gedenkstaette-vaihingen.de\/wp-content\/uploads\/2022\/10\/Isrealis13-e1671816500997.jpg\" alt=\"\" class=\"wp-image-4293 size-full\" srcset=\"https:\/\/gedenkstaette-vaihingen.de\/wp-content\/uploads\/2022\/10\/Isrealis13-e1671816500997.jpg 441w, https:\/\/gedenkstaette-vaihingen.de\/wp-content\/uploads\/2022\/10\/Isrealis13-e1671816500997-374x480.jpg 374w\" sizes=\"auto, (max-width: 441px) 100vw, 441px\" \/><\/figure><\/div>\n\n\n\n<div class=\"wp-block-media-text alignwide is-stacked-on-mobile is-vertically-aligned-center is-image-fill\" style=\"grid-template-columns:40% auto\"><figure class=\"wp-block-media-text__media\" style=\"background-image:url(https:\/\/gedenkstaette-vaihingen.de\/wp-content\/uploads\/2022\/10\/Stollen4.jpg);background-position:50% 50%\"><img loading=\"lazy\" decoding=\"async\" width=\"640\" height=\"480\" src=\"https:\/\/gedenkstaette-vaihingen.de\/wp-content\/uploads\/2022\/10\/Stollen4.jpg\" alt=\"\" class=\"wp-image-4301 size-full\" srcset=\"https:\/\/gedenkstaette-vaihingen.de\/wp-content\/uploads\/2022\/10\/Stollen4.jpg 640w, https:\/\/gedenkstaette-vaihingen.de\/wp-content\/uploads\/2022\/10\/Stollen4-480x360.jpg 480w\" sizes=\"auto, (max-width: 640px) 100vw, 640px\" \/><\/figure><div class=\"wp-block-media-text__content\">\n<h2 class=\"has-text-align-left has-extra-large-font-size wp-block-heading\">Skrzynk\u0119 medialn\u0105<\/h2>\n\n\n\n<p>Poza tym, jedna z grup roboczych Stowarzyszenia stworzy\u0142a w roku 1999 &#8222;skrzynk\u0119 medialn\u0105&#8221; (Medienkoffer) ze stacjami edukacyjnymi o fazach obozu jako ob\u00f3z pracy, p\u00f3\u017aniej jako ob\u00f3z dla chorych, o kamienio\u0142omie, o wyzwoleniu obozu oraz stacj\u0105 zawieraj\u0105ca list\u0119 ofiar obozu. &#8222;Skrzynka medialna&#8221; jest pomocna zar\u00f3wno w przygotowaniach do zwiedzania obozu, jak i do pracy nad tematem po jego zako\u0144czeniu.<\/p>\n\n\n\n<p>Mo\u017ce by\u0107 ona wypo\u017cyczona w okr\u0119gowych centralach medialnych w Vaihingen\/Enz, Ludwigsburgu, Pforzheim i Stuttgarcie, oraz zar\u00f3wno jak filmy video, zakupiona w Stowarzyszeniu (zam\u00f3wienie\/Bestellschein). Ponad 50 szk\u00f3\u0142 ju\u017c z niej korzysta.<\/p>\n<\/div><\/div>\n\n\n\n<div class=\"wp-block-media-text alignwide has-media-on-the-right is-stacked-on-mobile is-vertically-aligned-center is-image-fill\" style=\"grid-template-columns:auto 40%\"><div class=\"wp-block-media-text__content\">\n<h2 class=\"has-text-align-left has-extra-large-font-size wp-block-heading\">Miejsce pami\u0119ci<\/h2>\n\n\n\n<p>G\u0142\u00f3wnym celem Stowarzyszenia by\u0142o utworzenie o\u015brodka pami\u0119ci w autentycznym miejscu wydarze\u0144 historycznych. Ponadto stworzono z pomoc\u0105 kompetentnych fachowc\u00f3w przekonywuj\u0105c\u0105 koncepcj\u0119 ca\u0142o\u015bci. Miejsce pami\u0119ci otwarto uroczy\u015bcie w roku 2005 w obecno\u015bci ponad 30 by\u0142ych wi\u0119\u017ani\u00f3w i ich bliskich.<\/p>\n\n\n\n<p>Od tego czasu cz\u0142onkowie Stowarzyszenia oprowadzaj\u0105 najr\u00f3\u017cniejsze grupy po terenie by\u0142ego obozu. Rocznie zwiedza ob\u00f3z oko\u0142o 2000 os\u00f3b indywidualnie i ponad 60 grup, g\u0142\u00f3wnie s\u0105 to klasy szkolne.<\/p>\n\n\n\n<p>Realizacja projektu by\u0142a mo\u017cliwa dzi\u0119ki pracy spo\u0142ecznej cz\u0142onk\u00f3w Stowarzyszenia oraz jego sponsorowaniu przez wiele firm, miasto Vahingen, Fundacj\u0119 Krajow\u0105 Badenii-Wirtembergii (Landesstiftung Baden\u2013W\u00fcrttemberg), Fundacj\u0119 Roberta Boscha (Robert Bosch Stiftung), Fundacj\u0119 Kasy Oszcz\u0119dno\u015bciowo-Budowlanej W\u00fcstenrot (Stiftungen der Baussparkasse W\u00fcstenrot), Powiatow\u0105 Kas\u0119 Oszcz\u0119dno\u015bciow\u0105 w Ludwigsburgu (Kreissparkasse Ludwigsburg), Fundacj\u0119 Miejsc Pami\u0119ci Republiki Federalnej Niemiec (Gedenkst\u00e4ttenf\u00f6rderung der Bundesrepublik Deutschland) oraz Komisji Europejskiej.<\/p>\n<\/div><figure class=\"wp-block-media-text__media\" style=\"background-image:url(https:\/\/gedenkstaette-vaihingen.de\/wp-content\/uploads\/2022\/10\/Stollen14.jpg);background-position:50% 50%\"><img loading=\"lazy\" decoding=\"async\" width=\"480\" height=\"640\" src=\"https:\/\/gedenkstaette-vaihingen.de\/wp-content\/uploads\/2022\/10\/Stollen14.jpg\" alt=\"\" class=\"wp-image-4297 size-full\" srcset=\"https:\/\/gedenkstaette-vaihingen.de\/wp-content\/uploads\/2022\/10\/Stollen14.jpg 480w, https:\/\/gedenkstaette-vaihingen.de\/wp-content\/uploads\/2022\/10\/Stollen14-360x480.jpg 360w\" sizes=\"auto, (max-width: 480px) 100vw, 480px\" \/><\/figure><\/div>\n","protected":false},"excerpt":{"rendered":"<p>Za cel Stowarzyszenie postawi\u0142o sobie prac\u0119 nad okresem historii regionalnej, w kt\u00f3rym &#8222;ob\u00f3z koncentracyjny przed progiem domu&#8221; (ukaza\u0142a si\u0119 publikacja pod tym tytu\u0142em zawieraj\u0105ca relacje wielu naocznych \u015bwiadk\u00f3w) by\u0142 \u015bwiadectwem cywilizacyjnego za\u0142amania w niemieckiej historii.&hellip;<\/p>\n","protected":false},"author":1,"featured_media":3305,"parent":4874,"menu_order":0,"comment_status":"closed","ping_status":"closed","template":"","meta":{"_acf_changed":false,"footnotes":""},"class_list":["post-4583","page","type-page","status-publish","has-post-thumbnail","hentry"],"acf":[],"_links":{"self":[{"href":"https:\/\/gedenkstaette-vaihingen.de\/pl\/wp-json\/wp\/v2\/pages\/4583","targetHints":{"allow":["GET"]}}],"collection":[{"href":"https:\/\/gedenkstaette-vaihingen.de\/pl\/wp-json\/wp\/v2\/pages"}],"about":[{"href":"https:\/\/gedenkstaette-vaihingen.de\/pl\/wp-json\/wp\/v2\/types\/page"}],"author":[{"embeddable":true,"href":"https:\/\/gedenkstaette-vaihingen.de\/pl\/wp-json\/wp\/v2\/users\/1"}],"replies":[{"embeddable":true,"href":"https:\/\/gedenkstaette-vaihingen.de\/pl\/wp-json\/wp\/v2\/comments?post=4583"}],"version-history":[{"count":0,"href":"https:\/\/gedenkstaette-vaihingen.de\/pl\/wp-json\/wp\/v2\/pages\/4583\/revisions"}],"up":[{"embeddable":true,"href":"https:\/\/gedenkstaette-vaihingen.de\/pl\/wp-json\/wp\/v2\/pages\/4874"}],"wp:featuredmedia":[{"embeddable":true,"href":"https:\/\/gedenkstaette-vaihingen.de\/pl\/wp-json\/wp\/v2\/media\/3305"}],"wp:attachment":[{"href":"https:\/\/gedenkstaette-vaihingen.de\/pl\/wp-json\/wp\/v2\/media?parent=4583"}],"curies":[{"name":"wp","href":"https:\/\/api.w.org\/{rel}","templated":true}]}}