{"id":5306,"date":"2020-10-22T11:45:14","date_gmt":"2020-10-22T09:45:14","guid":{"rendered":"https:\/\/gedenkstaette-vaihingen.de\/block-test\/"},"modified":"2026-04-14T18:51:28","modified_gmt":"2026-04-14T16:51:28","slug":"block-test","status":"publish","type":"page","link":"https:\/\/gedenkstaette-vaihingen.de\/fr\/","title":{"rendered":"KZ-Gedenkst\u00e4tte Vaihingen\/Enz"},"content":{"rendered":"\n<div class=\"wp-block-group is-content-justification-right is-nowrap is-layout-flex wp-container-core-group-is-layout-17124a9a wp-block-group-is-layout-flex\">\n<figure class=\"wp-block-image size-full is-resized\"><img loading=\"lazy\" decoding=\"async\" width=\"652\" height=\"586\" src=\"https:\/\/gedenkstaette-vaihingen.de\/wp-content\/uploads\/2024\/05\/Logo_KZ_Gedenkstaette.png\" alt=\"\" class=\"wp-image-6605\" style=\"width:auto;height:125px\" srcset=\"https:\/\/gedenkstaette-vaihingen.de\/wp-content\/uploads\/2024\/05\/Logo_KZ_Gedenkstaette.png 652w, https:\/\/gedenkstaette-vaihingen.de\/wp-content\/uploads\/2024\/05\/Logo_KZ_Gedenkstaette-480x431.png 480w\" sizes=\"auto, (max-width: 652px) 100vw, 652px\" \/><\/figure>\n\n\n\n<figure class=\"wp-block-image alignright size-full is-resized\"><img loading=\"lazy\" decoding=\"async\" width=\"129\" height=\"117\" src=\"https:\/\/gedenkstaette-vaihingen.de\/wp-content\/uploads\/2022\/05\/cropped-logo.jpg\" alt=\"\" class=\"wp-image-2643\" style=\"width:138px;height:125px\"\/><\/figure>\n<\/div>\n\n<h2 class=\"wp-block-heading\">Herzlich willkommen auf der Website der KZ-Gedenkst\u00e4tte Vaihingen\/Enz!<br\/><br\/><\/h2>\n\n<h3 class=\"wp-block-heading\">Sonntag, 12. April 2026 &#8211; Gut besuchte Gedenkfeier trotz Regen<\/h3>\n\n<div class=\"wp-block-columns is-layout-flex wp-container-core-columns-is-layout-28f84493 wp-block-columns-is-layout-flex\">\n<div class=\"wp-block-column is-layout-flow wp-block-column-is-layout-flow\" style=\"flex-basis:33.33%\">\n<figure class=\"wp-block-image size-full\"><img loading=\"lazy\" decoding=\"async\" width=\"640\" height=\"480\" src=\"https:\/\/gedenkstaette-vaihingen.de\/wp-content\/uploads\/2026\/04\/IMG_8355.jpg\" alt=\"\" class=\"wp-image-8459\" srcset=\"https:\/\/gedenkstaette-vaihingen.de\/wp-content\/uploads\/2026\/04\/IMG_8355.jpg 640w, https:\/\/gedenkstaette-vaihingen.de\/wp-content\/uploads\/2026\/04\/IMG_8355-480x360.jpg 480w\" sizes=\"auto, (max-width: 640px) 100vw, 640px\" \/><figcaption class=\"wp-element-caption\">Leichter Regen hielt die Besucher nicht ab zahlreich zu kommen.<\/figcaption><\/figure>\n<\/div>\n\n\n\n<div class=\"wp-block-column is-layout-flow wp-block-column-is-layout-flow\" style=\"flex-basis:66.66%\">\n<p>Rund 80 Teilnehmer fanden sich auf dem KZ-Friedhof ein, um gemeinsam den Opfern des KZ-Vaihingen\/Enz, dessen Befreiung sich im April 2026 zum 81. Mal j\u00e4hrte, zu gedenken. Vorstandssprecher Rainer Mayer stellte in seiner Begr\u00fc\u00dfung die Wichtigkeit des ehrenamtlichen Engagements in der Zivilgesellschaft heraus, um zum einen unsere Gesellschaft in vielen Bereichen am Laufen und zusammen zu halten und zum anderen den Anfeindungen, denen sie ausgesetzt ist, entgegen zu treten. Oberb\u00fcrgermeister Uwe Skrzypek-Muth beklagte, dass sowohl in der Vaihinger Stadtgesellschaft als auch bundesweit zu wenig gegen Kr\u00e4fte getan wird, die die Verbrechen des Nationalsozialismus relativieren oder gar ganz leugnen. Auch international stelle er fest, dass Nationen, mit denen man sich verbunden gef\u00fchlt habe, \u201eunsere Wertehaltung gar nicht mehr vertreten.\u201d Er lobte die sich eherenamtlich engagierenden M\u00e4nner und Frauen im Gedenkst\u00e4ttenverein und bedankte sich f\u00fcr ihre Arbeit.<\/p>\n<\/div>\n<\/div>\n\n<div class=\"wp-block-columns is-layout-flex wp-container-core-columns-is-layout-28f84493 wp-block-columns-is-layout-flex\">\n<div class=\"wp-block-column is-layout-flow wp-block-column-is-layout-flow\" style=\"flex-basis:66.66%\">\n<p>Den inhaltlichen Schwerpunkt legten aber die Sch\u00fcler der Klassenstufe 9 des Friedrich-Abel Gymnasiums Laura Gr\u00fcnzner, Constantin Fr\u00f6hlich, Annalena Linck und Nele Schnitzer mit ihren eindr\u00fccklichen Ausf\u00fchrungen zu Freiheit und Befreiung.<br\/><br\/>Aus verschiedenen Blickwinkeln beleuchteten sie die Thematik und res\u00fcmierten: \u201eBefreit zu sein, bedeutet nicht frei zu sein \u2026\u201c und vor allem \u201eFreiheit ben\u00f6tigt Erinnerung, Erinnerung an die Vergangenheit und an dieses schreckliche Verbrechen, um den unsch\u00e4tzbaren Wert von Freiheit zu begreifen.\u201c<br\/><br\/>Danach legten sie mit der musikalischen Begleitung durch den Bl\u00e4serkreis Vaihingen unter der Leitung von Wolfgang Kapp am Gedenkstein den Kranz zur Erinnerung an die Opfer nieder.<br\/><br\/>In seinem Schlusswort bedankte sich Rainer Mayer bei allen, die die gelungene Veranstaltung erm\u00f6glichten. Abschlie\u00dfend konnten die Teilnehmer noch eine Blume zum pers\u00f6nlichen Gedenken an den Gr\u00e4bern niederlegen.<br\/><br\/><\/p>\n<\/div>\n\n\n\n<div class=\"wp-block-column is-layout-flow wp-block-column-is-layout-flow\" style=\"flex-basis:33.33%\">\n<figure class=\"wp-block-image size-full\"><img loading=\"lazy\" decoding=\"async\" width=\"480\" height=\"640\" src=\"https:\/\/gedenkstaette-vaihingen.de\/wp-content\/uploads\/2026\/04\/IMG_8357.jpg\" alt=\"\" class=\"wp-image-8467\" srcset=\"https:\/\/gedenkstaette-vaihingen.de\/wp-content\/uploads\/2026\/04\/IMG_8357.jpg 480w, https:\/\/gedenkstaette-vaihingen.de\/wp-content\/uploads\/2026\/04\/IMG_8357-360x480.jpg 360w\" sizes=\"auto, (max-width: 480px) 100vw, 480px\" \/><\/figure>\n<\/div>\n<\/div>\n\n<p>zuletzt aktualisiert <strong>am 14.04.2026 <\/strong><\/p>\n\n<div class=\"wp-block-group alignwide is-layout-flow wp-block-group-is-layout-flow\">\n<h3 class=\"wp-block-heading\">Aktuelles<\/h3>\n<\/div>\n\n<div class=\"wp-block-query alignwide is-layout-flow wp-block-query-is-layout-flow\">\n\n<div class=\"wp-block-query-no-results\">\n\n<p><\/p>\n\n<\/div><\/div>\n\n<div class=\"wp-block-buttons alignwide is-layout-flex wp-block-buttons-is-layout-flex\">\n<div class=\"wp-block-button\"><a class=\"wp-block-button__link wp-element-button\" href=\"https:\/\/gedenkstaette-vaihingen.de\/aktuelles\/\">Alle Beitr\u00e4ge<\/a><\/div>\n<\/div>\n\n<div class=\"wp-block-cover alignfull\" style=\"min-height:575px;aspect-ratio:unset;\"><img loading=\"lazy\" decoding=\"async\" width=\"1160\" height=\"420\" class=\"wp-block-cover__image-background wp-image-2802\" alt=\"\" src=\"https:\/\/gedenkstaette-vaihingen.de\/wp-content\/uploads\/2022\/05\/1.jpg\" data-object-fit=\"cover\" srcset=\"https:\/\/gedenkstaette-vaihingen.de\/wp-content\/uploads\/2022\/05\/1.jpg 1160w, https:\/\/gedenkstaette-vaihingen.de\/wp-content\/uploads\/2022\/05\/1-480x174.jpg 480w, https:\/\/gedenkstaette-vaihingen.de\/wp-content\/uploads\/2022\/05\/1-768x278.jpg 768w\" sizes=\"auto, (max-width: 1160px) 100vw, 1160px\" \/><span aria-hidden=\"true\" class=\"wp-block-cover__background has-black-background-color has-background-dim-20 has-background-dim\"><\/span><div class=\"wp-block-cover__inner-container is-layout-flow wp-block-cover-is-layout-flow\">\n<p class=\"has-text-align-center has-white-color has-text-color has-large-font-size\"><mark style=\"background-color:rgba(0, 0, 0, 0)\" class=\"has-inline-color has-white-color\">Bei Fragen k\u00f6nnen Sie<br\/>sich bei uns melden<\/mark><\/p>\n\n\n\n<div class=\"wp-block-buttons is-horizontal is-content-justification-center is-layout-flex wp-container-core-buttons-is-layout-03627597 wp-block-buttons-is-layout-flex\">\n<div class=\"wp-block-button is-style-fill\"><a class=\"wp-block-button__link wp-element-button\" href=\"https:\/\/gedenkstaette-vaihingen.de\/kontakt\/\">Fragen?<\/a><\/div>\n<\/div>\n<\/div><\/div>\n\n<div class=\"wp-block-media-text alignwide has-media-on-the-right is-stacked-on-mobile is-image-fill-element\"><div class=\"wp-block-media-text__content\">\n<h3 class=\"wp-block-heading\">Die <strong>KZ-Gedenkst\u00e4tte Vaihingen\/Enz e.V.<\/strong><\/h3>\n\n\n\n<p class=\"has-large-font-size\">hat es sich zur Aufgabe gemacht, die Opfer zu ehren, gegen Vorurteile, Ignoranz, Radikalismus und Fanatismus zu arbeiten und die Kontakte zu \u00dcberlebenden und ihren Nachkommen aufrecht zu erhalten.<\/p>\n\n\n\n<p class=\"has-large-font-size\">In Gedenkfeiern und durch weitere Aktivit\u00e4ten versucht sie, die Ereignisse im Glattbachtal im Bewusstsein der \u00d6ffentlichkeit zu halten. Mit dieser Internetpr\u00e4senz informiert sie \u00fcber die Geschehnisse und leistet somit einen wichtigen Beitrag zur Aufarbeitung der Regionalgeschichte im Landkreis Ludwigsburg.<\/p>\n<\/div><figure class=\"wp-block-media-text__media\"><img loading=\"lazy\" decoding=\"async\" width=\"600\" height=\"400\" src=\"https:\/\/gedenkstaette-vaihingen.de\/wp-content\/uploads\/2022\/08\/Angebote2_Medieninstallation_LKZ_27.01.05-2.jpg\" alt=\"\" class=\"wp-image-4193 size-full\" style=\"object-position:50% 50%\" srcset=\"https:\/\/gedenkstaette-vaihingen.de\/wp-content\/uploads\/2022\/08\/Angebote2_Medieninstallation_LKZ_27.01.05-2.jpg 600w, https:\/\/gedenkstaette-vaihingen.de\/wp-content\/uploads\/2022\/08\/Angebote2_Medieninstallation_LKZ_27.01.05-2-480x320.jpg 480w\" sizes=\"auto, (max-width: 600px) 100vw, 600px\" \/><\/figure><\/div>\n\n<div class=\"wp-block-media-text alignwide is-stacked-on-mobile is-image-fill-element\"><figure class=\"wp-block-media-text__media\"><img loading=\"lazy\" decoding=\"async\" width=\"1200\" height=\"864\" src=\"https:\/\/gedenkstaette-vaihingen.de\/wp-content\/uploads\/2022\/05\/77-1200x864.jpg\" alt=\"\" class=\"wp-image-2878 size-full\" style=\"object-position:50% 50%\" srcset=\"https:\/\/gedenkstaette-vaihingen.de\/wp-content\/uploads\/2022\/05\/77-1200x864.jpg 1200w, https:\/\/gedenkstaette-vaihingen.de\/wp-content\/uploads\/2022\/05\/77-480x346.jpg 480w, https:\/\/gedenkstaette-vaihingen.de\/wp-content\/uploads\/2022\/05\/77-768x553.jpg 768w, https:\/\/gedenkstaette-vaihingen.de\/wp-content\/uploads\/2022\/05\/77-1536x1106.jpg 1536w, https:\/\/gedenkstaette-vaihingen.de\/wp-content\/uploads\/2022\/05\/77-2048x1475.jpg 2048w, https:\/\/gedenkstaette-vaihingen.de\/wp-content\/uploads\/2022\/05\/77-1777x1280.jpg 1777w\" sizes=\"auto, (max-width: 1200px) 100vw, 1200px\" \/><\/figure><div class=\"wp-block-media-text__content\">\n<h3 class=\"wp-block-heading\">Im <strong>Konzentrationslager Vaihingen\/Enz<\/strong><\/h3>\n\n\n\n<p class=\"has-large-font-size\">wurden zwischen August 1944 und April 1945 etwa 1700 Menschen durch unmenschliche, erniedrigende und schreckliche Arbeits- und Lebensbedingungen Opfer des nationalsozialistischen Terrorregimes.<\/p>\n\n\n\n<p class=\"has-large-font-size\">Zun\u00e4chst als Arbeits-, dann als Krankenlager organisatorisch dem Konzentrationslagers Natzweiler im Elsass unterstellt wurden dort etwa 5000 H\u00e4ftlinge aus \u00fcber 20 Nationen ganz Europas inhaftiert und der \u201eVernichtung durch Arbeit\u201c ausgesetzt bzw. ihren schwersten Krankheiten und der mangelhaften Hygiene und v\u00f6llig unzureichenden Versorgung \u00fcberlassen.<\/p>\n<\/div><\/div>\n","protected":false},"excerpt":{"rendered":"<p>Herzlich willkommen auf der Website der KZ-Gedenkst\u00e4tte Vaihingen\/Enz! Sonntag, 12. April 2026 &#8211; Gut besuchte Gedenkfeier trotz Regen Rund 80 Teilnehmer fanden sich auf dem KZ-Friedhof ein, um gemeinsam den Opfern des KZ-Vaihingen\/Enz, dessen Befreiung&hellip;<\/p>\n","protected":false},"author":1,"featured_media":3421,"parent":0,"menu_order":0,"comment_status":"closed","ping_status":"closed","template":"template-hero.php","meta":{"_acf_changed":false,"footnotes":""},"class_list":["post-5306","page","type-page","status-publish","has-post-thumbnail","hentry"],"acf":[],"_links":{"self":[{"href":"https:\/\/gedenkstaette-vaihingen.de\/fr\/wp-json\/wp\/v2\/pages\/5306","targetHints":{"allow":["GET"]}}],"collection":[{"href":"https:\/\/gedenkstaette-vaihingen.de\/fr\/wp-json\/wp\/v2\/pages"}],"about":[{"href":"https:\/\/gedenkstaette-vaihingen.de\/fr\/wp-json\/wp\/v2\/types\/page"}],"author":[{"embeddable":true,"href":"https:\/\/gedenkstaette-vaihingen.de\/fr\/wp-json\/wp\/v2\/users\/1"}],"replies":[{"embeddable":true,"href":"https:\/\/gedenkstaette-vaihingen.de\/fr\/wp-json\/wp\/v2\/comments?post=5306"}],"version-history":[{"count":402,"href":"https:\/\/gedenkstaette-vaihingen.de\/fr\/wp-json\/wp\/v2\/pages\/5306\/revisions"}],"predecessor-version":[{"id":8505,"href":"https:\/\/gedenkstaette-vaihingen.de\/fr\/wp-json\/wp\/v2\/pages\/5306\/revisions\/8505"}],"wp:featuredmedia":[{"embeddable":true,"href":"https:\/\/gedenkstaette-vaihingen.de\/fr\/wp-json\/wp\/v2\/media\/3421"}],"wp:attachment":[{"href":"https:\/\/gedenkstaette-vaihingen.de\/fr\/wp-json\/wp\/v2\/media?parent=5306"}],"curies":[{"name":"wp","href":"https:\/\/api.w.org\/{rel}","templated":true}]}}