{"id":5152,"date":"2022-05-09T15:42:13","date_gmt":"2022-05-09T13:42:13","guid":{"rendered":"https:\/\/gedenkstaette-vaihingen.de\/geschichte-des-lagers\/"},"modified":"2023-03-30T14:45:25","modified_gmt":"2023-03-30T12:45:25","slug":"geschichte-des-lagers","status":"publish","type":"page","link":"https:\/\/gedenkstaette-vaihingen.de\/fr\/geschichte-des-lagers\/","title":{"rendered":"L\u2019histoire du camp"},"content":{"rendered":"\n<div class=\"wp-block-cover alignfull\" style=\"min-height:545px;aspect-ratio:unset;\"><span aria-hidden=\"true\" class=\"wp-block-cover__background has-background-dim-30 has-background-dim\"><\/span><img loading=\"lazy\" decoding=\"async\" width=\"2560\" height=\"567\" class=\"wp-block-cover__image-background wp-image-2874\" alt=\"\" src=\"https:\/\/gedenkstaette-vaihingen.de\/wp-content\/uploads\/2022\/05\/73-scaled.jpg\" style=\"object-position:32% 52%\" data-object-fit=\"cover\" data-object-position=\"32% 52%\" srcset=\"https:\/\/gedenkstaette-vaihingen.de\/wp-content\/uploads\/2022\/05\/73-scaled.jpg 2560w, https:\/\/gedenkstaette-vaihingen.de\/wp-content\/uploads\/2022\/05\/73-480x106.jpg 480w, https:\/\/gedenkstaette-vaihingen.de\/wp-content\/uploads\/2022\/05\/73-1200x266.jpg 1200w, https:\/\/gedenkstaette-vaihingen.de\/wp-content\/uploads\/2022\/05\/73-768x170.jpg 768w, https:\/\/gedenkstaette-vaihingen.de\/wp-content\/uploads\/2022\/05\/73-1536x340.jpg 1536w, https:\/\/gedenkstaette-vaihingen.de\/wp-content\/uploads\/2022\/05\/73-2048x454.jpg 2048w, https:\/\/gedenkstaette-vaihingen.de\/wp-content\/uploads\/2022\/05\/73-1920x426.jpg 1920w\" sizes=\"auto, (max-width: 2560px) 100vw, 2560px\" \/><div class=\"wp-block-cover__inner-container is-layout-flow wp-block-cover-is-layout-flow\">\n<p class=\"has-text-align-center\"><\/p>\n\n\n\n<h3 class=\"has-text-align-left has-huge-font-size wp-block-heading\">L\u2019histoire du camp<\/h3>\n<\/div><\/div>\n\n\n\n<p class=\"has-large-font-size\">En 1942, l\u2019industrie d\u2019armement s\u2019installait pour la premi\u00e8re fois \u00e0 Vaihingen en faisant des essais avec la catapulte du \u00ab V 1 \u00bb (nom de projet Fi 103) dans la carri\u00e8re abandonn\u00e9e par l\u2019entreprise Baresel. Vaihingen \u00e9tait le lieu d\u2019essai de l\u2019institut de recherche Graf Zeppelin du minist\u00e8re de l\u2019aviation du Reich, qui a \u00e9t\u00e9 install\u00e9 en 1941 \u00e0 Stuttgart-Ruit.<\/p>\n\n\n\n<p class=\"has-large-font-size\">A la place des missiles, la catapulte Heinkel projetait de lourds blocs de fer contre la paroi de la carri\u00e8re afin de mesurer la vitesse ainsi que l\u2019acc\u00e9l\u00e9ration et la pression \u00e0 l\u2019int\u00e9rieur de la catapulte.<\/p>\n\n\n\n<div class=\"wp-block-group alignfull has-light-gray-background-color has-background is-layout-flow wp-block-group-is-layout-flow\">\n<div class=\"wp-block-media-text alignwide is-stacked-on-mobile is-vertically-aligned-center is-image-fill\"><figure class=\"wp-block-media-text__media\" style=\"background-image:url(https:\/\/gedenkstaette-vaihingen.de\/wp-content\/uploads\/2022\/05\/75-1200x839.jpg);background-position:50% 50%\"><img loading=\"lazy\" decoding=\"async\" width=\"1200\" height=\"839\" src=\"https:\/\/gedenkstaette-vaihingen.de\/wp-content\/uploads\/2022\/05\/75-1200x839.jpg\" alt=\"\" class=\"wp-image-2876 size-full\" srcset=\"https:\/\/gedenkstaette-vaihingen.de\/wp-content\/uploads\/2022\/05\/75-1200x839.jpg 1200w, https:\/\/gedenkstaette-vaihingen.de\/wp-content\/uploads\/2022\/05\/75-480x335.jpg 480w, https:\/\/gedenkstaette-vaihingen.de\/wp-content\/uploads\/2022\/05\/75-768x537.jpg 768w, https:\/\/gedenkstaette-vaihingen.de\/wp-content\/uploads\/2022\/05\/75-1536x1073.jpg 1536w, https:\/\/gedenkstaette-vaihingen.de\/wp-content\/uploads\/2022\/05\/75-2048x1431.jpg 2048w, https:\/\/gedenkstaette-vaihingen.de\/wp-content\/uploads\/2022\/05\/75-1831x1280.jpg 1831w\" sizes=\"auto, (max-width: 1200px) 100vw, 1200px\" \/><\/figure><div class=\"wp-block-media-text__content\">\n<h2 class=\"has-text-align-left has-extra-large-font-size wp-block-heading\">Le camp de travail \u00e0 Vaihingen\/Enz<\/h2>\n\n\n\n<p>La situation g\u00e9ographique de la carri\u00e8re qui \u00e9tait isol\u00e9e et s\u00e9par\u00e9e de la vall\u00e9e de la Enz permettait d\u2019 y construire un des six grands bunkers pr\u00e9vus par l\u2019\u00e9tat major des chasseurs a\u00e9riens (J\u00e4gerstab), cr\u00e9\u00e9 le premier mars 1944 \u00e0 Berlin et dont la fonction \u00e9tait entre autre de transf\u00e9rer des entreprises d\u2019armement dans des bunkers souterrains. Sur un terrain de 80 000 m\u00b2, des pi\u00e8ces d\u2019avion devaient \u00eatre fabriqu\u00e9es pour l\u2019entreprise Messerschmitt.<\/p>\n\n\n\n<p>Au mois d\u2019avril, l\u2019organisation Todt (OT) commen\u00e7a&nbsp; l\u2019installation du chantier \u00ab&nbsp;Stoffel&nbsp;\u00bb dans la carri\u00e8re et les champs attenants. Parall\u00e8lement, des baraquements furent construits pour y entreposer le mat\u00e9riel et les outils, mais \u00e9galement pour y loger les travailleurs de l\u2019OT de Egelsee et des travailleurs forc\u00e9s de la vall\u00e9e basse du Glattbach. <\/p>\n\n\n\n<p>Le 6 mai, l\u2019acc\u00e8s au chantier et aux baraquements fut interdit aux civils et les agriculteurs n\u2019acc\u00e9daient \u00e0 leurs champs qu\u2019en pr\u00e9sentant un laissez-passer.<\/p>\n<\/div><\/div>\n<\/div>\n\n\n\n<div class=\"wp-block-v4-bilder-karussel \">\n\n    <!-- Slider main container -->\n    <div class=\"wp-block-v4-bilder-karussel__slider-container swiper-container\">\n\n        <!-- Additional required wrapper -->\n        <figure class=\"wp-block-v4-bilder-karussel__slider-wrapper swiper-wrapper\">\n\n            <!-- Slides -->\n                        <figure class=\"wp-block-v4-bilder-karussel__slide swiper-slide\">\n                <a href=\"https:\/\/gedenkstaette-vaihingen.de\/wp-content\/uploads\/2022\/05\/74-1200x863.jpg\">\n                    <img loading=\"lazy\" decoding=\"async\" width=\"1140\" height=\"820\" src=\"https:\/\/gedenkstaette-vaihingen.de\/wp-content\/uploads\/2022\/05\/74-1200x863.jpg\" class=\"wp-block-v4-bilder-karussel__image\" alt=\"\" srcset=\"https:\/\/gedenkstaette-vaihingen.de\/wp-content\/uploads\/2022\/05\/74-1200x863.jpg 1200w, https:\/\/gedenkstaette-vaihingen.de\/wp-content\/uploads\/2022\/05\/74-480x345.jpg 480w, https:\/\/gedenkstaette-vaihingen.de\/wp-content\/uploads\/2022\/05\/74-768x552.jpg 768w, https:\/\/gedenkstaette-vaihingen.de\/wp-content\/uploads\/2022\/05\/74-1536x1105.jpg 1536w, https:\/\/gedenkstaette-vaihingen.de\/wp-content\/uploads\/2022\/05\/74-2048x1473.jpg 2048w, https:\/\/gedenkstaette-vaihingen.de\/wp-content\/uploads\/2022\/05\/74-1780x1280.jpg 1780w\" sizes=\"auto, (max-width: 1140px) 100vw, 1140px\" \/>\n                <\/a>\n                <p class=\"wp-block-v4-bilder-karussel__slide_caption\">Le camp dans la sup\u00e9rieure vall\u00e9e de Glattbach<\/p>\n            <\/figure>\n                        <figure class=\"wp-block-v4-bilder-karussel__slide swiper-slide\">\n                <a href=\"https:\/\/gedenkstaette-vaihingen.de\/wp-content\/uploads\/2022\/05\/75-1200x839.jpg\">\n                    <img loading=\"lazy\" decoding=\"async\" width=\"1140\" height=\"797\" src=\"https:\/\/gedenkstaette-vaihingen.de\/wp-content\/uploads\/2022\/05\/75-1200x839.jpg\" class=\"wp-block-v4-bilder-karussel__image\" alt=\"\" srcset=\"https:\/\/gedenkstaette-vaihingen.de\/wp-content\/uploads\/2022\/05\/75-1200x839.jpg 1200w, https:\/\/gedenkstaette-vaihingen.de\/wp-content\/uploads\/2022\/05\/75-480x335.jpg 480w, https:\/\/gedenkstaette-vaihingen.de\/wp-content\/uploads\/2022\/05\/75-768x537.jpg 768w, https:\/\/gedenkstaette-vaihingen.de\/wp-content\/uploads\/2022\/05\/75-1536x1073.jpg 1536w, https:\/\/gedenkstaette-vaihingen.de\/wp-content\/uploads\/2022\/05\/75-2048x1431.jpg 2048w, https:\/\/gedenkstaette-vaihingen.de\/wp-content\/uploads\/2022\/05\/75-1831x1280.jpg 1831w\" sizes=\"auto, (max-width: 1140px) 100vw, 1140px\" \/>\n                <\/a>\n                <p class=\"wp-block-v4-bilder-karussel__slide_caption\">Sur le chantier \u00ab Stoffel \u00bb, \u00e9t\u00e9 1944<\/p>\n            <\/figure>\n                        <figure class=\"wp-block-v4-bilder-karussel__slide swiper-slide\">\n                <a href=\"https:\/\/gedenkstaette-vaihingen.de\/wp-content\/uploads\/2022\/05\/76-1200x867.jpg\">\n                    <img loading=\"lazy\" decoding=\"async\" width=\"1140\" height=\"824\" src=\"https:\/\/gedenkstaette-vaihingen.de\/wp-content\/uploads\/2022\/05\/76-1200x867.jpg\" class=\"wp-block-v4-bilder-karussel__image\" alt=\"\" srcset=\"https:\/\/gedenkstaette-vaihingen.de\/wp-content\/uploads\/2022\/05\/76-1200x867.jpg 1200w, https:\/\/gedenkstaette-vaihingen.de\/wp-content\/uploads\/2022\/05\/76-480x347.jpg 480w, https:\/\/gedenkstaette-vaihingen.de\/wp-content\/uploads\/2022\/05\/76-768x555.jpg 768w, https:\/\/gedenkstaette-vaihingen.de\/wp-content\/uploads\/2022\/05\/76-1536x1109.jpg 1536w, https:\/\/gedenkstaette-vaihingen.de\/wp-content\/uploads\/2022\/05\/76-2048x1479.jpg 2048w, https:\/\/gedenkstaette-vaihingen.de\/wp-content\/uploads\/2022\/05\/76-1773x1280.jpg 1773w\" sizes=\"auto, (max-width: 1140px) 100vw, 1140px\" \/>\n                <\/a>\n                <p class=\"wp-block-v4-bilder-karussel__slide_caption\">Apr\u00e8s la lib\u00e9ration, avril 1945<\/p>\n            <\/figure>\n                        <figure class=\"wp-block-v4-bilder-karussel__slide swiper-slide\">\n                <a href=\"https:\/\/gedenkstaette-vaihingen.de\/wp-content\/uploads\/2022\/05\/77-1200x864.jpg\">\n                    <img loading=\"lazy\" decoding=\"async\" width=\"1140\" height=\"821\" src=\"https:\/\/gedenkstaette-vaihingen.de\/wp-content\/uploads\/2022\/05\/77-1200x864.jpg\" class=\"wp-block-v4-bilder-karussel__image\" alt=\"\" srcset=\"https:\/\/gedenkstaette-vaihingen.de\/wp-content\/uploads\/2022\/05\/77-1200x864.jpg 1200w, https:\/\/gedenkstaette-vaihingen.de\/wp-content\/uploads\/2022\/05\/77-480x346.jpg 480w, https:\/\/gedenkstaette-vaihingen.de\/wp-content\/uploads\/2022\/05\/77-768x553.jpg 768w, https:\/\/gedenkstaette-vaihingen.de\/wp-content\/uploads\/2022\/05\/77-1536x1106.jpg 1536w, https:\/\/gedenkstaette-vaihingen.de\/wp-content\/uploads\/2022\/05\/77-2048x1475.jpg 2048w, https:\/\/gedenkstaette-vaihingen.de\/wp-content\/uploads\/2022\/05\/77-1777x1280.jpg 1777w\" sizes=\"auto, (max-width: 1140px) 100vw, 1140px\" \/>\n                <\/a>\n                <p class=\"wp-block-v4-bilder-karussel__slide_caption\">Dans la rue du camp, avril 1945<\/p>\n            <\/figure>\n                        <figure class=\"wp-block-v4-bilder-karussel__slide swiper-slide\">\n                <a href=\"https:\/\/gedenkstaette-vaihingen.de\/wp-content\/uploads\/2022\/05\/78-1200x859.jpg\">\n                    <img loading=\"lazy\" decoding=\"async\" width=\"1140\" height=\"816\" src=\"https:\/\/gedenkstaette-vaihingen.de\/wp-content\/uploads\/2022\/05\/78-1200x859.jpg\" class=\"wp-block-v4-bilder-karussel__image\" alt=\"\" srcset=\"https:\/\/gedenkstaette-vaihingen.de\/wp-content\/uploads\/2022\/05\/78-1200x859.jpg 1200w, https:\/\/gedenkstaette-vaihingen.de\/wp-content\/uploads\/2022\/05\/78-480x344.jpg 480w, https:\/\/gedenkstaette-vaihingen.de\/wp-content\/uploads\/2022\/05\/78-768x550.jpg 768w, https:\/\/gedenkstaette-vaihingen.de\/wp-content\/uploads\/2022\/05\/78-1536x1100.jpg 1536w, https:\/\/gedenkstaette-vaihingen.de\/wp-content\/uploads\/2022\/05\/78-2048x1467.jpg 2048w, https:\/\/gedenkstaette-vaihingen.de\/wp-content\/uploads\/2022\/05\/78-1787x1280.jpg 1787w\" sizes=\"auto, (max-width: 1140px) 100vw, 1140px\" \/>\n                <\/a>\n                <p class=\"wp-block-v4-bilder-karussel__slide_caption\">Enregistrement apr\u00e8s la lib\u00e9ration, avril 1945<\/p>\n            <\/figure>\n            \n        <\/figure>\n\n    <\/div>\n\n    <!-- Meta bar -->\n    <div class=\"wp-block-v4-bilder-karussel__meta\">\n\n        <div class=\"wp-block-v4-bilder-karussel__pagination Swiper-pagination\"><\/div>\n\n        <div class=\"wp-block-v4-bilder-karussel__navigation swiper-buttons\">\n            <div class=\"wp-block-v4-bilder-karussel__prev swiper-button-prev\"><\/div>\n            <div class=\"wp-block-v4-bilder-karussel__next swiper-button-next\"><\/div>\n        <\/div>\n\n    <\/div>\n\n<\/div>\n\n\n<div class=\"wp-block-media-text alignwide has-media-on-the-right is-stacked-on-mobile is-vertically-aligned-center is-image-fill\" style=\"grid-template-columns:auto 40%\"><div class=\"wp-block-media-text__content\">\n<h2 class=\"has-text-align-left has-extra-large-font-size wp-block-heading\">\u00ab Le camp SS des malades et convalescents \u00bb<\/h2>\n\n\n\n<p>Fin octobre, les travaux sur le chantier \u00ab&nbsp;Stoffel&nbsp;\u00bb furent arr\u00eat\u00e9s et le camp transform\u00e9 en \u00ab&nbsp;camp SS des malades et convalescents&nbsp;\u00bb qui entrait en fonction officiellement le 1 d\u00e9cembre.<\/p>\n\n\n\n<p>A cette \u00e9poque, une autre baraque fut construite. A partir du 15 octobre, la plupart des prisonniers du camp de travail furent transf\u00e9r\u00e9s \u00e0 d\u2019autres chantiers, ceux de Hessental, Dautmergen, Bisingen et Unterriexingen. Il restait \u00e0 Vaihingen encore 178 prisonniers inaptes au travail, 200 autres travaillaient au d\u00e9blayement de la carri\u00e8re.<\/p>\n\n\n\n<p>Le 10 novembre arriva le premier train de malades venant des camps du groupe \u00ab d\u00e9sert&nbsp;\u00bb&nbsp;. Parmi eux se trouvaient des Russes, des Polonais, des Fran\u00e7ais, des Italiens, des Grecs, des Belges, des Hollandais, des Norv\u00e9giens, des Allemands \u2013 en tout des prisonniers de 20 nationalit\u00e9s diff\u00e9rentes. Ils \u00e9taient compl\u00e8tement abandonn\u00e9s \u00e0 leur sort, sans nourriture suffisante et sans chauffage dans les baraques. Le m\u00e9decin allemand du camp se d\u00e9sint\u00e9ressait totalement de leur \u00e9tat.<\/p>\n\n\n\n<p>M\u00eame apr\u00e8s l\u2019arriv\u00e9e de deux m\u00e9decins suppl\u00e9mentaires de Neckarelz en janvier 1945, la situation ne s\u2019am\u00e9liorait pas. Les m\u00e9decins manquaient cruellement d\u2019\u00e9quipement et de m\u00e9dicaments.<\/p>\n\n\n\n<p>Un transport de prisonniers venant de Haslach le 16 f\u00e9vrier d\u00e9clencha une \u00e9pid\u00e9mie de fi\u00e8vre typho\u00efde qui faisait jusqu\u2019\u00e0 33 morts par jour et transformait Vaihingen en un camp de la mort. Le dernier train avec 94 prisonniers de Mannheim-Sandhofen arriva \u00e0 Vaihingen le 11 mars.<\/p>\n<\/div><figure class=\"wp-block-media-text__media\" style=\"background-image:url(https:\/\/gedenkstaette-vaihingen.de\/wp-content\/uploads\/2022\/08\/Kopie-vonFotos_historisch_KZ-Vaihingen-024-1200x859.jpg);background-position:50% 50%\"><img loading=\"lazy\" decoding=\"async\" width=\"1200\" height=\"859\" src=\"https:\/\/gedenkstaette-vaihingen.de\/wp-content\/uploads\/2022\/08\/Kopie-vonFotos_historisch_KZ-Vaihingen-024-1200x859.jpg\" alt=\"\" class=\"wp-image-4080 size-full\" srcset=\"https:\/\/gedenkstaette-vaihingen.de\/wp-content\/uploads\/2022\/08\/Kopie-vonFotos_historisch_KZ-Vaihingen-024-1200x859.jpg 1200w, https:\/\/gedenkstaette-vaihingen.de\/wp-content\/uploads\/2022\/08\/Kopie-vonFotos_historisch_KZ-Vaihingen-024-480x344.jpg 480w, https:\/\/gedenkstaette-vaihingen.de\/wp-content\/uploads\/2022\/08\/Kopie-vonFotos_historisch_KZ-Vaihingen-024-768x550.jpg 768w, https:\/\/gedenkstaette-vaihingen.de\/wp-content\/uploads\/2022\/08\/Kopie-vonFotos_historisch_KZ-Vaihingen-024-1536x1100.jpg 1536w, https:\/\/gedenkstaette-vaihingen.de\/wp-content\/uploads\/2022\/08\/Kopie-vonFotos_historisch_KZ-Vaihingen-024-2048x1467.jpg 2048w, https:\/\/gedenkstaette-vaihingen.de\/wp-content\/uploads\/2022\/08\/Kopie-vonFotos_historisch_KZ-Vaihingen-024-1787x1280.jpg 1787w\" sizes=\"auto, (max-width: 1200px) 100vw, 1200px\" \/><\/figure><\/div>\n\n\n\n<div class=\"wp-block-media-text alignwide is-stacked-on-mobile is-vertically-aligned-center is-image-fill\" style=\"grid-template-columns:40% auto\"><figure class=\"wp-block-media-text__media\" style=\"background-image:url(https:\/\/gedenkstaette-vaihingen.de\/wp-content\/uploads\/2022\/08\/Kopie-vonFotos_historisch_KZ-Vaihingen-033-scaled-e1660316888978.jpg);background-position:50% 50%\"><img loading=\"lazy\" decoding=\"async\" width=\"1740\" height=\"2438\" src=\"https:\/\/gedenkstaette-vaihingen.de\/wp-content\/uploads\/2022\/08\/Kopie-vonFotos_historisch_KZ-Vaihingen-033-scaled-e1660316888978.jpg\" alt=\"\" class=\"wp-image-4088 size-full\" srcset=\"https:\/\/gedenkstaette-vaihingen.de\/wp-content\/uploads\/2022\/08\/Kopie-vonFotos_historisch_KZ-Vaihingen-033-scaled-e1660316888978.jpg 1740w, https:\/\/gedenkstaette-vaihingen.de\/wp-content\/uploads\/2022\/08\/Kopie-vonFotos_historisch_KZ-Vaihingen-033-scaled-e1660316888978-343x480.jpg 343w, https:\/\/gedenkstaette-vaihingen.de\/wp-content\/uploads\/2022\/08\/Kopie-vonFotos_historisch_KZ-Vaihingen-033-scaled-e1660316888978-856x1200.jpg 856w, https:\/\/gedenkstaette-vaihingen.de\/wp-content\/uploads\/2022\/08\/Kopie-vonFotos_historisch_KZ-Vaihingen-033-scaled-e1660316888978-768x1076.jpg 768w, https:\/\/gedenkstaette-vaihingen.de\/wp-content\/uploads\/2022\/08\/Kopie-vonFotos_historisch_KZ-Vaihingen-033-scaled-e1660316888978-1096x1536.jpg 1096w, https:\/\/gedenkstaette-vaihingen.de\/wp-content\/uploads\/2022\/08\/Kopie-vonFotos_historisch_KZ-Vaihingen-033-scaled-e1660316888978-1462x2048.jpg 1462w, https:\/\/gedenkstaette-vaihingen.de\/wp-content\/uploads\/2022\/08\/Kopie-vonFotos_historisch_KZ-Vaihingen-033-scaled-e1660316888978-914x1280.jpg 914w\" sizes=\"auto, (max-width: 1740px) 100vw, 1740px\" \/><\/figure><div class=\"wp-block-media-text__content\">\n<h2 class=\"has-text-align-left has-extra-large-font-size wp-block-heading\">La lib\u00e9ration<\/h2>\n\n\n\n<p>D\u00e9but avril, l\u2019\u00e9vacuation du camp fut ordonn\u00e9e. Deux trains amen\u00e8rent ceux qui \u00e9taient encore capables de marcher \u00e0 Dachau o\u00f9 on comptait 515 hommes.<\/p>\n\n\n\n<p>La lib\u00e9ration du camp par les troupes fran\u00e7aises eut lieu le 7 avril. Le m\u00e9decin de l\u2019arm\u00e9e fran\u00e7aise, le Dr. Rossi, avan\u00e7ait le chiffre de 650 survivants rest\u00e9s au camp de Vaihingen et qui furent imm\u00e9diatement transf\u00e9r\u00e9s&nbsp;: le 9 et 10 avril, 73 prisonniers fran\u00e7ais, n\u00e9erlandais et belges \u00e0 Speyer et le 13 avril les Polonais, Russes et Allemands \u00e0 Neuenb\u00fcrg pr\u00e8s de Bruchsal, o\u00f9 ils \u00e9taient mis en quarantaine jusqu\u2019au d\u00e9but juin.<\/p>\n\n\n\n<p>&nbsp;126 anciens prisonniers dont l\u2019\u00e9tat ne permettait pas le transfer,&nbsp; furent admis \u00e0 l\u2019h\u00f4pital de Vaihingen, tout comme 60 autres prisonniers de Neuenburg.<\/p>\n\n\n\n<p>Jusqu\u2019\u00e0 la fin de l\u2019ann\u00e9e, 84 d\u2019entre eux mourraient et furent enterr\u00e9s au cimeti\u00e8re de Vaihingen. Pour \u00e9viter une \u00e9pid\u00e9mie, les baraques du camp furent br\u00fbl\u00e9es imm\u00e9diatement apr\u00e8s leur \u00e9vacuation le 16 avril.<\/p>\n<\/div><\/div>\n\n\n\n<div class=\"wp-block-media-text alignwide has-media-on-the-right is-stacked-on-mobile is-vertically-aligned-center is-image-fill\" style=\"grid-template-columns:auto 40%\"><div class=\"wp-block-media-text__content\">\n<h2 class=\"has-text-align-left has-extra-large-font-size wp-block-heading\">Les coupables devant le tribunal<\/h2>\n\n\n\n<p>La plupart des SS en charge du camp de Vaihingen furent arr\u00eat\u00e9s par les puissances d\u2019occupation, puis emprisonn\u00e9s et interrog\u00e9s \u00e0 Dachau.<\/p>\n\n\n\n<p>Le 22 novembre, les Am\u00e9ricains extradaient des gardiens SS vers la Pologne. Une ann\u00e9e plus tard, ils furent traduits en justice \u00e0 Radom. Le chef du \u00ab&nbsp;Arbeitseinsatz&nbsp;\u00bb M\u00f6ller fut condamn\u00e9 \u00e0 mort \u00e0 Lublin.<\/p>\n\n\n\n<p>En octobre et novembre 1947 eut lieu devant le tribunal fran\u00e7ais \u00e0 Rastatt le proc\u00e8s contre 42 anciens membres du corps de garde SS des camps de Vaihingen, Unterriexingen, Hessental et Kochendorf qui avaient \u00e9t\u00e9 sous le commandement de Lautenschlager<\/p>\n\n\n\n<p>Dix accus\u00e9s \u00e9taient condamn\u00e9s \u00e0 mort, Lautenschlager aux travaux forc\u00e9s \u00e0 perp\u00e9tuit\u00e9 et huit autres lib\u00e9r\u00e9s.<\/p>\n<\/div><figure class=\"wp-block-media-text__media\" style=\"background-image:url(https:\/\/gedenkstaette-vaihingen.de\/wp-content\/uploads\/2022\/08\/IMG_3038.jpg);background-position:50% 50%\"><img loading=\"lazy\" decoding=\"async\" width=\"600\" height=\"800\" src=\"https:\/\/gedenkstaette-vaihingen.de\/wp-content\/uploads\/2022\/08\/IMG_3038.jpg\" alt=\"\" class=\"wp-image-4092 size-full\" srcset=\"https:\/\/gedenkstaette-vaihingen.de\/wp-content\/uploads\/2022\/08\/IMG_3038.jpg 600w, https:\/\/gedenkstaette-vaihingen.de\/wp-content\/uploads\/2022\/08\/IMG_3038-360x480.jpg 360w\" sizes=\"auto, (max-width: 600px) 100vw, 600px\" \/><\/figure><\/div>\n\n\n\n<div class=\"wp-block-media-text alignwide is-stacked-on-mobile is-vertically-aligned-center is-image-fill\" style=\"grid-template-columns:40% auto\"><figure class=\"wp-block-media-text__media\" style=\"background-image:url(https:\/\/gedenkstaette-vaihingen.de\/wp-content\/uploads\/2022\/10\/Pangerl1A-1-von-1-2.jpg);background-position:50% 50%\"><img loading=\"lazy\" decoding=\"async\" width=\"1024\" height=\"611\" src=\"https:\/\/gedenkstaette-vaihingen.de\/wp-content\/uploads\/2022\/10\/Pangerl1A-1-von-1-2.jpg\" alt=\"\" class=\"wp-image-4306 size-full\" srcset=\"https:\/\/gedenkstaette-vaihingen.de\/wp-content\/uploads\/2022\/10\/Pangerl1A-1-von-1-2.jpg 1024w, https:\/\/gedenkstaette-vaihingen.de\/wp-content\/uploads\/2022\/10\/Pangerl1A-1-von-1-2-480x286.jpg 480w, https:\/\/gedenkstaette-vaihingen.de\/wp-content\/uploads\/2022\/10\/Pangerl1A-1-von-1-2-768x458.jpg 768w\" sizes=\"auto, (max-width: 1024px) 100vw, 1024px\" \/><\/figure><div class=\"wp-block-media-text__content\">\n<h2 class=\"has-text-align-left has-large-font-size wp-block-heading\">Le cimeti\u00e8re du camp de concentration<\/h2>\n\n\n\n<p>D\u00e9j\u00e0 en octobre 1945, la ville de Vaihingen devait faire le cimeti\u00e8re du camp de concentration au-dessus de la fosse commune. Cependant, de mars \u00e0 septembre 1954, les tombeaux furent ouverts par une commission fran\u00e7aise qui d\u00e9gageait au total 1 488 cadavres. 223 morts ont pu \u00eatre identifi\u00e9s et transf\u00e9r\u00e9s dans leurs pays d\u2019origine.<\/p>\n\n\n\n<p>Les d\u00e9pouilles des victimes non-identifi\u00e9es furent inhum\u00e9es au cimeti\u00e8re d\u2019honneur cr\u00e9\u00e9 entre 1956 et 1958. Peu apr\u00e8s l\u2019inauguration le 2 novembre 1958, apparurent les premiers actes de vandalisme et des inscriptions&nbsp;; d\u2019autres profanations suivirent dans les ann\u00e9es 1990, 2003 et 2005.<\/p>\n\n\n\n<p>Des voix de protestations s\u2019\u00e9lev\u00e8rent, notamment lors des comm\u00e9morations qui ont lieu r\u00e9guli\u00e8rement depuis 1977. Dans une c\u00e9r\u00e9monie touchante, le gouvernement norv\u00e9gien comm\u00e9morait en 2005 ses morts qu\u2019une plaque rappelle aux visiteurs du cimeti\u00e8re du camp de Vaihingen.<\/p>\n<\/div><\/div>\n","protected":false},"excerpt":{"rendered":"<p>En 1942, l\u2019industrie d\u2019armement s\u2019installait pour la premi\u00e8re fois \u00e0 Vaihingen en faisant des essais avec la catapulte du \u00ab V 1 \u00bb (nom de projet Fi 103) dans la carri\u00e8re abandonn\u00e9e par l\u2019entreprise Baresel.&hellip;<\/p>\n","protected":false},"author":1,"featured_media":0,"parent":0,"menu_order":2,"comment_status":"closed","ping_status":"closed","template":"template-blank.php","meta":{"_acf_changed":false,"footnotes":""},"class_list":["post-5152","page","type-page","status-publish","hentry"],"acf":[],"_links":{"self":[{"href":"https:\/\/gedenkstaette-vaihingen.de\/fr\/wp-json\/wp\/v2\/pages\/5152","targetHints":{"allow":["GET"]}}],"collection":[{"href":"https:\/\/gedenkstaette-vaihingen.de\/fr\/wp-json\/wp\/v2\/pages"}],"about":[{"href":"https:\/\/gedenkstaette-vaihingen.de\/fr\/wp-json\/wp\/v2\/types\/page"}],"author":[{"embeddable":true,"href":"https:\/\/gedenkstaette-vaihingen.de\/fr\/wp-json\/wp\/v2\/users\/1"}],"replies":[{"embeddable":true,"href":"https:\/\/gedenkstaette-vaihingen.de\/fr\/wp-json\/wp\/v2\/comments?post=5152"}],"version-history":[{"count":0,"href":"https:\/\/gedenkstaette-vaihingen.de\/fr\/wp-json\/wp\/v2\/pages\/5152\/revisions"}],"wp:attachment":[{"href":"https:\/\/gedenkstaette-vaihingen.de\/fr\/wp-json\/wp\/v2\/media?parent=5152"}],"curies":[{"name":"wp","href":"https:\/\/api.w.org\/{rel}","templated":true}]}}