{"id":5128,"date":"2022-05-10T16:51:50","date_gmt":"2022-05-10T14:51:50","guid":{"rendered":"https:\/\/gedenkstaette-vaihingen.de\/die-gedenkstaette\/angebote\/"},"modified":"2023-03-30T15:02:41","modified_gmt":"2023-03-30T13:02:41","slug":"angebote","status":"publish","type":"page","link":"https:\/\/gedenkstaette-vaihingen.de\/fr\/die-gedenkstaette\/angebote\/","title":{"rendered":"propos\u00e9es"},"content":{"rendered":"\n<h2 class=\"wp-block-heading\">Visites et activit\u00e9s propos\u00e9es<\/h2>\n\n\n\n<ul class=\"wp-block-list\">\n<li>Visite guid\u00e9e, dur\u00e9e 1h30 \u00e0 2h30, passant par <em>le bureau d\u2019entr\u00e9e, la salle de projection de documents historiques, la galerie souterraine et le cimeti\u00e8re d\u2019honneur du camp de concentration<\/em>. R\u00e9servation par e-mail souhait\u00e9e&nbsp;; minimum 5 participants.<\/li>\n\n\n\n<li>Visite guid\u00e9e, dur\u00e9e 3h \u00e0 3h30, passant par <em>le bureau d\u2019entr\u00e9e, la salle de projection de documents historiques, la galerie souterraine, le cimeti\u00e8re d\u2019honneur du camp de concentration, l\u2019ancienne exploitation agricole de la famille von Neurath et le cimeti\u00e8re de la ville de Vaihingen avec les tombes des anciens prisonniers du camp de concentration<\/em>. R\u00e9servation par e-mail souhait\u00e9e; minimum 5 participants.<\/li>\n\n\n\n<li>Visite guid\u00e9e en langue anglaise (voir description plus haut) et projection de documents historiques en version anglaise. R\u00e9servation par e-mail souhait\u00e9e; minimum 5 participants.<\/li>\n\n\n\n<li>A la demande, des conf\u00e9rences sur l\u2019histoire du camp, sur le concept et le travail du m\u00e9morial.<\/li>\n\n\n\n<li>A la demande, formation des professeurs en pr\u00e9paration d\u2019une visite du m\u00e9morial, aussi bien sur le lieu-m\u00eame (\u00ab&nbsp;les dimanches p\u00e9dagogiques&nbsp;\u00bb) qu\u2019\u00e0 l\u2019ext\u00e9rieur&nbsp;; pr\u00e9sentation de la mallette p\u00e9dagogique.<\/li>\n<\/ul>\n\n\n\n<p>L&rsquo;association a besoin d\u2019argent pour l\u2019entretien du m\u00e9morial et l\u2019organisation des diverses activit\u00e9s. Pour participer \u00e0 une des activit\u00e9s d\u00e9crites ci-dessus, nous vous demandons une contribution de 4-5\u20ac par adulte et de 3-4\u20ac par \u00e9l\u00e8ve.<\/p>\n\n\n\n<ul class=\"wp-block-list\">\n<li>C\u00e9r\u00e9monie annuelle de comm\u00e9moration autour du 7 avril au cimeti\u00e8re d\u2019honneur du camp de concentration<\/li>\n\n\n\n<li>Le m\u00e9morial est ouvert tous les dimanches de 14h \u00e0 17h. Ferm\u00e9 en d\u00e9cembre et janvier.<\/li>\n<\/ul>\n","protected":false},"excerpt":{"rendered":"<p>Visites et activit\u00e9s propos\u00e9es L&rsquo;association a besoin d\u2019argent pour l\u2019entretien du m\u00e9morial et l\u2019organisation des diverses activit\u00e9s. Pour participer \u00e0 une des activit\u00e9s d\u00e9crites ci-dessus, nous vous demandons une contribution de 4-5\u20ac par adulte et&hellip;<\/p>\n","protected":false},"author":1,"featured_media":0,"parent":5067,"menu_order":2,"comment_status":"closed","ping_status":"closed","template":"","meta":{"_acf_changed":false,"footnotes":""},"class_list":["post-5128","page","type-page","status-publish","hentry"],"acf":[],"_links":{"self":[{"href":"https:\/\/gedenkstaette-vaihingen.de\/fr\/wp-json\/wp\/v2\/pages\/5128","targetHints":{"allow":["GET"]}}],"collection":[{"href":"https:\/\/gedenkstaette-vaihingen.de\/fr\/wp-json\/wp\/v2\/pages"}],"about":[{"href":"https:\/\/gedenkstaette-vaihingen.de\/fr\/wp-json\/wp\/v2\/types\/page"}],"author":[{"embeddable":true,"href":"https:\/\/gedenkstaette-vaihingen.de\/fr\/wp-json\/wp\/v2\/users\/1"}],"replies":[{"embeddable":true,"href":"https:\/\/gedenkstaette-vaihingen.de\/fr\/wp-json\/wp\/v2\/comments?post=5128"}],"version-history":[{"count":2,"href":"https:\/\/gedenkstaette-vaihingen.de\/fr\/wp-json\/wp\/v2\/pages\/5128\/revisions"}],"predecessor-version":[{"id":5188,"href":"https:\/\/gedenkstaette-vaihingen.de\/fr\/wp-json\/wp\/v2\/pages\/5128\/revisions\/5188"}],"up":[{"embeddable":true,"href":"https:\/\/gedenkstaette-vaihingen.de\/fr\/wp-json\/wp\/v2\/pages\/5067"}],"wp:attachment":[{"href":"https:\/\/gedenkstaette-vaihingen.de\/fr\/wp-json\/wp\/v2\/media?parent=5128"}],"curies":[{"name":"wp","href":"https:\/\/api.w.org\/{rel}","templated":true}]}}