{"id":5096,"date":"2022-05-10T15:49:14","date_gmt":"2022-05-10T13:49:14","guid":{"rendered":"https:\/\/gedenkstaette-vaihingen.de\/die-gedenkstaette\/stationen-und-konzeption\/"},"modified":"2023-03-30T14:56:58","modified_gmt":"2023-03-30T12:56:58","slug":"stationen-und-konzeption","status":"publish","type":"page","link":"https:\/\/gedenkstaette-vaihingen.de\/fr\/die-gedenkstaette\/stationen-und-konzeption\/","title":{"rendered":"Stations et conceptions"},"content":{"rendered":"\n<p class=\"has-large-font-size\">Il y a cinq stations qui peuvent \u00eatre visit\u00e9es dans les lieux comm\u00e9moratifs. <a rel=\"noreferrer noopener\" href=\"http:\/\/gedenkstaette.wp1.visual4.com\/wp-content\/uploads\/2016\/07\/KZ-Lageplan_3015.pdf\" target=\"_blank\">Ici<\/a> vous pouvez voir un croquis d&rsquo;ensemble du m\u00e9morial.<\/p>\n\n\n\n<div class=\"wp-block-group alignfull has-light-gray-background-color has-background is-layout-flow wp-block-group-is-layout-flow\">\n<div class=\"wp-block-media-text alignwide is-stacked-on-mobile is-vertically-aligned-top is-image-fill\"><figure class=\"wp-block-media-text__media\" style=\"background-image:url(https:\/\/gedenkstaette-vaihingen.de\/wp-content\/uploads\/2022\/05\/18.jpg);background-position:50% 50%\"><img loading=\"lazy\" decoding=\"async\" width=\"300\" height=\"225\" src=\"https:\/\/gedenkstaette-vaihingen.de\/wp-content\/uploads\/2022\/05\/18.jpg\" alt=\"\" class=\"wp-image-2819 size-full\"\/><\/figure><div class=\"wp-block-media-text__content\">\n<h2 class=\"has-text-align-left has-extra-large-font-size wp-block-heading\"><strong>La salle de r\u00e9ception et d\u2019information<\/strong><\/h2>\n\n\n\n<p>Une maquette du camp facilite la compr\u00e9hension du lieu, de la structure et de la grandeur de l\u2019ancien campement de la vall\u00e9e de Glattbach qui a chang\u00e9 topographiquement.<\/p>\n\n\n\n<p>Gr\u00e2ce \u00e0 une s\u00e9rie de photos, les visiteurs re\u00e7oivent les informations de base n\u00e9cessaires pour la compr\u00e9hension des lieux historiques.<\/p>\n<\/div><\/div>\n\n\n\n<div class=\"wp-block-columns alignwide is-layout-flex wp-container-core-columns-is-layout-28f84493 wp-block-columns-is-layout-flex\">\n<div class=\"wp-block-column is-layout-flow wp-block-column-is-layout-flow\">\n<p class=\"has-text-align-center has-small-font-size\">Lors d\u2019une visite de mod\u00e8le de r\u00e9f\u00e9rence dans la salle de r\u00e9ception et de l\u2019information<\/p>\n<\/div>\n\n\n\n<div class=\"wp-block-column is-layout-flow wp-block-column-is-layout-flow\"><\/div>\n<\/div>\n<\/div>\n\n\n\n<div class=\"wp-block-group alignwide is-layout-flow wp-block-group-is-layout-flow\">\n<div class=\"wp-block-media-text alignwide has-media-on-the-right is-stacked-on-mobile is-vertically-aligned-center is-image-fill\" style=\"grid-template-columns:auto 40%\"><div class=\"wp-block-media-text__content\">\n<h2 class=\"has-text-align-left has-extra-large-font-size wp-block-heading\">Fondations des anciennes baraques de bains et<strong> d\u2019\u00e9pouillage<\/strong> <\/h2>\n\n\n\n<p>Une passerelle m\u00e8ne aux fondements des monuments prot\u00e9g\u00e9s des anciennes baraques de bains et d\u2019\u00e9pouillage. Ceux \u2013ci se trouvent aujourd\u2019hui dans une pi\u00e8ce prot\u00e9g\u00e9e et obscurcie dans laquelle une installation de m\u00e9dias audio-visuelle est project\u00e9e. <\/p>\n\n\n\n<p>Le montage vid\u00e9o d\u2019environ vingt minutes, partant de citations d\u2019origine de prisonniers, la musique, les photos fondues et rendues m\u00e9connaissables&nbsp; et les bruits, permettent au visiteur de ressentir l\u2019histoire \u00e9motionnellement, mais plus particuli\u00e8rement les destins horribles des d\u00e9port\u00e9s.<\/p>\n\n\n\n<p>La pi\u00e8ce reste obscure, les fondements sont int\u00e9gr\u00e9s&nbsp; dans la pr\u00e9sentation et sont seulement \u00e9clair\u00e9s par des effets de lumi\u00e8re dans certaines parties de cette pr\u00e9sentation.<\/p>\n<\/div><figure class=\"wp-block-media-text__media\" style=\"background-image:url(https:\/\/gedenkstaette-vaihingen.de\/wp-content\/uploads\/2022\/05\/8-1200x800.jpg);background-position:50% 50%\"><img loading=\"lazy\" decoding=\"async\" width=\"1200\" height=\"800\" src=\"https:\/\/gedenkstaette-vaihingen.de\/wp-content\/uploads\/2022\/05\/8-1200x800.jpg\" alt=\"\" class=\"wp-image-2809 size-full\" srcset=\"https:\/\/gedenkstaette-vaihingen.de\/wp-content\/uploads\/2022\/05\/8-1200x800.jpg 1200w, https:\/\/gedenkstaette-vaihingen.de\/wp-content\/uploads\/2022\/05\/8-480x320.jpg 480w, https:\/\/gedenkstaette-vaihingen.de\/wp-content\/uploads\/2022\/05\/8-768x512.jpg 768w, https:\/\/gedenkstaette-vaihingen.de\/wp-content\/uploads\/2022\/05\/8-1536x1024.jpg 1536w, https:\/\/gedenkstaette-vaihingen.de\/wp-content\/uploads\/2022\/05\/8-2048x1365.jpg 2048w, https:\/\/gedenkstaette-vaihingen.de\/wp-content\/uploads\/2022\/05\/8-1920x1280.jpg 1920w\" sizes=\"auto, (max-width: 1200px) 100vw, 1200px\" \/><\/figure><\/div>\n\n\n\n<div class=\"wp-block-columns alignwide is-layout-flex wp-container-core-columns-is-layout-28f84493 wp-block-columns-is-layout-flex\">\n<div class=\"wp-block-column is-layout-flow wp-block-column-is-layout-flow\"><\/div>\n\n\n\n<div class=\"wp-block-column is-layout-flow wp-block-column-is-layout-flow\">\n<p class=\"has-text-align-center has-small-font-size\">Dans l\u2019ancienne baraque de lavage et d\u2019\u00e9pouillage, une projection de documents historiques (images et son) montre les \u00e9v\u00e8nements tragiques de cette \u00e9poque.<\/p>\n<\/div>\n<\/div>\n<\/div>\n\n\n\n<div class=\"wp-block-group alignwide is-layout-flow wp-block-group-is-layout-flow\">\n<div class=\"wp-block-media-text alignwide is-stacked-on-mobile is-vertically-aligned-center is-image-fill\" style=\"grid-template-columns:40% auto\"><figure class=\"wp-block-media-text__media\" style=\"background-image:url(https:\/\/gedenkstaette-vaihingen.de\/wp-content\/uploads\/2022\/05\/19.jpg);background-position:50% 50%\"><img loading=\"lazy\" decoding=\"async\" width=\"300\" height=\"200\" src=\"https:\/\/gedenkstaette-vaihingen.de\/wp-content\/uploads\/2022\/05\/19.jpg\" alt=\"\" class=\"wp-image-2820 size-full\"\/><\/figure><div class=\"wp-block-media-text__content\">\n<p><strong><strong>L\u2019ancienne cuisine du camp de concentration<\/strong><\/strong><\/p>\n\n\n\n<p>Ici se trouvent diff\u00e9rentes expositions comme en ce moment par exemple \u201cDe la fosse commune au cimeti\u00e8re d\u2019honneur\u201d et qui rendent plus compr\u00e9hensible chaque aspect du sujet.<\/p>\n\n\n\n<h1 class=\"has-text-align-left has-extra-large-font-size wp-block-heading\"><br><\/h1>\n\n\n\n<p><strong><strong>Les galeries<\/strong><\/strong><br><br>C\u2019est dans la roche que les prisonniers ont fait sauter la galerie qui a servi de chambre de protection a\u00e9rienne aux SS et \u00e9quipes de garde. C\u2019est le dernier t\u00e9moignage visible des travaux des prisonniers.<br><\/p>\n<\/div><\/div>\n\n\n\n<div class=\"wp-block-columns alignwide is-layout-flex wp-container-core-columns-is-layout-28f84493 wp-block-columns-is-layout-flex\">\n<div class=\"wp-block-column is-layout-flow wp-block-column-is-layout-flow\">\n<p class=\"has-text-align-center has-small-font-size\">L\u2019entr\u00e9e de mourir pour garder les abris de raid a\u00e9rien<\/p>\n<\/div>\n\n\n\n<div class=\"wp-block-column is-layout-flow wp-block-column-is-layout-flow\">\n<p class=\"has-text-align-center has-extra-small-font-size\"><\/p>\n<\/div>\n<\/div>\n<\/div>\n\n\n\n<div class=\"wp-block-group alignwide is-layout-flow wp-block-group-is-layout-flow\">\n<div class=\"wp-block-media-text alignwide has-media-on-the-right is-stacked-on-mobile is-vertically-aligned-center is-image-fill\" style=\"grid-template-columns:auto 58%\"><div class=\"wp-block-media-text__content\">\n<h2 class=\"has-text-align-left has-extra-large-font-size wp-block-heading\">Le cimeti\u00e8re du camp de concentration<\/h2>\n\n\n\n<p>Le cimeti\u00e8re du camp de concentration a \u00e9t\u00e9 fond\u00e9 en 1958 sur l\u2019ancien terrain de la fosse commune. L\u00e0, 1267 victimes reposent dans des tombes anonymes. Le cimeti\u00e8re avec son monument et sa plaque comm\u00e9morative est le v\u00e9ritable lieu du souvenir et du deuil. C\u2019est ici, que chaque ann\u00e9e au mois d\u2019avril une c\u00e9r\u00e9monie de comm\u00e9moration de la lib\u00e9ration du camp a lieu.<\/p>\n<\/div><figure class=\"wp-block-media-text__media\" style=\"background-image:url(https:\/\/gedenkstaette-vaihingen.de\/wp-content\/uploads\/2022\/05\/20.jpg);background-position:50% 50%\"><img loading=\"lazy\" decoding=\"async\" width=\"300\" height=\"169\" src=\"https:\/\/gedenkstaette-vaihingen.de\/wp-content\/uploads\/2022\/05\/20.jpg\" alt=\"\" class=\"wp-image-2821 size-full\"\/><\/figure><\/div>\n\n\n\n<div class=\"wp-block-columns alignwide is-layout-flex wp-container-core-columns-is-layout-28f84493 wp-block-columns-is-layout-flex\">\n<div class=\"wp-block-column is-layout-flow wp-block-column-is-layout-flow\">\n<p class=\"has-text-align-center has-small-font-size\"><\/p>\n<\/div>\n\n\n\n<div class=\"wp-block-column is-layout-flow wp-block-column-is-layout-flow\">\n<p class=\"has-text-align-center has-small-font-size\">Sur les quatre \u00e9tabli en 2013 plaques sont un total de 1342 victimes noms par ordre alphab\u00e9tique. Onze victimes restent anonymes.<\/p>\n<\/div>\n<\/div>\n<\/div>\n","protected":false},"excerpt":{"rendered":"<p>Il y a cinq stations qui peuvent \u00eatre visit\u00e9es dans les lieux comm\u00e9moratifs. Ici vous pouvez voir un croquis d&rsquo;ensemble du m\u00e9morial. La salle de r\u00e9ception et d\u2019information Une maquette du camp facilite la compr\u00e9hension&hellip;<\/p>\n","protected":false},"author":1,"featured_media":3247,"parent":5067,"menu_order":1,"comment_status":"closed","ping_status":"closed","template":"","meta":{"_acf_changed":false,"footnotes":""},"class_list":["post-5096","page","type-page","status-publish","has-post-thumbnail","hentry"],"acf":[],"_links":{"self":[{"href":"https:\/\/gedenkstaette-vaihingen.de\/fr\/wp-json\/wp\/v2\/pages\/5096","targetHints":{"allow":["GET"]}}],"collection":[{"href":"https:\/\/gedenkstaette-vaihingen.de\/fr\/wp-json\/wp\/v2\/pages"}],"about":[{"href":"https:\/\/gedenkstaette-vaihingen.de\/fr\/wp-json\/wp\/v2\/types\/page"}],"author":[{"embeddable":true,"href":"https:\/\/gedenkstaette-vaihingen.de\/fr\/wp-json\/wp\/v2\/users\/1"}],"replies":[{"embeddable":true,"href":"https:\/\/gedenkstaette-vaihingen.de\/fr\/wp-json\/wp\/v2\/comments?post=5096"}],"version-history":[{"count":0,"href":"https:\/\/gedenkstaette-vaihingen.de\/fr\/wp-json\/wp\/v2\/pages\/5096\/revisions"}],"up":[{"embeddable":true,"href":"https:\/\/gedenkstaette-vaihingen.de\/fr\/wp-json\/wp\/v2\/pages\/5067"}],"wp:featuredmedia":[{"embeddable":true,"href":"https:\/\/gedenkstaette-vaihingen.de\/fr\/wp-json\/wp\/v2\/media\/3247"}],"wp:attachment":[{"href":"https:\/\/gedenkstaette-vaihingen.de\/fr\/wp-json\/wp\/v2\/media?parent=5096"}],"curies":[{"name":"wp","href":"https:\/\/api.w.org\/{rel}","templated":true}]}}