{"id":5067,"date":"2020-07-23T15:10:14","date_gmt":"2020-07-23T13:10:14","guid":{"rendered":"https:\/\/gedenkstaette-vaihingen.de\/die-gedenkstaette\/"},"modified":"2023-03-30T14:46:26","modified_gmt":"2023-03-30T12:46:26","slug":"die-gedenkstaette","status":"publish","type":"page","link":"https:\/\/gedenkstaette-vaihingen.de\/fr\/die-gedenkstaette\/","title":{"rendered":"<strong>Le M\u00e9morial<\/strong>"},"content":{"rendered":"\n<div class=\"wp-block-cover alignfull\" style=\"min-height:545px;aspect-ratio:unset;\"><span aria-hidden=\"true\" class=\"wp-block-cover__background has-background-dim-30 has-background-dim\"><\/span><img loading=\"lazy\" decoding=\"async\" width=\"2560\" height=\"1707\" class=\"wp-block-cover__image-background wp-image-2809\" alt=\"\" src=\"https:\/\/gedenkstaette-vaihingen.de\/wp-content\/uploads\/2022\/05\/8-scaled.jpg\" style=\"object-position:44% 59%\" data-object-fit=\"cover\" data-object-position=\"44% 59%\" srcset=\"https:\/\/gedenkstaette-vaihingen.de\/wp-content\/uploads\/2022\/05\/8-scaled.jpg 2560w, https:\/\/gedenkstaette-vaihingen.de\/wp-content\/uploads\/2022\/05\/8-480x320.jpg 480w, https:\/\/gedenkstaette-vaihingen.de\/wp-content\/uploads\/2022\/05\/8-1200x800.jpg 1200w, https:\/\/gedenkstaette-vaihingen.de\/wp-content\/uploads\/2022\/05\/8-768x512.jpg 768w, https:\/\/gedenkstaette-vaihingen.de\/wp-content\/uploads\/2022\/05\/8-1536x1024.jpg 1536w, https:\/\/gedenkstaette-vaihingen.de\/wp-content\/uploads\/2022\/05\/8-2048x1365.jpg 2048w, https:\/\/gedenkstaette-vaihingen.de\/wp-content\/uploads\/2022\/05\/8-1920x1280.jpg 1920w\" sizes=\"auto, (max-width: 2560px) 100vw, 2560px\" \/><div class=\"wp-block-cover__inner-container is-layout-flow wp-block-cover-is-layout-flow\">\n<p class=\"has-text-align-center\"><\/p>\n\n\n\n<h3 class=\"has-text-align-left has-huge-font-size wp-block-heading\"><sub><strong>Le M\u00e9morial<\/strong><\/sub><\/h3>\n<\/div><\/div>\n\n\n\n<p class=\"has-large-font-size\">Le m\u00e9morial a \u00e9t\u00e9 mis en service en 2005. Dans le district de Ludwigsbourg c\u2019\u00e9taient surtout des einseignants organis\u00e9s dans le syndicat Enseignement et Science qui se sont mis \u00e0 la recherche de traces.<\/p>\n\n\n\n<p class=\"has-large-font-size\">Lors d\u2019un \u201ctour du district alternatif\u201d en automne 1987 sur les lieux de pers\u00e9cution le souhait a vu le jour de cr\u00e9er un m\u00e9morial central pour comm\u00e9morer cette pers\u00e9cution et le grand nombre de victims; dans ce cadre il importait que les \u00e9l\u00e8ves puissent s\u2019informer sur le sujet de facon&nbsp; authentique.<\/p>\n\n\n\n<div class=\"wp-block-v4-bilder-karussel \">\n\n    <!-- Slider main container -->\n    <div class=\"wp-block-v4-bilder-karussel__slider-container swiper-container\">\n\n        <!-- Additional required wrapper -->\n        <figure class=\"wp-block-v4-bilder-karussel__slider-wrapper swiper-wrapper\">\n\n            <!-- Slides -->\n                        <figure class=\"wp-block-v4-bilder-karussel__slide swiper-slide\">\n                <a href=\"https:\/\/gedenkstaette-vaihingen.de\/wp-content\/uploads\/2022\/05\/6-1200x665.jpg\">\n                    <img loading=\"lazy\" decoding=\"async\" width=\"1140\" height=\"632\" src=\"https:\/\/gedenkstaette-vaihingen.de\/wp-content\/uploads\/2022\/05\/6-1200x665.jpg\" class=\"wp-block-v4-bilder-karussel__image\" alt=\"\" srcset=\"https:\/\/gedenkstaette-vaihingen.de\/wp-content\/uploads\/2022\/05\/6-1200x665.jpg 1200w, https:\/\/gedenkstaette-vaihingen.de\/wp-content\/uploads\/2022\/05\/6-480x266.jpg 480w, https:\/\/gedenkstaette-vaihingen.de\/wp-content\/uploads\/2022\/05\/6-768x426.jpg 768w, https:\/\/gedenkstaette-vaihingen.de\/wp-content\/uploads\/2022\/05\/6-1536x852.jpg 1536w, https:\/\/gedenkstaette-vaihingen.de\/wp-content\/uploads\/2022\/05\/6-2048x1136.jpg 2048w, https:\/\/gedenkstaette-vaihingen.de\/wp-content\/uploads\/2022\/05\/6-1920x1065.jpg 1920w\" sizes=\"auto, (max-width: 1140px) 100vw, 1140px\" \/>\n                <\/a>\n                <p class=\"wp-block-v4-bilder-karussel__slide_caption\">Les fondations \u00e0 d\u00e9couvert de baignade et \u00e9pouillage caserne au d\u00e9but des ann\u00e9es 90<\/p>\n            <\/figure>\n                        <figure class=\"wp-block-v4-bilder-karussel__slide swiper-slide\">\n                <a href=\"https:\/\/gedenkstaette-vaihingen.de\/wp-content\/uploads\/2022\/05\/4-1200x669.jpg\">\n                    <img loading=\"lazy\" decoding=\"async\" width=\"1140\" height=\"636\" src=\"https:\/\/gedenkstaette-vaihingen.de\/wp-content\/uploads\/2022\/05\/4-1200x669.jpg\" class=\"wp-block-v4-bilder-karussel__image\" alt=\"\" srcset=\"https:\/\/gedenkstaette-vaihingen.de\/wp-content\/uploads\/2022\/05\/4-1200x669.jpg 1200w, https:\/\/gedenkstaette-vaihingen.de\/wp-content\/uploads\/2022\/05\/4-480x268.jpg 480w, https:\/\/gedenkstaette-vaihingen.de\/wp-content\/uploads\/2022\/05\/4-768x428.jpg 768w, https:\/\/gedenkstaette-vaihingen.de\/wp-content\/uploads\/2022\/05\/4.jpg 1338w\" sizes=\"auto, (max-width: 1140px) 100vw, 1140px\" \/>\n                <\/a>\n                <p class=\"wp-block-v4-bilder-karussel__slide_caption\">Construction en acier du b\u00e2timent, \u00e9t\u00e9 2001<\/p>\n            <\/figure>\n                        <figure class=\"wp-block-v4-bilder-karussel__slide swiper-slide\">\n                <a href=\"https:\/\/gedenkstaette-vaihingen.de\/wp-content\/uploads\/2022\/05\/5.jpg\">\n                    <img loading=\"lazy\" decoding=\"async\" width=\"1140\" height=\"746\" src=\"https:\/\/gedenkstaette-vaihingen.de\/wp-content\/uploads\/2022\/05\/5.jpg\" class=\"wp-block-v4-bilder-karussel__image\" alt=\"\" srcset=\"https:\/\/gedenkstaette-vaihingen.de\/wp-content\/uploads\/2022\/05\/5.jpg 1142w, https:\/\/gedenkstaette-vaihingen.de\/wp-content\/uploads\/2022\/05\/5-480x314.jpg 480w, https:\/\/gedenkstaette-vaihingen.de\/wp-content\/uploads\/2022\/05\/5-768x502.jpg 768w\" sizes=\"auto, (max-width: 1140px) 100vw, 1140px\" \/>\n                <\/a>\n                <p class=\"wp-block-v4-bilder-karussel__slide_caption\">La premi\u00e8re phase a \u00e9t\u00e9 pr\u00e9sent\u00e9 au public le 7 Avril 2002<\/p>\n            <\/figure>\n                        <figure class=\"wp-block-v4-bilder-karussel__slide swiper-slide\">\n                <a href=\"https:\/\/gedenkstaette-vaihingen.de\/wp-content\/uploads\/2022\/05\/7-1200x829.jpg\">\n                    <img loading=\"lazy\" decoding=\"async\" width=\"1140\" height=\"788\" src=\"https:\/\/gedenkstaette-vaihingen.de\/wp-content\/uploads\/2022\/05\/7-1200x829.jpg\" class=\"wp-block-v4-bilder-karussel__image\" alt=\"\" srcset=\"https:\/\/gedenkstaette-vaihingen.de\/wp-content\/uploads\/2022\/05\/7-1200x829.jpg 1200w, https:\/\/gedenkstaette-vaihingen.de\/wp-content\/uploads\/2022\/05\/7-480x331.jpg 480w, https:\/\/gedenkstaette-vaihingen.de\/wp-content\/uploads\/2022\/05\/7-768x530.jpg 768w, https:\/\/gedenkstaette-vaihingen.de\/wp-content\/uploads\/2022\/05\/7.jpg 1370w\" sizes=\"auto, (max-width: 1140px) 100vw, 1140px\" \/>\n                <\/a>\n                <p class=\"wp-block-v4-bilder-karussel__slide_caption\">Le m\u00e9morial apr\u00e8s la fin des travaux, avril 2005<\/p>\n            <\/figure>\n                        <figure class=\"wp-block-v4-bilder-karussel__slide swiper-slide\">\n                <a href=\"https:\/\/gedenkstaette-vaihingen.de\/wp-content\/uploads\/2022\/05\/8-1200x800.jpg\">\n                    <img loading=\"lazy\" decoding=\"async\" width=\"1140\" height=\"760\" src=\"https:\/\/gedenkstaette-vaihingen.de\/wp-content\/uploads\/2022\/05\/8-1200x800.jpg\" class=\"wp-block-v4-bilder-karussel__image\" alt=\"\" srcset=\"https:\/\/gedenkstaette-vaihingen.de\/wp-content\/uploads\/2022\/05\/8-1200x800.jpg 1200w, https:\/\/gedenkstaette-vaihingen.de\/wp-content\/uploads\/2022\/05\/8-480x320.jpg 480w, https:\/\/gedenkstaette-vaihingen.de\/wp-content\/uploads\/2022\/05\/8-768x512.jpg 768w, https:\/\/gedenkstaette-vaihingen.de\/wp-content\/uploads\/2022\/05\/8-1536x1024.jpg 1536w, https:\/\/gedenkstaette-vaihingen.de\/wp-content\/uploads\/2022\/05\/8-2048x1365.jpg 2048w, https:\/\/gedenkstaette-vaihingen.de\/wp-content\/uploads\/2022\/05\/8-1920x1280.jpg 1920w\" sizes=\"auto, (max-width: 1140px) 100vw, 1140px\" \/>\n                <\/a>\n                <p class=\"wp-block-v4-bilder-karussel__slide_caption\">Dans l\u2019ancienne baraque de lavage et d\u2019\u00e9pouillage, une projection de documents historiques (images et son) montre les \u00e9v\u00e8nements tragiques de cette \u00e9poque<\/p>\n            <\/figure>\n                        <figure class=\"wp-block-v4-bilder-karussel__slide swiper-slide\">\n                <a href=\"https:\/\/gedenkstaette-vaihingen.de\/wp-content\/uploads\/2022\/05\/9.jpg\">\n                    <img loading=\"lazy\" decoding=\"async\" width=\"640\" height=\"377\" src=\"https:\/\/gedenkstaette-vaihingen.de\/wp-content\/uploads\/2022\/05\/9.jpg\" class=\"wp-block-v4-bilder-karussel__image\" alt=\"\" srcset=\"https:\/\/gedenkstaette-vaihingen.de\/wp-content\/uploads\/2022\/05\/9.jpg 640w, https:\/\/gedenkstaette-vaihingen.de\/wp-content\/uploads\/2022\/05\/9-480x283.jpg 480w\" sizes=\"auto, (max-width: 640px) 100vw, 640px\" \/>\n                <\/a>\n                <p class=\"wp-block-v4-bilder-karussel__slide_caption\">Septembre 2017: salle de s\u00e9minaire<\/p>\n            <\/figure>\n            \n        <\/figure>\n\n    <\/div>\n\n    <!-- Meta bar -->\n    <div class=\"wp-block-v4-bilder-karussel__meta\">\n\n        <div class=\"wp-block-v4-bilder-karussel__pagination Swiper-pagination\"><\/div>\n\n        <div class=\"wp-block-v4-bilder-karussel__navigation swiper-buttons\">\n            <div class=\"wp-block-v4-bilder-karussel__prev swiper-button-prev\"><\/div>\n            <div class=\"wp-block-v4-bilder-karussel__next swiper-button-next\"><\/div>\n        <\/div>\n\n    <\/div>\n\n<\/div>\n\n\n<div class=\"wp-block-media-text alignwide is-stacked-on-mobile is-vertically-aligned-center is-image-fill\"><figure class=\"wp-block-media-text__media\" style=\"background-image:url(https:\/\/gedenkstaette-vaihingen.de\/wp-content\/uploads\/2022\/08\/27_Gedenkstaette46-1200x942.jpg);background-position:54% 52%\"><img loading=\"lazy\" decoding=\"async\" width=\"1200\" height=\"942\" src=\"https:\/\/gedenkstaette-vaihingen.de\/wp-content\/uploads\/2022\/08\/27_Gedenkstaette46-1200x942.jpg\" alt=\"\" class=\"wp-image-4146 size-full\" srcset=\"https:\/\/gedenkstaette-vaihingen.de\/wp-content\/uploads\/2022\/08\/27_Gedenkstaette46-1200x942.jpg 1200w, https:\/\/gedenkstaette-vaihingen.de\/wp-content\/uploads\/2022\/08\/27_Gedenkstaette46-480x377.jpg 480w, https:\/\/gedenkstaette-vaihingen.de\/wp-content\/uploads\/2022\/08\/27_Gedenkstaette46-768x603.jpg 768w, https:\/\/gedenkstaette-vaihingen.de\/wp-content\/uploads\/2022\/08\/27_Gedenkstaette46-1536x1206.jpg 1536w, https:\/\/gedenkstaette-vaihingen.de\/wp-content\/uploads\/2022\/08\/27_Gedenkstaette46-2048x1608.jpg 2048w, https:\/\/gedenkstaette-vaihingen.de\/wp-content\/uploads\/2022\/08\/27_Gedenkstaette46-1631x1280.jpg 1631w\" sizes=\"auto, (max-width: 1200px) 100vw, 1200px\" \/><\/figure><div class=\"wp-block-media-text__content\">\n<h2 class=\"has-text-align-left has-extra-large-font-size wp-block-heading\">Pourquoi un m\u00e9morial \u00e0 Vaihingen?<\/h2>\n\n\n\n<p>La ville de Vaihingen s\u2019est pr\u00e9sent\u00e9 comme un lieu possible, puisqu\u2019 ici il s\u2019est trouv\u00e9 un camp de concentration, qui de par son histoire exceptionnelle contient beaucoup d\u2019aspects, et d\u2019autre part ce camp avait d\u00e9j\u00e0 \u00e9t\u00e9 l\u2019objet d\u2019importantes recherches.<\/p>\n\n\n\n<p>Ainsi on a d\u00e9couvert que pour le camp de Vaihingen des sources en grand nombre existent. Celles-ci avaient \u00e9t\u00e9 pr\u00e9sent\u00e9es pour la premi\u00e8re fois en 1985 lors d\u2019une exposition sur la fin de la seconde guerre mondiale.<\/p>\n\n\n\n<p>A cette occasion la ville de Vaihingen avait invit\u00e9 d\u2019anciens d\u00e9tenus qui avaient publi\u00e9 leurs m\u00e9moires dans des livres.<\/p>\n<\/div><\/div>\n\n\n\n<div class=\"wp-block-media-text alignwide has-media-on-the-right is-stacked-on-mobile is-vertically-aligned-center is-image-fill\" style=\"grid-template-columns:auto 40%\"><div class=\"wp-block-media-text__content\">\n<h2 class=\"has-text-align-left has-extra-large-font-size wp-block-heading\">Fondation de l&rsquo;association de parrainage<\/h2>\n\n\n\n<p>Apr\u00e8s d&rsquo;intensives consultations on a fond\u00e9 en 1990 une association de responsabilit\u00e9&nbsp; avec objectif de construire un m\u00e9morial r\u00e9pondant aux besoins&nbsp; &nbsp;didactiques&nbsp; de mus\u00e9e modernes aussi bien qu\u2019au souhait d\u2019avoir un m\u00e9morial sur un lieu authentique.<\/p>\n\n\n\n<p>La t\u00e2che \u00e9tait facilit\u00e9e par le fait que le service de conservation des monuments historiques du Baden-W\u00fcrttemberg a class\u00e9 tous les restes du camp comme monument historique.<\/p>\n<\/div><figure class=\"wp-block-media-text__media\" style=\"background-image:url(https:\/\/gedenkstaette-vaihingen.de\/wp-content\/uploads\/2022\/05\/27.jpg);background-position:19% 65%\"><img loading=\"lazy\" decoding=\"async\" width=\"724\" height=\"449\" src=\"https:\/\/gedenkstaette-vaihingen.de\/wp-content\/uploads\/2022\/05\/27.jpg\" alt=\"\" class=\"wp-image-2828 size-full\" srcset=\"https:\/\/gedenkstaette-vaihingen.de\/wp-content\/uploads\/2022\/05\/27.jpg 724w, https:\/\/gedenkstaette-vaihingen.de\/wp-content\/uploads\/2022\/05\/27-480x298.jpg 480w\" sizes=\"auto, (max-width: 724px) 100vw, 724px\" \/><\/figure><\/div>\n\n\n\n<div class=\"wp-block-media-text alignwide is-stacked-on-mobile is-vertically-aligned-center is-image-fill\" style=\"grid-template-columns:40% auto\"><figure class=\"wp-block-media-text__media\" style=\"background-image:url(https:\/\/gedenkstaette-vaihingen.de\/wp-content\/uploads\/2022\/05\/69-1200x801.jpg);background-position:50% 50%\"><img loading=\"lazy\" decoding=\"async\" width=\"1200\" height=\"801\" src=\"https:\/\/gedenkstaette-vaihingen.de\/wp-content\/uploads\/2022\/05\/69-1200x801.jpg\" alt=\"\" class=\"wp-image-2870 size-full\" srcset=\"https:\/\/gedenkstaette-vaihingen.de\/wp-content\/uploads\/2022\/05\/69-1200x801.jpg 1200w, https:\/\/gedenkstaette-vaihingen.de\/wp-content\/uploads\/2022\/05\/69-480x320.jpg 480w, https:\/\/gedenkstaette-vaihingen.de\/wp-content\/uploads\/2022\/05\/69-768x513.jpg 768w, https:\/\/gedenkstaette-vaihingen.de\/wp-content\/uploads\/2022\/05\/69-1536x1025.jpg 1536w, https:\/\/gedenkstaette-vaihingen.de\/wp-content\/uploads\/2022\/05\/69-2048x1367.jpg 2048w, https:\/\/gedenkstaette-vaihingen.de\/wp-content\/uploads\/2022\/05\/69-1917x1280.jpg 1917w\" sizes=\"auto, (max-width: 1200px) 100vw, 1200px\" \/><\/figure><div class=\"wp-block-media-text__content\">\n<h2 class=\"has-text-align-left has-extra-large-font-size wp-block-heading\">Exigences et partisans<\/h2>\n\n\n\n<p>Outre la ville de Vaihingen , qui a toujours soutenu ce projet, on a pu trouver de multiples institutions et entreprises qui ont aid\u00e9 \u00e0 construire en 15 ann\u00e9es un m\u00e9morial r\u00e9pondant aux besoins cit\u00e9s de didactique de mus\u00e9e moderne.<\/p>\n\n\n\n<p>A l\u2019heure actuelle Il manque encore une salle de travail. N\u00e9anmoins on offre de multiples programmes pour visiteurs, mais aussi pour les \u00e9l\u00e8ves et les enseignants.<\/p>\n\n\n\n<p>Le m\u00e9morial dispose de grandes archives et d\u2019une biblioth\u00e8que, comprenant aujourd\u2019hui 120 volumes et de nombreuses revues. L\u2019ensemble se trouve depose aux archives minicipales &nbsp;(Stadtarchiv Vaihingen\/Enz), o\u00f9 il peut \u00eatre consult\u00e9.<\/p>\n<\/div><\/div>\n","protected":false},"excerpt":{"rendered":"<p>Le m\u00e9morial a \u00e9t\u00e9 mis en service en 2005. Dans le district de Ludwigsbourg c\u2019\u00e9taient surtout des einseignants organis\u00e9s dans le syndicat Enseignement et Science qui se sont mis \u00e0 la recherche de traces. Lors&hellip;<\/p>\n","protected":false},"author":1,"featured_media":0,"parent":0,"menu_order":4,"comment_status":"closed","ping_status":"closed","template":"template-blank.php","meta":{"_acf_changed":false,"footnotes":""},"class_list":["post-5067","page","type-page","status-publish","hentry"],"acf":[],"_links":{"self":[{"href":"https:\/\/gedenkstaette-vaihingen.de\/fr\/wp-json\/wp\/v2\/pages\/5067","targetHints":{"allow":["GET"]}}],"collection":[{"href":"https:\/\/gedenkstaette-vaihingen.de\/fr\/wp-json\/wp\/v2\/pages"}],"about":[{"href":"https:\/\/gedenkstaette-vaihingen.de\/fr\/wp-json\/wp\/v2\/types\/page"}],"author":[{"embeddable":true,"href":"https:\/\/gedenkstaette-vaihingen.de\/fr\/wp-json\/wp\/v2\/users\/1"}],"replies":[{"embeddable":true,"href":"https:\/\/gedenkstaette-vaihingen.de\/fr\/wp-json\/wp\/v2\/comments?post=5067"}],"version-history":[{"count":0,"href":"https:\/\/gedenkstaette-vaihingen.de\/fr\/wp-json\/wp\/v2\/pages\/5067\/revisions"}],"wp:attachment":[{"href":"https:\/\/gedenkstaette-vaihingen.de\/fr\/wp-json\/wp\/v2\/media?parent=5067"}],"curies":[{"name":"wp","href":"https:\/\/api.w.org\/{rel}","templated":true}]}}