{"id":4974,"date":"2022-05-11T09:55:15","date_gmt":"2022-05-11T07:55:15","guid":{"rendered":"https:\/\/gedenkstaette-vaihingen.de\/der-verein\/treffen-mit-ueberlebenden-2001\/"},"modified":"2023-03-30T14:41:49","modified_gmt":"2023-03-30T12:41:49","slug":"treffen-mit-ueberlebenden-2001","status":"publish","type":"page","link":"https:\/\/gedenkstaette-vaihingen.de\/fr\/der-verein\/treffen-mit-ueberlebenden-2001\/","title":{"rendered":"Rencontres avec des Survivants 2001"},"content":{"rendered":"\n<p class=\"has-large-font-size\">La ville de Vaihingen\/Enz a invit\u00e9 pour trois jours, en avril 2001, 22 anciens prisonniers ainsi que leurs familles venant de Pologne, des USA, du Canada, de France, de Norv\u00e8ge, de Russie, d\u2019Australie, des Pays Bas et d\u2019Allemagne dans l\u2019ancien camp de concentration de Vaihingen\/Enz. Pour saluer ses invit\u00e9s, le maire de l\u2019\u00e9poque, M. K\u00e4lberer, pr\u00e9conisant et soutenant les lieux comm\u00e9moratifs, a dit: \u00ab&nbsp;Nous voulons montrer que nous aussi, nous reconnaissons cette partie de l\u2019histoire de notre ville.&nbsp;\u00bb De plus, il a expliqu\u00e9: \u00ab&nbsp;Nous savons que votre chemin jusqu\u2019ici a \u00e9t\u00e9 difficile.&nbsp;<\/p>\n\n\n\n<p class=\"has-large-font-size\">\u00ab&nbsp;L\u2019ancien pr\u00e9sident de l\u2019association, Dr. Manfred Scheck, a parl\u00e9 aux survivants des intentions de l\u2019association: \u00ab&nbsp;Nous voulons garder le souvenir d\u2019une p\u00e9riode de notre histoire qui dans ses suites criminelles reste sans exemple. C\u2019est pourquoi, si possible est, nous voulons aussi rendre justice aux prisonniers qui ont pass\u00e9 ici la pire p\u00e9riode de leur vie.&nbsp;\u00bb&nbsp;<\/p>\n\n\n\n<p class=\"has-large-font-size\">Jules Schelvis des Pays-Bas a r\u00e9pondu: \u00ab&nbsp;Laissez-moi vous remercier de votre invitation au nom des survivants et du mien comme ancien prisonnier du camp de concentration et de vous remercier de nous donner la possibilit\u00e9 de parler ici-m\u00eame.&nbsp;\u00bb<\/p>\n\n\n\n<div class=\"wp-block-v4-bilder-karussel \">\n\n    <!-- Slider main container -->\n    <div class=\"wp-block-v4-bilder-karussel__slider-container swiper-container\">\n\n        <!-- Additional required wrapper -->\n        <figure class=\"wp-block-v4-bilder-karussel__slider-wrapper swiper-wrapper\">\n\n            <!-- Slides -->\n                        <figure class=\"wp-block-v4-bilder-karussel__slide swiper-slide\">\n                <a href=\"https:\/\/gedenkstaette-vaihingen.de\/wp-content\/uploads\/2022\/05\/44.jpg\">\n                    <img loading=\"lazy\" decoding=\"async\" width=\"886\" height=\"594\" src=\"https:\/\/gedenkstaette-vaihingen.de\/wp-content\/uploads\/2022\/05\/44.jpg\" class=\"wp-block-v4-bilder-karussel__image\" alt=\"\" srcset=\"https:\/\/gedenkstaette-vaihingen.de\/wp-content\/uploads\/2022\/05\/44.jpg 886w, https:\/\/gedenkstaette-vaihingen.de\/wp-content\/uploads\/2022\/05\/44-480x322.jpg 480w, https:\/\/gedenkstaette-vaihingen.de\/wp-content\/uploads\/2022\/05\/44-768x515.jpg 768w\" sizes=\"auto, (max-width: 886px) 100vw, 886px\" \/>\n                <\/a>\n                <p class=\"wp-block-v4-bilder-karussel__slide_caption\">Dr. Scheck (Memorial), Samuel Migdalek (\u2020) et le Dr Lehner (\u2020) &#8211; de gauche \u00e0 droite<\/p>\n            <\/figure>\n                        <figure class=\"wp-block-v4-bilder-karussel__slide swiper-slide\">\n                <a href=\"https:\/\/gedenkstaette-vaihingen.de\/wp-content\/uploads\/2022\/05\/45.jpg\">\n                    <img loading=\"lazy\" decoding=\"async\" width=\"600\" height=\"406\" src=\"https:\/\/gedenkstaette-vaihingen.de\/wp-content\/uploads\/2022\/05\/45.jpg\" class=\"wp-block-v4-bilder-karussel__image\" alt=\"\" srcset=\"https:\/\/gedenkstaette-vaihingen.de\/wp-content\/uploads\/2022\/05\/45.jpg 600w, https:\/\/gedenkstaette-vaihingen.de\/wp-content\/uploads\/2022\/05\/45-480x325.jpg 480w\" sizes=\"auto, (max-width: 600px) 100vw, 600px\" \/>\n                <\/a>\n                <p class=\"wp-block-v4-bilder-karussel__slide_caption\">Le survivant Samuel Migdalek (\u2020) d&rsquo;Australie parler \u00e0 Rachel Akerman &#8211; survivant et \u00e9pouse de Vaihinger d\u00e9tenu Isaac Akerman d&rsquo;Isra\u00ebl<\/p>\n            <\/figure>\n                        <figure class=\"wp-block-v4-bilder-karussel__slide swiper-slide\">\n                <a href=\"https:\/\/gedenkstaette-vaihingen.de\/wp-content\/uploads\/2022\/05\/46.jpg\">\n                    <img loading=\"lazy\" decoding=\"async\" width=\"695\" height=\"514\" src=\"https:\/\/gedenkstaette-vaihingen.de\/wp-content\/uploads\/2022\/05\/46.jpg\" class=\"wp-block-v4-bilder-karussel__image\" alt=\"\" srcset=\"https:\/\/gedenkstaette-vaihingen.de\/wp-content\/uploads\/2022\/05\/46.jpg 695w, https:\/\/gedenkstaette-vaihingen.de\/wp-content\/uploads\/2022\/05\/46-480x355.jpg 480w\" sizes=\"auto, (max-width: 695px) 100vw, 695px\" \/>\n                <\/a>\n                <p class=\"wp-block-v4-bilder-karussel__slide_caption\">La production d&rsquo;un documentaire avec les survivants Jules Schelvis (\u2020) des Pays-Bas et Isaac Akerman d&rsquo;Isra\u00ebl en Avril 2001<\/p>\n            <\/figure>\n                        <figure class=\"wp-block-v4-bilder-karussel__slide swiper-slide\">\n                <a href=\"https:\/\/gedenkstaette-vaihingen.de\/wp-content\/uploads\/2022\/05\/47.jpg\">\n                    <img loading=\"lazy\" decoding=\"async\" width=\"600\" height=\"406\" src=\"https:\/\/gedenkstaette-vaihingen.de\/wp-content\/uploads\/2022\/05\/47.jpg\" class=\"wp-block-v4-bilder-karussel__image\" alt=\"\" srcset=\"https:\/\/gedenkstaette-vaihingen.de\/wp-content\/uploads\/2022\/05\/47.jpg 600w, https:\/\/gedenkstaette-vaihingen.de\/wp-content\/uploads\/2022\/05\/47-480x325.jpg 480w\" sizes=\"auto, (max-width: 600px) 100vw, 600px\" \/>\n                <\/a>\n                <p class=\"wp-block-v4-bilder-karussel__slide_caption\">Les survivants allemands Bernhard Weber (\u2020, \u00e0 gauche) avec sa femme parler \u00e0 Jules Schelvis (\u2020)<\/p>\n            <\/figure>\n                        <figure class=\"wp-block-v4-bilder-karussel__slide swiper-slide\">\n                <a href=\"https:\/\/gedenkstaette-vaihingen.de\/wp-content\/uploads\/2022\/05\/41.jpg\">\n                    <img loading=\"lazy\" decoding=\"async\" width=\"1011\" height=\"674\" src=\"https:\/\/gedenkstaette-vaihingen.de\/wp-content\/uploads\/2022\/05\/41.jpg\" class=\"wp-block-v4-bilder-karussel__image\" alt=\"\" srcset=\"https:\/\/gedenkstaette-vaihingen.de\/wp-content\/uploads\/2022\/05\/41.jpg 1011w, https:\/\/gedenkstaette-vaihingen.de\/wp-content\/uploads\/2022\/05\/41-480x320.jpg 480w, https:\/\/gedenkstaette-vaihingen.de\/wp-content\/uploads\/2022\/05\/41-768x512.jpg 768w\" sizes=\"auto, (max-width: 1011px) 100vw, 1011px\" \/>\n                <\/a>\n                <p class=\"wp-block-v4-bilder-karussel__slide_caption\">Les survivants et les parents de neuf nations sur le march\u00e9 en Avril 2001<\/p>\n            <\/figure>\n            \n        <\/figure>\n\n    <\/div>\n\n    <!-- Meta bar -->\n    <div class=\"wp-block-v4-bilder-karussel__meta\">\n\n        <div class=\"wp-block-v4-bilder-karussel__pagination Swiper-pagination\"><\/div>\n\n        <div class=\"wp-block-v4-bilder-karussel__navigation swiper-buttons\">\n            <div class=\"wp-block-v4-bilder-karussel__prev swiper-button-prev\"><\/div>\n            <div class=\"wp-block-v4-bilder-karussel__next swiper-button-next\"><\/div>\n        <\/div>\n\n    <\/div>\n\n<\/div>\n\n\n<div class=\"wp-block-group alignfull has-light-gray-background-color has-background is-layout-flow wp-block-group-is-layout-flow\">\n<div class=\"wp-block-media-text alignwide is-stacked-on-mobile is-vertically-aligned-center is-image-fill\"><figure class=\"wp-block-media-text__media\" style=\"background-image:url(https:\/\/gedenkstaette-vaihingen.de\/wp-content\/uploads\/2022\/05\/8-1200x800.jpg);background-position:17% 48%\"><img loading=\"lazy\" decoding=\"async\" width=\"1200\" height=\"800\" src=\"https:\/\/gedenkstaette-vaihingen.de\/wp-content\/uploads\/2022\/05\/8-1200x800.jpg\" alt=\"\" class=\"wp-image-2809 size-full\" srcset=\"https:\/\/gedenkstaette-vaihingen.de\/wp-content\/uploads\/2022\/05\/8-1200x800.jpg 1200w, https:\/\/gedenkstaette-vaihingen.de\/wp-content\/uploads\/2022\/05\/8-480x320.jpg 480w, https:\/\/gedenkstaette-vaihingen.de\/wp-content\/uploads\/2022\/05\/8-768x512.jpg 768w, https:\/\/gedenkstaette-vaihingen.de\/wp-content\/uploads\/2022\/05\/8-1536x1024.jpg 1536w, https:\/\/gedenkstaette-vaihingen.de\/wp-content\/uploads\/2022\/05\/8-2048x1365.jpg 2048w, https:\/\/gedenkstaette-vaihingen.de\/wp-content\/uploads\/2022\/05\/8-1920x1280.jpg 1920w\" sizes=\"auto, (max-width: 1200px) 100vw, 1200px\" \/><\/figure><div class=\"wp-block-media-text__content\">\n<h2 class=\"has-text-align-left has-extra-large-font-size wp-block-heading\"><strong>\u00c9<\/strong>xchange et assentiment<\/h2>\n\n\n\n<p>Dans le cadre de cette visite, le projet comm\u00e9moratif a \u00e9t\u00e9 pr\u00e9sent\u00e9 et a \u00e9t\u00e9 accept\u00e9 par les participants: \u00ab&nbsp;Il me manque les mots pour vous dire comme c\u2019est bien ce qui se passe ici.&nbsp;\u00bb (Muray Henick) De plus, l\u2019association a montr\u00e9 aux survivants l\u2019exposition : \u00ab&nbsp;Fragments&nbsp;de Souvenirs \u00bb dans les archives municipales.<\/p>\n\n\n\n<p>Cette exposition a montr\u00e9 le d\u00e9veloppement historique de l\u2019ancien camp de concentration et l\u2019histoire de l\u2019association. Pierre Claude, ancien prisonnier fran\u00e7ais, a dit apr\u00e8s la visite de l\u2019exposition: \u00ab&nbsp; J\u2019ai \u00e9t\u00e9 \u00e9branl\u00e9 quand, ici aux archives, j\u2019ai d\u00e9couvert mon p\u00e8re sur une photo prise au moment de la lib\u00e9ration du camp. Je pense \u00e9galement \u00e0 de nombreux camarades.&nbsp;\u00bb (Le p\u00e8re est mort en 1948 des suites de l\u2019emprisonnement).<\/p>\n\n\n\n<p>Dans le cadre de leur visite, les survivants ont voulu aussi s\u2019\u00e9changer avec les jeunes d\u2019aujourd\u2019hui. A cette occasion, ils leur ont rendu visite aux lyc\u00e9es de Vaihingen et des environs. Pierre Claude a remarqu\u00e9 ensuite: \u00ab&nbsp;La jeunesse s\u2019int\u00e9resse \u00e0 ce que nous avons v\u00e9cu.&nbsp;\u00bb<\/p>\n<\/div><\/div>\n<\/div>\n\n\n\n<div class=\"wp-block-media-text alignwide has-media-on-the-right is-stacked-on-mobile is-vertically-aligned-center is-image-fill\" style=\"grid-template-columns:auto 40%\"><div class=\"wp-block-media-text__content\">\n<h2 class=\"has-text-align-left has-extra-large-font-size wp-block-heading\">f\u00eate comm\u00e9moriale<\/h2>\n\n\n\n<p>A la fin de la visite avec les survivants, on a organis\u00e9 ensemble, au cimeti\u00e8re du camp de concentration, la c\u00e9r\u00e9monie comm\u00e9morative annuelle \u00e0 l\u2019occasion de la lib\u00e9ration du camp. L\u00e0, le maire de l\u2019\u00e9poque, M. K\u00e4lberer, a dit:<\/p>\n\n\n\n<p>\u00ab&nbsp;Le cimeti\u00e8re du camp de concentration doit \u00eatre aussi un lieu de mise en garde pour les jeunes. Et ces lieux doivent \u00eatre un lieu d\u2019appel \u00e0 nous tous pour nous opposer \u00e0 tout genre de radicalisme de droite.&nbsp;\u00bb<\/p>\n\n\n\n<p>Beaucoup de contacts par courrier ont pris naissance gr\u00e2ce \u00e0 cette visite. Les survivants ont soutenu &nbsp;les membres de l\u2019association dans leurs efforts \u00e0 construire ce lieu comm\u00e9moratif comme endroit du souvenir et de mise en garde.<br>En 2002, la premi\u00e8re partie de la construction a \u00e9t\u00e9 termin\u00e9e et en 2005, \u00e0 nouveau en pr\u00e9sence des survivants, on a pu inaugurer d\u00e9finitivement les lieux comm\u00e9moratifs.<\/p>\n<\/div><figure class=\"wp-block-media-text__media\" style=\"background-image:url(https:\/\/gedenkstaette-vaihingen.de\/wp-content\/uploads\/2022\/05\/71-1200x364.jpg);background-position:50% 50%\"><img loading=\"lazy\" decoding=\"async\" width=\"1200\" height=\"364\" src=\"https:\/\/gedenkstaette-vaihingen.de\/wp-content\/uploads\/2022\/05\/71-1200x364.jpg\" alt=\"\" class=\"wp-image-2872 size-full\" srcset=\"https:\/\/gedenkstaette-vaihingen.de\/wp-content\/uploads\/2022\/05\/71-1200x364.jpg 1200w, https:\/\/gedenkstaette-vaihingen.de\/wp-content\/uploads\/2022\/05\/71-480x146.jpg 480w, https:\/\/gedenkstaette-vaihingen.de\/wp-content\/uploads\/2022\/05\/71-768x233.jpg 768w, https:\/\/gedenkstaette-vaihingen.de\/wp-content\/uploads\/2022\/05\/71-1536x466.jpg 1536w, https:\/\/gedenkstaette-vaihingen.de\/wp-content\/uploads\/2022\/05\/71-2048x621.jpg 2048w, https:\/\/gedenkstaette-vaihingen.de\/wp-content\/uploads\/2022\/05\/71-1920x582.jpg 1920w\" sizes=\"auto, (max-width: 1200px) 100vw, 1200px\" \/><\/figure><\/div>\n","protected":false},"excerpt":{"rendered":"<p>La ville de Vaihingen\/Enz a invit\u00e9 pour trois jours, en avril 2001, 22 anciens prisonniers ainsi que leurs familles venant de Pologne, des USA, du Canada, de France, de Norv\u00e8ge, de Russie, d\u2019Australie, des Pays&hellip;<\/p>\n","protected":false},"author":1,"featured_media":3325,"parent":4873,"menu_order":3,"comment_status":"closed","ping_status":"closed","template":"","meta":{"_acf_changed":false,"footnotes":""},"class_list":["post-4974","page","type-page","status-publish","has-post-thumbnail","hentry"],"acf":[],"_links":{"self":[{"href":"https:\/\/gedenkstaette-vaihingen.de\/fr\/wp-json\/wp\/v2\/pages\/4974","targetHints":{"allow":["GET"]}}],"collection":[{"href":"https:\/\/gedenkstaette-vaihingen.de\/fr\/wp-json\/wp\/v2\/pages"}],"about":[{"href":"https:\/\/gedenkstaette-vaihingen.de\/fr\/wp-json\/wp\/v2\/types\/page"}],"author":[{"embeddable":true,"href":"https:\/\/gedenkstaette-vaihingen.de\/fr\/wp-json\/wp\/v2\/users\/1"}],"replies":[{"embeddable":true,"href":"https:\/\/gedenkstaette-vaihingen.de\/fr\/wp-json\/wp\/v2\/comments?post=4974"}],"version-history":[{"count":0,"href":"https:\/\/gedenkstaette-vaihingen.de\/fr\/wp-json\/wp\/v2\/pages\/4974\/revisions"}],"up":[{"embeddable":true,"href":"https:\/\/gedenkstaette-vaihingen.de\/fr\/wp-json\/wp\/v2\/pages\/4873"}],"wp:featuredmedia":[{"embeddable":true,"href":"https:\/\/gedenkstaette-vaihingen.de\/fr\/wp-json\/wp\/v2\/media\/3325"}],"wp:attachment":[{"href":"https:\/\/gedenkstaette-vaihingen.de\/fr\/wp-json\/wp\/v2\/media?parent=4974"}],"curies":[{"name":"wp","href":"https:\/\/api.w.org\/{rel}","templated":true}]}}