{"id":4584,"date":"2022-05-11T09:23:10","date_gmt":"2022-05-11T07:23:10","guid":{"rendered":"https:\/\/gedenkstaette-vaihingen.wp1.visual4.de\/ziele-und-aktivitaeten\/"},"modified":"2023-03-30T14:39:49","modified_gmt":"2023-03-30T12:39:49","slug":"ziele-und-aktivitaeten","status":"publish","type":"page","link":"https:\/\/gedenkstaette-vaihingen.de\/fr\/der-verein\/ziele-und-aktivitaeten\/","title":{"rendered":"Les objectifs de l\u2019association"},"content":{"rendered":"\n<ul class=\"wp-block-list\">\n<li>Faire des recherches sur l\u2019histoire du camp<\/li>\n\n\n\n<li>Rendre hommage aux victimes du national-socialisme<\/li>\n\n\n\n<li>Entretenir le m\u00e9morial sur l\u2019ancien terrain du camp de concentration \u00ab&nbsp;<em>Vallon des Pr\u00e9s&nbsp;\u00bb<\/em><\/li>\n\n\n\n<li>Informer les jeunes sur les crimes et les horreurs du syst\u00e8me national-socialiste<\/li>\n\n\n\n<li>Publier des livres, des brochures, des articles, des films sur l\u2019histoire du camp et de ses prisonniers<\/li>\n<\/ul>\n\n\n\n<div class=\"wp-block-v4-bilder-karussel \">\n\n    <!-- Slider main container -->\n    <div class=\"wp-block-v4-bilder-karussel__slider-container swiper-container\">\n\n        <!-- Additional required wrapper -->\n        <figure class=\"wp-block-v4-bilder-karussel__slider-wrapper swiper-wrapper\">\n\n            <!-- Slides -->\n                        <figure class=\"wp-block-v4-bilder-karussel__slide swiper-slide\">\n                <a href=\"https:\/\/gedenkstaette-vaihingen.de\/wp-content\/uploads\/2022\/05\/32-1200x788.jpg\">\n                    <img loading=\"lazy\" decoding=\"async\" width=\"1140\" height=\"749\" src=\"https:\/\/gedenkstaette-vaihingen.de\/wp-content\/uploads\/2022\/05\/32-1200x788.jpg\" class=\"wp-block-v4-bilder-karussel__image\" alt=\"\" srcset=\"https:\/\/gedenkstaette-vaihingen.de\/wp-content\/uploads\/2022\/05\/32-1200x788.jpg 1200w, https:\/\/gedenkstaette-vaihingen.de\/wp-content\/uploads\/2022\/05\/32-480x315.jpg 480w, https:\/\/gedenkstaette-vaihingen.de\/wp-content\/uploads\/2022\/05\/32-768x504.jpg 768w, https:\/\/gedenkstaette-vaihingen.de\/wp-content\/uploads\/2022\/05\/32-1536x1009.jpg 1536w, https:\/\/gedenkstaette-vaihingen.de\/wp-content\/uploads\/2022\/05\/32-2048x1345.jpg 2048w, https:\/\/gedenkstaette-vaihingen.de\/wp-content\/uploads\/2022\/05\/32-1920x1261.jpg 1920w\" sizes=\"auto, (max-width: 1140px) 100vw, 1140px\" \/>\n                <\/a>\n                <p class=\"wp-block-v4-bilder-karussel__slide_caption\">Un s\u00e9minaire pour les professeurs au cimeti\u00e8re \u00e0 Bietigheim en mai 1993<\/p>\n            <\/figure>\n                        <figure class=\"wp-block-v4-bilder-karussel__slide swiper-slide\">\n                <a href=\"https:\/\/gedenkstaette-vaihingen.de\/wp-content\/uploads\/2022\/05\/33.jpg\">\n                    <img loading=\"lazy\" decoding=\"async\" width=\"1099\" height=\"743\" src=\"https:\/\/gedenkstaette-vaihingen.de\/wp-content\/uploads\/2022\/05\/33.jpg\" class=\"wp-block-v4-bilder-karussel__image\" alt=\"\" srcset=\"https:\/\/gedenkstaette-vaihingen.de\/wp-content\/uploads\/2022\/05\/33.jpg 1099w, https:\/\/gedenkstaette-vaihingen.de\/wp-content\/uploads\/2022\/05\/33-480x325.jpg 480w, https:\/\/gedenkstaette-vaihingen.de\/wp-content\/uploads\/2022\/05\/33-768x519.jpg 768w\" sizes=\"auto, (max-width: 1099px) 100vw, 1099px\" \/>\n                <\/a>\n                <p class=\"wp-block-v4-bilder-karussel__slide_caption\">\u00c9change intensif entre les survivants et les citoyens Vaihingen, Avril 2005<\/p>\n            <\/figure>\n                        <figure class=\"wp-block-v4-bilder-karussel__slide swiper-slide\">\n                <a href=\"https:\/\/gedenkstaette-vaihingen.de\/wp-content\/uploads\/2022\/05\/34-1200x798.jpg\">\n                    <img loading=\"lazy\" decoding=\"async\" width=\"1140\" height=\"758\" src=\"https:\/\/gedenkstaette-vaihingen.de\/wp-content\/uploads\/2022\/05\/34-1200x798.jpg\" class=\"wp-block-v4-bilder-karussel__image\" alt=\"\" srcset=\"https:\/\/gedenkstaette-vaihingen.de\/wp-content\/uploads\/2022\/05\/34-1200x798.jpg 1200w, https:\/\/gedenkstaette-vaihingen.de\/wp-content\/uploads\/2022\/05\/34-480x319.jpg 480w, https:\/\/gedenkstaette-vaihingen.de\/wp-content\/uploads\/2022\/05\/34-768x511.jpg 768w, https:\/\/gedenkstaette-vaihingen.de\/wp-content\/uploads\/2022\/05\/34-1536x1021.jpg 1536w, https:\/\/gedenkstaette-vaihingen.de\/wp-content\/uploads\/2022\/05\/34-2048x1362.jpg 2048w, https:\/\/gedenkstaette-vaihingen.de\/wp-content\/uploads\/2022\/05\/34-1920x1277.jpg 1920w\" sizes=\"auto, (max-width: 1140px) 100vw, 1140px\" \/>\n                <\/a>\n                <p class=\"wp-block-v4-bilder-karussel__slide_caption\">Formation r\u00e9guli\u00e8rement propos\u00e9e aux professeurs en pr\u00e9paration d\u2019une visite du m\u00e9morial<\/p>\n            <\/figure>\n                        <figure class=\"wp-block-v4-bilder-karussel__slide swiper-slide\">\n                <a href=\"https:\/\/gedenkstaette-vaihingen.de\/wp-content\/uploads\/2022\/05\/35-1200x798.jpg\">\n                    <img loading=\"lazy\" decoding=\"async\" width=\"1140\" height=\"758\" src=\"https:\/\/gedenkstaette-vaihingen.de\/wp-content\/uploads\/2022\/05\/35-1200x798.jpg\" class=\"wp-block-v4-bilder-karussel__image\" alt=\"\" srcset=\"https:\/\/gedenkstaette-vaihingen.de\/wp-content\/uploads\/2022\/05\/35-1200x798.jpg 1200w, https:\/\/gedenkstaette-vaihingen.de\/wp-content\/uploads\/2022\/05\/35-480x319.jpg 480w, https:\/\/gedenkstaette-vaihingen.de\/wp-content\/uploads\/2022\/05\/35-768x511.jpg 768w, https:\/\/gedenkstaette-vaihingen.de\/wp-content\/uploads\/2022\/05\/35-1536x1021.jpg 1536w, https:\/\/gedenkstaette-vaihingen.de\/wp-content\/uploads\/2022\/05\/35-2048x1362.jpg 2048w, https:\/\/gedenkstaette-vaihingen.de\/wp-content\/uploads\/2022\/05\/35-1920x1277.jpg 1920w\" sizes=\"auto, (max-width: 1140px) 100vw, 1140px\" \/>\n                <\/a>\n                <p class=\"wp-block-v4-bilder-karussel__slide_caption\">Comm\u00e9moration au cimeti\u00e8re du camp de concentration 13 Avril 2008<\/p>\n            <\/figure>\n                        <figure class=\"wp-block-v4-bilder-karussel__slide swiper-slide\">\n                <a href=\"https:\/\/gedenkstaette-vaihingen.de\/wp-content\/uploads\/2022\/05\/36-1200x798.jpg\">\n                    <img loading=\"lazy\" decoding=\"async\" width=\"1140\" height=\"758\" src=\"https:\/\/gedenkstaette-vaihingen.de\/wp-content\/uploads\/2022\/05\/36-1200x798.jpg\" class=\"wp-block-v4-bilder-karussel__image\" alt=\"\" srcset=\"https:\/\/gedenkstaette-vaihingen.de\/wp-content\/uploads\/2022\/05\/36-1200x798.jpg 1200w, https:\/\/gedenkstaette-vaihingen.de\/wp-content\/uploads\/2022\/05\/36-480x319.jpg 480w, https:\/\/gedenkstaette-vaihingen.de\/wp-content\/uploads\/2022\/05\/36-768x511.jpg 768w, https:\/\/gedenkstaette-vaihingen.de\/wp-content\/uploads\/2022\/05\/36-1536x1021.jpg 1536w, https:\/\/gedenkstaette-vaihingen.de\/wp-content\/uploads\/2022\/05\/36-2048x1362.jpg 2048w, https:\/\/gedenkstaette-vaihingen.de\/wp-content\/uploads\/2022\/05\/36-1920x1277.jpg 1920w\" sizes=\"auto, (max-width: 1140px) 100vw, 1140px\" \/>\n                <\/a>\n                <p class=\"wp-block-v4-bilder-karussel__slide_caption\">Pr\u00e9sentation du travail de l\u2019association pendant la journ\u00e9e portes ouvertes (\u201eTag der offenen Torh\u00e4user\u201c) \u00e0 Ludwigsburg en avril 2009<\/p>\n            <\/figure>\n            \n        <\/figure>\n\n    <\/div>\n\n    <!-- Meta bar -->\n    <div class=\"wp-block-v4-bilder-karussel__meta\">\n\n        <div class=\"wp-block-v4-bilder-karussel__pagination Swiper-pagination\"><\/div>\n\n        <div class=\"wp-block-v4-bilder-karussel__navigation swiper-buttons\">\n            <div class=\"wp-block-v4-bilder-karussel__prev swiper-button-prev\"><\/div>\n            <div class=\"wp-block-v4-bilder-karussel__next swiper-button-next\"><\/div>\n        <\/div>\n\n    <\/div>\n\n<\/div>\n\n\n<ul class=\"wp-block-list\">\n<li>Contribuer \u00e0 surmonter les pr\u00e9jug\u00e9s, l\u2019intol\u00e9rance et le fanatisme et \u00e0 \u0153uvrer \u00e0 l\u2019amiti\u00e9 entre les peuples<\/li>\n\n\n\n<li>Collaborer avec d\u2019autres m\u00e9moriaux<\/li>\n\n\n\n<li>Organiser des visites guid\u00e9es, des conf\u00e9rences, des s\u00e9minaires<\/li>\n\n\n\n<li>Aider les professeurs \u00e0 pr\u00e9parer les visites du m\u00e9morial<\/li>\n\n\n\n<li>Etablir et entretenir des contacts avec les survivants et les descendants des anciens prisonniers du camp<\/li>\n<\/ul>\n","protected":false},"excerpt":{"rendered":"","protected":false},"author":1,"featured_media":3289,"parent":4873,"menu_order":1,"comment_status":"closed","ping_status":"closed","template":"","meta":{"_acf_changed":false,"footnotes":""},"class_list":["post-4584","page","type-page","status-publish","has-post-thumbnail","hentry"],"acf":[],"_links":{"self":[{"href":"https:\/\/gedenkstaette-vaihingen.de\/fr\/wp-json\/wp\/v2\/pages\/4584","targetHints":{"allow":["GET"]}}],"collection":[{"href":"https:\/\/gedenkstaette-vaihingen.de\/fr\/wp-json\/wp\/v2\/pages"}],"about":[{"href":"https:\/\/gedenkstaette-vaihingen.de\/fr\/wp-json\/wp\/v2\/types\/page"}],"author":[{"embeddable":true,"href":"https:\/\/gedenkstaette-vaihingen.de\/fr\/wp-json\/wp\/v2\/users\/1"}],"replies":[{"embeddable":true,"href":"https:\/\/gedenkstaette-vaihingen.de\/fr\/wp-json\/wp\/v2\/comments?post=4584"}],"version-history":[{"count":0,"href":"https:\/\/gedenkstaette-vaihingen.de\/fr\/wp-json\/wp\/v2\/pages\/4584\/revisions"}],"up":[{"embeddable":true,"href":"https:\/\/gedenkstaette-vaihingen.de\/fr\/wp-json\/wp\/v2\/pages\/4873"}],"wp:featuredmedia":[{"embeddable":true,"href":"https:\/\/gedenkstaette-vaihingen.de\/fr\/wp-json\/wp\/v2\/media\/3289"}],"wp:attachment":[{"href":"https:\/\/gedenkstaette-vaihingen.de\/fr\/wp-json\/wp\/v2\/media?parent=4584"}],"curies":[{"name":"wp","href":"https:\/\/api.w.org\/{rel}","templated":true}]}}