{"id":4880,"date":"2022-05-11T10:41:29","date_gmt":"2022-05-11T08:41:29","guid":{"rendered":"https:\/\/gedenkstaette-vaihingen.de\/der-verein\/treffen-mit-ueberlebenden-2015\/"},"modified":"2023-03-30T14:43:33","modified_gmt":"2023-03-30T12:43:33","slug":"treffen-mit-ueberlebenden-2015","status":"publish","type":"page","link":"https:\/\/gedenkstaette-vaihingen.de\/en\/der-verein\/treffen-mit-ueberlebenden-2015\/","title":{"rendered":"Meeting with Survivors in 2015"},"content":{"rendered":"\n<h3 class=\"has-text-align-center wp-block-heading\">Meeting on the occasion of the 70th anniversary of the liberation <\/h3>\n\n\n\n<p class=\"has-large-font-size\">In 2015 the 70th anniversary of the liberation of the Vaihingen concentration camp and the end of the Second World War was probably the last opportunity to invite survivors of the camp as guests to Vaihingen. By way of preparation the addresses of 30 former inmates of the camp who were still alive were found.<\/p>\n\n\n\n<p class=\"has-large-font-size\">The City of Vaihingen\/Enz represented by Mayor Gerd Maisch immediately agreed, together with the Memorial Foundation, to extend invitations to them and put together a programme for April 2015.<\/p>\n\n\n\n<p class=\"has-large-font-size\">In the event 8 survivors with their relatives as well as relatives whose father, grandfather or husband had previously died or had died in the camp came to Vaihingen between 9<sup>th<\/sup> and 12<sup>th<\/sup> April 2015. <\/p>\n\n\n\n<div class=\"wp-block-v4-bilder-karussel \">\n\n    <!-- Slider main container -->\n    <div class=\"wp-block-v4-bilder-karussel__slider-container swiper-container\">\n\n        <!-- Additional required wrapper -->\n        <figure class=\"wp-block-v4-bilder-karussel__slider-wrapper swiper-wrapper\">\n\n            <!-- Slides -->\n                        <figure class=\"wp-block-v4-bilder-karussel__slide swiper-slide\">\n                <a href=\"https:\/\/gedenkstaette-vaihingen.de\/wp-content\/uploads\/2022\/05\/55-1200x800.jpg\">\n                    <img loading=\"lazy\" decoding=\"async\" width=\"1140\" height=\"760\" src=\"https:\/\/gedenkstaette-vaihingen.de\/wp-content\/uploads\/2022\/05\/55-1200x800.jpg\" class=\"wp-block-v4-bilder-karussel__image\" alt=\"\" srcset=\"https:\/\/gedenkstaette-vaihingen.de\/wp-content\/uploads\/2022\/05\/55-1200x800.jpg 1200w, https:\/\/gedenkstaette-vaihingen.de\/wp-content\/uploads\/2022\/05\/55-480x320.jpg 480w, https:\/\/gedenkstaette-vaihingen.de\/wp-content\/uploads\/2022\/05\/55-768x512.jpg 768w, https:\/\/gedenkstaette-vaihingen.de\/wp-content\/uploads\/2022\/05\/55-1536x1024.jpg 1536w, https:\/\/gedenkstaette-vaihingen.de\/wp-content\/uploads\/2022\/05\/55-2048x1365.jpg 2048w, https:\/\/gedenkstaette-vaihingen.de\/wp-content\/uploads\/2022\/05\/55-1920x1280.jpg 1920w\" sizes=\"auto, (max-width: 1140px) 100vw, 1140px\" \/>\n                <\/a>\n                <p class=\"wp-block-v4-bilder-karussel__slide_caption\">Polish guests lay wreaths by the memorial stones with victims\u2019 names<\/p>\n            <\/figure>\n                        <figure class=\"wp-block-v4-bilder-karussel__slide swiper-slide\">\n                <a href=\"https:\/\/gedenkstaette-vaihingen.de\/wp-content\/uploads\/2022\/05\/56-1200x942.jpg\">\n                    <img loading=\"lazy\" decoding=\"async\" width=\"1140\" height=\"895\" src=\"https:\/\/gedenkstaette-vaihingen.de\/wp-content\/uploads\/2022\/05\/56-1200x942.jpg\" class=\"wp-block-v4-bilder-karussel__image\" alt=\"\" srcset=\"https:\/\/gedenkstaette-vaihingen.de\/wp-content\/uploads\/2022\/05\/56-1200x942.jpg 1200w, https:\/\/gedenkstaette-vaihingen.de\/wp-content\/uploads\/2022\/05\/56-480x377.jpg 480w, https:\/\/gedenkstaette-vaihingen.de\/wp-content\/uploads\/2022\/05\/56-768x603.jpg 768w, https:\/\/gedenkstaette-vaihingen.de\/wp-content\/uploads\/2022\/05\/56-1536x1206.jpg 1536w, https:\/\/gedenkstaette-vaihingen.de\/wp-content\/uploads\/2022\/05\/56-2048x1608.jpg 2048w, https:\/\/gedenkstaette-vaihingen.de\/wp-content\/uploads\/2022\/05\/56-1631x1280.jpg 1631w\" sizes=\"auto, (max-width: 1140px) 100vw, 1140px\" \/>\n                <\/a>\n                <p class=\"wp-block-v4-bilder-karussel__slide_caption\">Isaak Akerman describes his experiences to pupils<\/p>\n            <\/figure>\n                        <figure class=\"wp-block-v4-bilder-karussel__slide swiper-slide\">\n                <a href=\"https:\/\/gedenkstaette-vaihingen.de\/wp-content\/uploads\/2022\/05\/57-1200x800.jpg\">\n                    <img loading=\"lazy\" decoding=\"async\" width=\"1140\" height=\"760\" src=\"https:\/\/gedenkstaette-vaihingen.de\/wp-content\/uploads\/2022\/05\/57-1200x800.jpg\" class=\"wp-block-v4-bilder-karussel__image\" alt=\"\" srcset=\"https:\/\/gedenkstaette-vaihingen.de\/wp-content\/uploads\/2022\/05\/57-1200x800.jpg 1200w, https:\/\/gedenkstaette-vaihingen.de\/wp-content\/uploads\/2022\/05\/57-480x320.jpg 480w, https:\/\/gedenkstaette-vaihingen.de\/wp-content\/uploads\/2022\/05\/57-768x512.jpg 768w, https:\/\/gedenkstaette-vaihingen.de\/wp-content\/uploads\/2022\/05\/57-1536x1024.jpg 1536w, https:\/\/gedenkstaette-vaihingen.de\/wp-content\/uploads\/2022\/05\/57-2048x1365.jpg 2048w, https:\/\/gedenkstaette-vaihingen.de\/wp-content\/uploads\/2022\/05\/57-1920x1280.jpg 1920w\" sizes=\"auto, (max-width: 1140px) 100vw, 1140px\" \/>\n                <\/a>\n                <p class=\"wp-block-v4-bilder-karussel__slide_caption\">Chairman Bernd Freckmann with survivor Benjamin Zysman<\/p>\n            <\/figure>\n                        <figure class=\"wp-block-v4-bilder-karussel__slide swiper-slide\">\n                <a href=\"https:\/\/gedenkstaette-vaihingen.de\/wp-content\/uploads\/2022\/05\/58-1200x800.jpg\">\n                    <img loading=\"lazy\" decoding=\"async\" width=\"1140\" height=\"760\" src=\"https:\/\/gedenkstaette-vaihingen.de\/wp-content\/uploads\/2022\/05\/58-1200x800.jpg\" class=\"wp-block-v4-bilder-karussel__image\" alt=\"\" srcset=\"https:\/\/gedenkstaette-vaihingen.de\/wp-content\/uploads\/2022\/05\/58-1200x800.jpg 1200w, https:\/\/gedenkstaette-vaihingen.de\/wp-content\/uploads\/2022\/05\/58-480x320.jpg 480w, https:\/\/gedenkstaette-vaihingen.de\/wp-content\/uploads\/2022\/05\/58-768x512.jpg 768w, https:\/\/gedenkstaette-vaihingen.de\/wp-content\/uploads\/2022\/05\/58-1536x1024.jpg 1536w, https:\/\/gedenkstaette-vaihingen.de\/wp-content\/uploads\/2022\/05\/58-2048x1365.jpg 2048w, https:\/\/gedenkstaette-vaihingen.de\/wp-content\/uploads\/2022\/05\/58-1920x1280.jpg 1920w\" sizes=\"auto, (max-width: 1140px) 100vw, 1140px\" \/>\n                <\/a>\n                <p class=\"wp-block-v4-bilder-karussel__slide_caption\">Isaak Akerman and Jules Schelvis (\u2020) in the information room<\/p>\n            <\/figure>\n                        <figure class=\"wp-block-v4-bilder-karussel__slide swiper-slide\">\n                <a href=\"https:\/\/gedenkstaette-vaihingen.de\/wp-content\/uploads\/2022\/05\/59-1200x800.jpg\">\n                    <img loading=\"lazy\" decoding=\"async\" width=\"1140\" height=\"760\" src=\"https:\/\/gedenkstaette-vaihingen.de\/wp-content\/uploads\/2022\/05\/59-1200x800.jpg\" class=\"wp-block-v4-bilder-karussel__image\" alt=\"\" srcset=\"https:\/\/gedenkstaette-vaihingen.de\/wp-content\/uploads\/2022\/05\/59-1200x800.jpg 1200w, https:\/\/gedenkstaette-vaihingen.de\/wp-content\/uploads\/2022\/05\/59-480x320.jpg 480w, https:\/\/gedenkstaette-vaihingen.de\/wp-content\/uploads\/2022\/05\/59-768x512.jpg 768w, https:\/\/gedenkstaette-vaihingen.de\/wp-content\/uploads\/2022\/05\/59-1536x1024.jpg 1536w, https:\/\/gedenkstaette-vaihingen.de\/wp-content\/uploads\/2022\/05\/59-2048x1365.jpg 2048w, https:\/\/gedenkstaette-vaihingen.de\/wp-content\/uploads\/2022\/05\/59-1920x1280.jpg 1920w\" sizes=\"auto, (max-width: 1140px) 100vw, 1140px\" \/>\n                <\/a>\n                <p class=\"wp-block-v4-bilder-karussel__slide_caption\">During the exhibition in St. Peter\u2019s Church<\/p>\n            <\/figure>\n            \n        <\/figure>\n\n    <\/div>\n\n    <!-- Meta bar -->\n    <div class=\"wp-block-v4-bilder-karussel__meta\">\n\n        <div class=\"wp-block-v4-bilder-karussel__pagination Swiper-pagination\"><\/div>\n\n        <div class=\"wp-block-v4-bilder-karussel__navigation swiper-buttons\">\n            <div class=\"wp-block-v4-bilder-karussel__prev swiper-button-prev\"><\/div>\n            <div class=\"wp-block-v4-bilder-karussel__next swiper-button-next\"><\/div>\n        <\/div>\n\n    <\/div>\n\n<\/div>\n\n\n<h5 class=\"wp-block-heading\"><strong>Participants from 8 countries<\/strong><\/h5>\n\n\n\n<div class=\"wp-block-columns is-layout-flex wp-container-core-columns-is-layout-28f84493 wp-block-columns-is-layout-flex\">\n<div class=\"wp-block-column is-layout-flow wp-block-column-is-layout-flow\" style=\"flex-basis:100%\">\n<p>From Poland came <strong>Boleslaw Urbanski, Jerzy Wojciewski<\/strong> and <strong>Eugeniusz Dabrowski<\/strong>, all three of whom live in Warsaw as of 2015. <strong>Isaak Akerman<\/strong>, who was born in Danzig, and his wife Rachel came over from Haifa in Israel.<\/p>\n<\/div>\n<\/div>\n\n\n\n<div class=\"wp-block-columns is-layout-flex wp-container-core-columns-is-layout-28f84493 wp-block-columns-is-layout-flex\">\n<div class=\"wp-block-column is-layout-flow wp-block-column-is-layout-flow\">\n<p>94 year old <strong>Jules Schelvis<\/strong>, who as of 2015 lives in Amstelveen and who has been closely connected with the memorial for many years and has visited a number of times, came to Vaihingen to commemorate the anniversary. Together with their relatives, <strong>Manny Steinberg, Benjamin Zysman and Ted Weisbord<\/strong> flew in from the U.S.A. to visit the scene of their terrible suffering.<\/p>\n<\/div>\n\n\n\n<div class=\"wp-block-column is-layout-flow wp-block-column-is-layout-flow\">\n<figure class=\"wp-block-image size-full\"><img loading=\"lazy\" decoding=\"async\" width=\"600\" height=\"400\" src=\"https:\/\/gedenkstaette-vaihingen.de\/wp-content\/uploads\/2022\/10\/GeF_07.jpg\" alt=\"\" class=\"wp-image-4411\" srcset=\"https:\/\/gedenkstaette-vaihingen.de\/wp-content\/uploads\/2022\/10\/GeF_07.jpg 600w, https:\/\/gedenkstaette-vaihingen.de\/wp-content\/uploads\/2022\/10\/GeF_07-480x320.jpg 480w\" sizes=\"auto, (max-width: 600px) 100vw, 600px\" \/><figcaption class=\"wp-element-caption\">Isaak Akerman and Jules Schelvis in the information room<\/figcaption><\/figure>\n<\/div>\n<\/div>\n\n\n\n<h5 class=\"wp-block-heading\">\u00dcberlebende treffen Sch\u00fcler<\/h5>\n\n\n\n<div class=\"wp-block-columns is-layout-flex wp-container-core-columns-is-layout-28f84493 wp-block-columns-is-layout-flex\">\n<div class=\"wp-block-column is-layout-flow wp-block-column-is-layout-flow\">\n<figure class=\"wp-block-image size-large\"><img loading=\"lazy\" decoding=\"async\" width=\"1200\" height=\"942\" src=\"https:\/\/gedenkstaette-vaihingen.de\/wp-content\/uploads\/2022\/10\/27_Gedenkstaette46-1200x942.jpg\" alt=\"\" class=\"wp-image-4360\" srcset=\"https:\/\/gedenkstaette-vaihingen.de\/wp-content\/uploads\/2022\/10\/27_Gedenkstaette46-1200x942.jpg 1200w, https:\/\/gedenkstaette-vaihingen.de\/wp-content\/uploads\/2022\/10\/27_Gedenkstaette46-480x377.jpg 480w, https:\/\/gedenkstaette-vaihingen.de\/wp-content\/uploads\/2022\/10\/27_Gedenkstaette46-768x603.jpg 768w, https:\/\/gedenkstaette-vaihingen.de\/wp-content\/uploads\/2022\/10\/27_Gedenkstaette46-1536x1206.jpg 1536w, https:\/\/gedenkstaette-vaihingen.de\/wp-content\/uploads\/2022\/10\/27_Gedenkstaette46-2048x1608.jpg 2048w, https:\/\/gedenkstaette-vaihingen.de\/wp-content\/uploads\/2022\/10\/27_Gedenkstaette46-1631x1280.jpg 1631w\" sizes=\"auto, (max-width: 1200px) 100vw, 1200px\" \/><\/figure>\n<\/div>\n\n\n\n<div class=\"wp-block-column is-layout-flow wp-block-column-is-layout-flow\">\n<p>Rund 1,5 Stunden standen die 8 \u00dcberlebenden am <strong>Freitag, dem 10. April<\/strong> den rund 70 Sch\u00fclern des Stromberg &#8211; und des Friedrich &#8211; Abel Gymnasiums Vaihingen\/Enz Rede und Antwort. Die motivierten und informierten Sch\u00fcler, die entweder in zwei Theaterprojekten sich mit der Thematik befassen oder f\u00fcr den Unterricht die wohl einmalige Gelegenheit einer etwas &#8220;anderen Geschichtsstunde&#8221; in den Ferien beim Schopfe packten, waren von den Ausf\u00fchrungen der ehemaligen H\u00e4ftlinge tief beeindruckt. <\/p>\n<\/div>\n<\/div>\n\n\n\n<p>Vor allem davon, dass diese ihnen mit viel Herzlichkeit und vorbehaltlos entgegentraten, \u00fcberraschte sie ebenso wie die eigenen Familienangeh\u00f6rigen. Der <strong>\u00dcberlebende<\/strong> <strong>Benjamin Zysman<\/strong> danach gefragt, wie er es geschafft habe, zu \u00fcberleben, f\u00fchrte aus, dass ein Hauptgrund der war, das Unfassbare der Nachwelt weiterzuvermitteln.<\/p>\n\n\n\n<div class=\"wp-block-media-text has-media-on-the-right is-stacked-on-mobile is-vertically-aligned-top\" style=\"grid-template-columns:auto 57%\"><div class=\"wp-block-media-text__content\">\n<h5 class=\"has-text-align-left has-extra-large-font-size wp-block-heading\">Official greeting<\/h5>\n\n\n\n<p>The significance and warm atmosphere of the meeting, which falls back on a long tradition, became especially apparent on 11th April 2015 during the official welcome ceremony in the L\u00f6wensaal of the City Assembly Hall.<\/p>\n\n\n\n<div class=\"wp-block-columns is-layout-flex wp-container-core-columns-is-layout-28f84493 wp-block-columns-is-layout-flex\">\n<div class=\"wp-block-column is-layout-flow wp-block-column-is-layout-flow\">\n<div class=\"wp-block-columns is-layout-flex wp-container-core-columns-is-layout-28f84493 wp-block-columns-is-layout-flex\">\n<div class=\"wp-block-column is-layout-flow wp-block-column-is-layout-flow\">\n<p>In a very personal speech, survivor Isaak Akermann stressed how important the visit was for the survivors themselves and referred to the respect in which he holds both the long-lasting hospitality of the City of Vaihingen\/Enz and above all the dedication and work of the members of the memorial team.<br><br>In an emotional speech Ms. Wendelgard von Staden focussed on the fact that her generation had built up a different Germany, that soon there would be no more survivors and witnesses to tell their story first-hand and that therefore this meeting was unique and would probably be the last of its kind. She thanked the survivors for not having rejecting the efforts of the City and the Memorial Foundation at reconciliation and for having the courage to accept the invitation.<\/p>\n<\/div>\n<\/div>\n<\/div>\n<\/div>\n<\/div><figure class=\"wp-block-media-text__media\"><img loading=\"lazy\" decoding=\"async\" width=\"341\" height=\"480\" src=\"https:\/\/gedenkstaette-vaihingen.de\/wp-content\/uploads\/2022\/10\/OW_04_Isaak-341x480.jpg\" alt=\"\" class=\"wp-image-4366 size-medium\" srcset=\"https:\/\/gedenkstaette-vaihingen.de\/wp-content\/uploads\/2022\/10\/OW_04_Isaak-341x480.jpg 341w, https:\/\/gedenkstaette-vaihingen.de\/wp-content\/uploads\/2022\/10\/OW_04_Isaak.jpg 426w\" sizes=\"auto, (max-width: 341px) 100vw, 341px\" \/><\/figure><\/div>\n\n\n\n<div class=\"wp-block-columns is-layout-flex wp-container-core-columns-is-layout-28f84493 wp-block-columns-is-layout-flex\">\n<div class=\"wp-block-column is-layout-flow wp-block-column-is-layout-flow\">\n<p><\/p>\n<\/div>\n<\/div>\n\n\n\n<h5 class=\"wp-block-heading\">The commemoration ceremony<\/h5>\n\n\n\n<div class=\"wp-block-columns is-layout-flex wp-container-core-columns-is-layout-28f84493 wp-block-columns-is-layout-flex\">\n<div class=\"wp-block-column is-layout-flow wp-block-column-is-layout-flow\">\n<p>The real climax of the visit was, however, undoubtedly the memorial commemoration at the cemetery of honour of the former concentration camp which took place on <strong>Sunday, 12<sup>th<\/sup> April at 11<\/strong> a.m. Through attending this hour-long and dignified commemoration the 300 participants sent out a clear signal for tolerance and human dignity. They had come to remember the 1700 victims of Vaihingen concentration camp and the unimaginable suffering that the Nazis had subjected them to.<\/p>\n<\/div>\n<\/div>\n\n\n\n<div class=\"wp-block-group is-layout-flow wp-block-group-is-layout-flow\">\n<div class=\"wp-block-columns is-layout-flex wp-container-core-columns-is-layout-28f84493 wp-block-columns-is-layout-flex\">\n<div class=\"wp-block-column is-layout-flow wp-block-column-is-layout-flow\" style=\"flex-basis:50%\">\n<figure class=\"wp-block-image size-full\"><img loading=\"lazy\" decoding=\"async\" width=\"600\" height=\"400\" src=\"https:\/\/gedenkstaette-vaihingen.de\/wp-content\/uploads\/2022\/10\/GeF_02.jpg\" alt=\"\" class=\"wp-image-4371\" srcset=\"https:\/\/gedenkstaette-vaihingen.de\/wp-content\/uploads\/2022\/10\/GeF_02.jpg 600w, https:\/\/gedenkstaette-vaihingen.de\/wp-content\/uploads\/2022\/10\/GeF_02-480x320.jpg 480w\" sizes=\"auto, (max-width: 600px) 100vw, 600px\" \/><figcaption class=\"wp-element-caption\">Chairman Bernd Freckmann with survivor Manny Steinberg<\/figcaption><\/figure>\n<\/div>\n\n\n\n<div class=\"wp-block-column is-layout-flow wp-block-column-is-layout-flow\" style=\"flex-basis:50%\">\n<p>For the 8 survivors and their families present as well as the relatives of other former inmates who had travelled specially from Poland, the U.S.A. Norway and Germany this great response and the efforts of the Vaihingen\/Enz Memorial Foundation was an important confirmation that the events that took place at Vaihingen concentration camp and its victims would not be forgotten and that there would be no end to the historical treatment and investigation into the inconceivable deeds and actions of those days.<\/p>\n<\/div>\n<\/div>\n<\/div>\n\n\n\n<div class=\"wp-block-columns is-layout-flex wp-container-core-columns-is-layout-28f84493 wp-block-columns-is-layout-flex\">\n<div class=\"wp-block-column is-layout-flow wp-block-column-is-layout-flow\">\n<p><strong>Survivor Boleslaw Urbanski<\/strong> from Warsaw called in his speech upon the living to show more harmony, understanding and solidarity. People should show respect for the dead and honour the memory of the events and the victims. Literally, he said, \u201cToday there is no reason to make accusations; it is not a question of revenge or apportioning blame for past deeds. The time has come for reconciliation. The most important thing is to tend truthful memory and the frank expression of what one experienced. (\u2026) Hatred leads nowhere; harmony and understanding are what really matter.\u201d<\/p>\n<\/div>\n\n\n\n<div class=\"wp-block-column is-layout-flow wp-block-column-is-layout-flow\">\n<figure class=\"wp-block-image size-full\"><img loading=\"lazy\" decoding=\"async\" width=\"600\" height=\"400\" src=\"https:\/\/gedenkstaette-vaihingen.de\/wp-content\/uploads\/2022\/10\/GeF_01.jpg\" alt=\"\" class=\"wp-image-4375\" srcset=\"https:\/\/gedenkstaette-vaihingen.de\/wp-content\/uploads\/2022\/10\/GeF_01.jpg 600w, https:\/\/gedenkstaette-vaihingen.de\/wp-content\/uploads\/2022\/10\/GeF_01-480x320.jpg 480w\" sizes=\"auto, (max-width: 600px) 100vw, 600px\" \/><figcaption class=\"wp-element-caption\">Boleslaw Urbanski (left) at the memorial commemoration<\/figcaption><\/figure>\n<\/div>\n<\/div>\n\n\n\n<div class=\"wp-block-columns is-layout-flex wp-container-core-columns-is-layout-28f84493 wp-block-columns-is-layout-flex\">\n<div class=\"wp-block-column is-layout-flow wp-block-column-is-layout-flow\">\n<p>After this, the participants commemorated the victims in their different ways: through Christian prayer; the Jewish Kaddish was spoken by <strong>survivor Benjamin Zysman<\/strong> from the U.S.A.; while roses were placed in silent remembrance on the graves.<\/p>\n<\/div>\n<\/div>\n\n\n\n<div class=\"wp-block-columns is-layout-flex wp-container-core-columns-is-layout-28f84493 wp-block-columns-is-layout-flex\">\n<div class=\"wp-block-column is-layout-flow wp-block-column-is-layout-flow\">\n<figure class=\"wp-block-image size-full\"><img loading=\"lazy\" decoding=\"async\" width=\"400\" height=\"600\" src=\"https:\/\/gedenkstaette-vaihingen.de\/wp-content\/uploads\/2022\/10\/IMG_3929.jpg\" alt=\"\" class=\"wp-image-4403\" srcset=\"https:\/\/gedenkstaette-vaihingen.de\/wp-content\/uploads\/2022\/10\/IMG_3929.jpg 400w, https:\/\/gedenkstaette-vaihingen.de\/wp-content\/uploads\/2022\/10\/IMG_3929-320x480.jpg 320w\" sizes=\"auto, (max-width: 400px) 100vw, 400px\" \/><\/figure>\n<\/div>\n\n\n\n<div class=\"wp-block-column is-layout-flow wp-block-column-is-layout-flow\">\n<p>The many encounters and intensive conversations between City representatives, the City Council and the Vaihingen\/Enz Memorial Foundation on the one hand and the survivors and families on the other during meals and the various events deepened the relations and friendship and formed the basis for the frank and cordial atmosphere of the whole event. Mainly responsible for its success were the participation of Mayor Maisch and the excellent organisation by the Vaihingen\/Enz press officer, Ms. Fischer, and her team.<\/p>\n<\/div>\n<\/div>\n\n\n\n<div class=\"wp-block-group is-layout-flow wp-block-group-is-layout-flow\">\n<div style=\"height:53px\" aria-hidden=\"true\" class=\"wp-block-spacer\"><\/div>\n<\/div>\n\n\n\n<div class=\"wp-block-group is-layout-flow wp-block-group-is-layout-flow\">\n<div class=\"wp-block-columns alignwide is-layout-flex wp-container-core-columns-is-layout-28f84493 wp-block-columns-is-layout-flex\">\n<div class=\"wp-block-column is-layout-flow wp-block-column-is-layout-flow\"><\/div>\n\n\n\n<div class=\"wp-block-column is-layout-flow wp-block-column-is-layout-flow\"><\/div>\n<\/div>\n<\/div>\n","protected":false},"excerpt":{"rendered":"<p>Meeting on the occasion of the 70th anniversary of the liberation In 2015 the 70th anniversary of the liberation of the Vaihingen concentration camp and the end of the Second World War was probably the&hellip;<\/p>\n","protected":false},"author":1,"featured_media":3357,"parent":4525,"menu_order":5,"comment_status":"closed","ping_status":"closed","template":"","meta":{"_acf_changed":false,"footnotes":""},"class_list":["post-4880","page","type-page","status-publish","has-post-thumbnail","hentry"],"acf":[],"_links":{"self":[{"href":"https:\/\/gedenkstaette-vaihingen.de\/en\/wp-json\/wp\/v2\/pages\/4880","targetHints":{"allow":["GET"]}}],"collection":[{"href":"https:\/\/gedenkstaette-vaihingen.de\/en\/wp-json\/wp\/v2\/pages"}],"about":[{"href":"https:\/\/gedenkstaette-vaihingen.de\/en\/wp-json\/wp\/v2\/types\/page"}],"author":[{"embeddable":true,"href":"https:\/\/gedenkstaette-vaihingen.de\/en\/wp-json\/wp\/v2\/users\/1"}],"replies":[{"embeddable":true,"href":"https:\/\/gedenkstaette-vaihingen.de\/en\/wp-json\/wp\/v2\/comments?post=4880"}],"version-history":[{"count":0,"href":"https:\/\/gedenkstaette-vaihingen.de\/en\/wp-json\/wp\/v2\/pages\/4880\/revisions"}],"up":[{"embeddable":true,"href":"https:\/\/gedenkstaette-vaihingen.de\/en\/wp-json\/wp\/v2\/pages\/4525"}],"wp:featuredmedia":[{"embeddable":true,"href":"https:\/\/gedenkstaette-vaihingen.de\/en\/wp-json\/wp\/v2\/media\/3357"}],"wp:attachment":[{"href":"https:\/\/gedenkstaette-vaihingen.de\/en\/wp-json\/wp\/v2\/media?parent=4880"}],"curies":[{"name":"wp","href":"https:\/\/api.w.org\/{rel}","templated":true}]}}